{"id":16161,"date":"2022-05-30T09:14:13","date_gmt":"2022-05-30T07:14:13","guid":{"rendered":"https:\/\/www.raschvin.com\/vare\/le-gin-calvados-finish-christian-drouin\/"},"modified":"2022-11-23T08:33:07","modified_gmt":"2022-11-23T07:33:07","slug":"le-gin-calvados-finish-christian-drouin","status":"publish","type":"product","link":"https:\/\/www.raschvin.com\/sv\/produkt\/le-gin-calvados-finish-christian-drouin\/","title":{"rendered":"Le Gin &#8211; Calvados Finish 70 cl. 42%"},"content":{"rendered":"<p>Gjord p\u00e5 grundval av 30 olika \u00e4pplesorter, med lagring p\u00e5 gamla kalvadosr\u00e4tter, vilket s\u00e4kerst\u00e4ller Le Gin stor djup och komplexitet, naturligtvis med tydliga toner av \u00e4pplen. Rosenblade och citronskal, brasiliansk ginger, madagaskaranillje, indonesisk kanel och mandel g\u00f6r gin mjuk, kryddig och rund och kardemumma ger en fruktig och full smak.<\/p>\n<p>Som chef f\u00f6r Christian Drouin Calvados har Guillaume Drouin alltid varit fascinerad av att hitta r\u00e4tt balans mellan de olika aromerna. Guillaume Drouins f\u00f6rm\u00e5ga i omr\u00e5det har gett honom smeknamnet alkemist i branschen. Guillaume \u00e4r 3 generationens \u00e4ttling av kristen druin den \u00e4ldre. Guillaume Drouin \u00e4r utbildad och efter att ha behandlat Romproduktion kom han tillbaka till Christian Drouin Calvados 2004. H\u00e4r har han sedan arbetat med sin far Christian Drouin den yngre med lagring av Vintage Calvados, liksom produktion av cider, Pommeau och Calvados i absolut v\u00e4rldsklass. Christian Drouin Calvados har vunnit 177 guldmedaljer f\u00f6r sina produkter, inklusive titeln som Europas b\u00e4sta sprittillverkare 2013 p\u00e5 IWSC. I London. Gjord p\u00e5 grundval av cider gjord av m\u00e5nga olika \u00e4ppelvarianter av den ledande cider- och calvados tillverkaren Christian Drouin i Normandie. Gin har lagrat 6 m\u00e5nader i 10 \u00e5r gamla burgundiga grisar d\u00e4r Calvados har lagrats om 10 \u00e5r. De falsna g\u00f6r ginen blir mer rik, kr\u00e4mig och Apple Mag blir mer intensiv. En stor gin, som tillsammans med Bon Accord Tonic och Garnish med en skiva av gr\u00f6na \u00e4pple och isbitar utg\u00f6r en fantastisk cocktail.<\/p>\n","protected":false},"excerpt":{"rendered":"<p>Christian Drouin &#8211; French Premium Gin<\/p>\n","protected":false},"featured_media":2696,"template":"","meta":{"_acf_changed":false,"rs_blank_template":"","rs_page_bg_color":"","slide_template_v7":""},"product_brand":[],"product_cat":[2402,2404,4711],"product_tag":[],"class_list":{"0":"post-16161","1":"product","2":"type-product","3":"status-publish","4":"has-post-thumbnail","6":"product_cat-sprit-sv","7":"product_cat-gin-sv","8":"product_cat-andra-gins","9":"pa_land-frankrike","10":"pa_procent-42-sv","11":"pa_producent-christian-drouin-sv","12":"pa_volume-70-sv-2","14":"first","15":"instock","16":"taxable","17":"shipping-taxable","18":"purchasable","19":"product-type-simple"},"bundled_by":[],"bundle_stock_status":"instock","bundle_stock_quantity":null,"bundle_virtual":false,"bundle_layout":"","bundle_add_to_cart_form_location":"","bundle_editable_in_cart":false,"bundle_sold_individually_context":"","bundle_item_grouping":"","bundle_min_size":"","bundle_max_size":"","bundle_price":[],"bundled_items":[],"bundle_sell_ids":[],"acf":[],"_links":{"self":[{"href":"https:\/\/www.raschvin.com\/sv\/wp-json\/wp\/v2\/product\/16161","targetHints":{"allow":["GET"]}}],"collection":[{"href":"https:\/\/www.raschvin.com\/sv\/wp-json\/wp\/v2\/product"}],"about":[{"href":"https:\/\/www.raschvin.com\/sv\/wp-json\/wp\/v2\/types\/product"}],"wp:featuredmedia":[{"embeddable":true,"href":"https:\/\/www.raschvin.com\/sv\/wp-json\/wp\/v2\/media\/2696"}],"wp:attachment":[{"href":"https:\/\/www.raschvin.com\/sv\/wp-json\/wp\/v2\/media?parent=16161"}],"wp:term":[{"taxonomy":"product_brand","embeddable":true,"href":"https:\/\/www.raschvin.com\/sv\/wp-json\/wp\/v2\/product_brand?post=16161"},{"taxonomy":"product_cat","embeddable":true,"href":"https:\/\/www.raschvin.com\/sv\/wp-json\/wp\/v2\/product_cat?post=16161"},{"taxonomy":"product_tag","embeddable":true,"href":"https:\/\/www.raschvin.com\/sv\/wp-json\/wp\/v2\/product_tag?post=16161"}],"curies":[{"name":"wp","href":"https:\/\/api.w.org\/{rel}","templated":true}]}}