{"id":16157,"date":"2023-03-01T21:24:13","date_gmt":"2023-03-01T20:24:13","guid":{"rendered":"https:\/\/www.raschvin.com\/vare\/cartavio-x-o-18-years\/"},"modified":"2025-10-02T09:31:44","modified_gmt":"2025-10-02T07:31:44","slug":"cartavio-x-o-18-years","status":"publish","type":"product","link":"https:\/\/www.raschvin.com\/sv\/produkt\/cartavio-x-o-18-years\/","title":{"rendered":"Cartavio X.O. 18 Years 70 cl. 40%"},"content":{"rendered":"<p>Doften \u00e4r komplex och sofistikerad, robust och \u00e4nd\u00e5 v\u00e4ldigt mjuk. Spicy och torkad frukt, vanilj och choklad. I smaken finns toffee, butterscotch, demerara, honung, vanilj, persika, apelsinskal, tropisk frukt, choklad, s\u00f6t tee. Eftermapen \u00e4r d\u00e4r karamelll, vanilj, sm\u00f6r, nutty, med en mycket l\u00e5ng eftersmak.<\/p>\n<p>V\u00e4rldens b\u00e4sta Rome &#8221;i b\u00e5de 2015 och 2016 p\u00e5 San Francisco World Spirits t\u00e4vling. I den b\u00f6rdiga Chicama-dalen p\u00e5 Peru&#8217;s North Coast ligger Cartavio Distiller. Det geografiska l\u00e4get \u00e4r perfekt f\u00f6r sk\u00f6rden av sockerarterna, som du anv\u00e4nder i produktion , liksom det kristallklara och rena vattnet som kommer att springa fr\u00e5n Andes. Men det \u00e4r inte bara detta som g\u00f6r Cartavio en av v\u00e4rldens allra b\u00e4sta Rom. Peruvierna v\u00e4ljer ocks\u00e5 mycket f\u00f6rsiktig de r\u00e4tta ekfatet till de olika romblendorna. H\u00e4r anv\u00e4nds b\u00e5de franska, amerikanska och slovenska ek, innan du fyller i f\u00f6rvaring och blandning via Solera \/ Criraderas-metoden. Cartavio Xo 18 yo, 40%, 75 cls: vinnare av Miami Rum Festival 2015 i premium \u00e4ldre rum kategori i t\u00e4vling med v\u00e4rldens b\u00e4sta Lagrad Rom. Cartavio Xo har lagrat p\u00e5 r\u00e4tter mellan 10 och 30 \u00e5r, och medel\u00e5ldern \u00e4r 18 \u00e5r n\u00e4r de tillverkas via Solera \/ CriraDa-metoden. Rummet har ocks\u00e5 vunnit m\u00e5nga andra skillnader, inklusive den h\u00f6gsta skillnaden, 2- Guld i femtio b\u00e4sta rum, med kommentaren &#8221;Enast\u00e5ende, perfekt&#8221;.<\/p>\n","protected":false},"excerpt":{"rendered":"<p>Premium Aged Rum &#8211; Peru<\/p>\n","protected":false},"featured_media":34072,"template":"","meta":{"_acf_changed":false,"rs_blank_template":"","rs_page_bg_color":"","slide_template_v7":""},"product_brand":[],"product_cat":[2387,2391,4634],"product_tag":[],"class_list":{"0":"post-16157","1":"product","2":"type-product","3":"status-publish","4":"has-post-thumbnail","6":"product_cat-avec-sv","7":"product_cat-rom-sv","8":"product_cat-premium-aged-sv","9":"pa_land-peru-sv","10":"pa_procent-40-sv-2","11":"pa_producent-cartavio-rum-company-sv","12":"pa_volume-70-sv-2","14":"first","15":"instock","16":"sale","17":"taxable","18":"shipping-taxable","19":"purchasable","20":"product-type-simple"},"bundled_by":[],"bundle_stock_status":"instock","bundle_stock_quantity":null,"bundle_virtual":false,"bundle_layout":"","bundle_add_to_cart_form_location":"","bundle_editable_in_cart":false,"bundle_sold_individually_context":"","bundle_item_grouping":"","bundle_min_size":"","bundle_max_size":"","bundle_price":[],"bundled_items":[],"bundle_sell_ids":[],"acf":[],"_links":{"self":[{"href":"https:\/\/www.raschvin.com\/sv\/wp-json\/wp\/v2\/product\/16157","targetHints":{"allow":["GET"]}}],"collection":[{"href":"https:\/\/www.raschvin.com\/sv\/wp-json\/wp\/v2\/product"}],"about":[{"href":"https:\/\/www.raschvin.com\/sv\/wp-json\/wp\/v2\/types\/product"}],"wp:featuredmedia":[{"embeddable":true,"href":"https:\/\/www.raschvin.com\/sv\/wp-json\/wp\/v2\/media\/34072"}],"wp:attachment":[{"href":"https:\/\/www.raschvin.com\/sv\/wp-json\/wp\/v2\/media?parent=16157"}],"wp:term":[{"taxonomy":"product_brand","embeddable":true,"href":"https:\/\/www.raschvin.com\/sv\/wp-json\/wp\/v2\/product_brand?post=16157"},{"taxonomy":"product_cat","embeddable":true,"href":"https:\/\/www.raschvin.com\/sv\/wp-json\/wp\/v2\/product_cat?post=16157"},{"taxonomy":"product_tag","embeddable":true,"href":"https:\/\/www.raschvin.com\/sv\/wp-json\/wp\/v2\/product_tag?post=16157"}],"curies":[{"name":"wp","href":"https:\/\/api.w.org\/{rel}","templated":true}]}}