{"id":16156,"date":"2022-05-30T09:14:13","date_gmt":"2022-05-30T07:14:13","guid":{"rendered":"https:\/\/www.raschvin.com\/vare\/xante-dark-chocolate-cognac-pear\/"},"modified":"2022-12-13T14:34:47","modified_gmt":"2022-12-13T13:34:47","slug":"xante-dark-chocolate-cognac-pear","status":"publish","type":"product","link":"https:\/\/www.raschvin.com\/sv\/produkt\/xante-dark-chocolate-cognac-pear\/","title":{"rendered":"Xant\u00e9 Dark Chocolate &#038; Pear 50 cl. 35%"},"content":{"rendered":"<p>Denna Xant\u00e9 Dark Chocolate &#038; Pear \u00e4r baserad p\u00e5 den ursprungliga basen fr\u00e5n Xant\u00e9 Cognac &#038; Pear, till vilken en m\u00f6rk choklad och en str\u00f6m av vanilj har lagts till.<\/p>\n<p>Basen \u00e4r gjord som en lik\u00f6rs specialitet, d\u00e4r konjak och p\u00e4rrmedel blandas till perfektion och expanderas med smaklistor av choklad och slutlig vanilj.<\/p>\n<p>Xant\u00e9 m\u00f6rk choklad och p\u00e4ron kan avnjutas ensam med isbitar, men \u00e4r ocks\u00e5 formell som en m\u00e5ngsidig mixer i b\u00e5de kalla och varma drycker.<\/p>\n<p>En v\u00e4ldigt stilig p\u00e4ronlik\u00f6r fr\u00e5n Xant\u00e9. Denna \u00e4r gjord med p\u00e4ronextrakt fr\u00e5n Liege och konjak av h\u00f6gsta kvalitet. Den skapades av Richard Heinrich, en m\u00e4starblandare p\u00e5 Maison Heinrich Liquoristerie Artisanale och den \u00e4r blandad med konjak fr\u00e5n Distillerie des Moisans i Sireul.<\/p>\n","protected":false},"excerpt":{"rendered":"<p>Premium Spirit \u2013 \u201cCognac Liqueur\u201d<\/p>\n","protected":false},"featured_media":31140,"template":"","meta":{"_acf_changed":false,"rs_blank_template":"","rs_page_bg_color":"","slide_template_v7":""},"product_brand":[],"product_cat":[2387,2390,4670,4676,4716],"product_tag":[],"class_list":{"0":"post-16156","1":"product","2":"type-product","3":"status-publish","4":"has-post-thumbnail","6":"product_cat-avec-sv","7":"product_cat-sprit","8":"product_cat-frukt","9":"product_cat-choklad","10":"product_cat-andra-likorer","11":"pa_land-sverige-sv","12":"pa_procent-38-sv","13":"pa_producent-anora-sv","14":"pa_volume-50-sv","16":"first","17":"instock","18":"sale","19":"taxable","20":"shipping-taxable","21":"purchasable","22":"product-type-simple"},"bundled_by":[],"bundle_stock_status":"instock","bundle_stock_quantity":null,"bundle_virtual":false,"bundle_layout":"","bundle_add_to_cart_form_location":"","bundle_editable_in_cart":false,"bundle_sold_individually_context":"","bundle_item_grouping":"","bundle_min_size":"","bundle_max_size":"","bundle_price":[],"bundled_items":[],"bundle_sell_ids":[],"acf":[],"_links":{"self":[{"href":"https:\/\/www.raschvin.com\/sv\/wp-json\/wp\/v2\/product\/16156","targetHints":{"allow":["GET"]}}],"collection":[{"href":"https:\/\/www.raschvin.com\/sv\/wp-json\/wp\/v2\/product"}],"about":[{"href":"https:\/\/www.raschvin.com\/sv\/wp-json\/wp\/v2\/types\/product"}],"wp:featuredmedia":[{"embeddable":true,"href":"https:\/\/www.raschvin.com\/sv\/wp-json\/wp\/v2\/media\/31140"}],"wp:attachment":[{"href":"https:\/\/www.raschvin.com\/sv\/wp-json\/wp\/v2\/media?parent=16156"}],"wp:term":[{"taxonomy":"product_brand","embeddable":true,"href":"https:\/\/www.raschvin.com\/sv\/wp-json\/wp\/v2\/product_brand?post=16156"},{"taxonomy":"product_cat","embeddable":true,"href":"https:\/\/www.raschvin.com\/sv\/wp-json\/wp\/v2\/product_cat?post=16156"},{"taxonomy":"product_tag","embeddable":true,"href":"https:\/\/www.raschvin.com\/sv\/wp-json\/wp\/v2\/product_tag?post=16156"}],"curies":[{"name":"wp","href":"https:\/\/api.w.org\/{rel}","templated":true}]}}