{"id":16154,"date":"2022-05-30T09:14:13","date_gmt":"2022-05-30T07:14:13","guid":{"rendered":"https:\/\/www.raschvin.com\/vare\/xante-cognac-pear-50-cl\/"},"modified":"2022-12-13T14:31:10","modified_gmt":"2022-12-13T13:31:10","slug":"xante-cognac-pear-50-cl","status":"publish","type":"product","link":"https:\/\/www.raschvin.com\/sv\/produkt\/xante-cognac-pear-50-cl\/","title":{"rendered":"Xant\u00e9 Cognac &#038; Pear 50 cl. 35%"},"content":{"rendered":"<p>En v\u00e4ldigt stilig p\u00e4ronlik\u00f6r fr\u00e5n Xant\u00e9. Denna \u00e4r gjord med p\u00e4ronextrakt fr\u00e5n Liege och konjak av h\u00f6gsta kvalitet. Den skapades av Richard Heinrich, en m\u00e4starblandare p\u00e5 Maison Heinrich Liquoristerie Artisanale och den \u00e4r blandad med konjak fr\u00e5n Distillerie des Moisans i Sireul.<\/p>\n<p>Smaken \u00e4r en komplex balans mellan intensiteten hos cognac och lik\u00f6rs mjuka finess.<\/p>\n<p>Sprit specialitet d\u00e4r konjak och p\u00e4rla blandas till perfektion.<\/p>\n<p>Xant\u00e9 kan avnjutas ensam med isbitar, men \u00e4r ocks\u00e5 formell som en m\u00e5ngsidig mixer i badkalla och varma drycker.<\/p>\n<p>Xant\u00e9 \u00e4r en helt ny smak f\u00f6r den nya generationen, en produkt i sin egen kategori. Det \u00e4r mystiskt, utmanande och kan bara f\u00f6rklaras av provsmakning IT- &#8221;S\u00f6k och du hittar &#8230;&#8221;<\/p>\n","protected":false},"excerpt":{"rendered":"<p>Premium Spirit \u2013 \u201cCognac Liqueur\u201d<\/p>\n","protected":false},"featured_media":31042,"template":"","meta":{"_acf_changed":false,"rs_blank_template":"","rs_page_bg_color":"","slide_template_v7":""},"product_brand":[],"product_cat":[4716,2387,4670,2390],"product_tag":[],"class_list":{"0":"post-16154","1":"product","2":"type-product","3":"status-publish","4":"has-post-thumbnail","6":"product_cat-andra-likorer","7":"product_cat-avec-sv","8":"product_cat-frukt","9":"product_cat-sprit","10":"pa_land-sverige-sv","11":"pa_procent-35-sv","12":"pa_producent-anora-sv","13":"pa_volume-50-sv","15":"first","16":"instock","17":"sale","18":"taxable","19":"shipping-taxable","20":"purchasable","21":"product-type-simple"},"bundled_by":[],"bundle_stock_status":"instock","bundle_stock_quantity":null,"bundle_virtual":false,"bundle_layout":"","bundle_add_to_cart_form_location":"","bundle_editable_in_cart":false,"bundle_sold_individually_context":"","bundle_item_grouping":"","bundle_min_size":"","bundle_max_size":"","bundle_price":[],"bundled_items":[],"bundle_sell_ids":[],"acf":[],"_links":{"self":[{"href":"https:\/\/www.raschvin.com\/sv\/wp-json\/wp\/v2\/product\/16154","targetHints":{"allow":["GET"]}}],"collection":[{"href":"https:\/\/www.raschvin.com\/sv\/wp-json\/wp\/v2\/product"}],"about":[{"href":"https:\/\/www.raschvin.com\/sv\/wp-json\/wp\/v2\/types\/product"}],"wp:featuredmedia":[{"embeddable":true,"href":"https:\/\/www.raschvin.com\/sv\/wp-json\/wp\/v2\/media\/31042"}],"wp:attachment":[{"href":"https:\/\/www.raschvin.com\/sv\/wp-json\/wp\/v2\/media?parent=16154"}],"wp:term":[{"taxonomy":"product_brand","embeddable":true,"href":"https:\/\/www.raschvin.com\/sv\/wp-json\/wp\/v2\/product_brand?post=16154"},{"taxonomy":"product_cat","embeddable":true,"href":"https:\/\/www.raschvin.com\/sv\/wp-json\/wp\/v2\/product_cat?post=16154"},{"taxonomy":"product_tag","embeddable":true,"href":"https:\/\/www.raschvin.com\/sv\/wp-json\/wp\/v2\/product_tag?post=16154"}],"curies":[{"name":"wp","href":"https:\/\/api.w.org\/{rel}","templated":true}]}}