{"id":16153,"date":"2022-05-30T09:12:53","date_gmt":"2022-05-30T07:12:53","guid":{"rendered":"https:\/\/www.raschvin.com\/vare\/mosgaard-olroso-cask\/"},"modified":"2022-11-28T10:05:25","modified_gmt":"2022-11-28T09:05:25","slug":"mosgaard-olroso-cask","status":"publish","type":"product","link":"https:\/\/www.raschvin.com\/sv\/produkt\/mosgaard-olroso-cask\/","title":{"rendered":"Mosgaard Whisky \u2013 Oloroso Cask (ECO) 50 cl. 46,2%"},"content":{"rendered":"<p>Mosgaard Oloroso Cask Whisky \u00e4r tillverkad i Organic Danish Barley Malt, som \u00e4r maltes efter v\u00e5ra specifikationer och bryggt enligt egna metoder optimerade f\u00f6r att producera s\u00f6tma, mjukhet och fruktnoteringar &#8211; smaken av funen single malt whisky.<\/p>\n<p>Det har varit p\u00e5 ex. Oloroso Fade i 3 \u00e5r, och har blivit en elegant sherry lagrad whisky med intensiv smak av malt, karamelll, p\u00e4ron, persika, citrus, torkade frukter och n\u00f6tter<\/p>\n<p>Oloroso Cask Single Malt Whisky \u00e4r v\u00e4l utv\u00e4rderad i internationella t\u00e4vlingar och som den enda danska whiskyen n\u00e5gonsin tilldelat dubbel guldmedalj p\u00e5 Berlin International Spirits Competition 2020 med 96 po\u00e4ng. Det har bland annat bidragit till att ge oss titeln som b\u00e4sta danska whisky destilleri 2019 och 2020. bel\u00f6nas med 91 po\u00e4ng och IWSC Silver Medalj 2019. Guldmedalj p\u00e5 World Whisky Masters 2019 som enda premium single malt whisky i EU utanf\u00f6r Skottland. Guldmedalj p\u00e5 World Whiskys Awards 2020, Silver Medal World Spirits Awards 2020<\/p>\n","protected":false},"excerpt":{"rendered":"<p>Single Malt Whisky \u2013 Handcrafted In Denmark<\/p>\n","protected":false},"featured_media":2637,"template":"","meta":{"_acf_changed":false,"rs_blank_template":"","rs_page_bg_color":"","slide_template_v7":""},"product_brand":[],"product_cat":[2387,2392,4651],"product_tag":[],"class_list":{"0":"post-16153","1":"product","2":"type-product","3":"status-publish","4":"has-post-thumbnail","6":"product_cat-avec-sv","7":"product_cat-whisky-sv","8":"product_cat-single-malt-sv","9":"pa_champagne-type-single-cask-sv","10":"pa_land-danmark-sv","11":"pa_oekologisk-ja-sv","12":"pa_procent-46-2-sv","13":"pa_producent-mosgaard-whisky-sv","14":"pa_region-fyn-sv","15":"pa_volume-50-sv","17":"first","18":"outofstock","19":"sale","20":"taxable","21":"shipping-taxable","22":"purchasable","23":"product-type-simple"},"bundled_by":[],"bundle_stock_status":"outofstock","bundle_stock_quantity":null,"bundle_virtual":false,"bundle_layout":"","bundle_add_to_cart_form_location":"","bundle_editable_in_cart":false,"bundle_sold_individually_context":"","bundle_item_grouping":"","bundle_min_size":"","bundle_max_size":"","bundle_price":[],"bundled_items":[],"bundle_sell_ids":[],"acf":[],"_links":{"self":[{"href":"https:\/\/www.raschvin.com\/sv\/wp-json\/wp\/v2\/product\/16153","targetHints":{"allow":["GET"]}}],"collection":[{"href":"https:\/\/www.raschvin.com\/sv\/wp-json\/wp\/v2\/product"}],"about":[{"href":"https:\/\/www.raschvin.com\/sv\/wp-json\/wp\/v2\/types\/product"}],"wp:featuredmedia":[{"embeddable":true,"href":"https:\/\/www.raschvin.com\/sv\/wp-json\/wp\/v2\/media\/2637"}],"wp:attachment":[{"href":"https:\/\/www.raschvin.com\/sv\/wp-json\/wp\/v2\/media?parent=16153"}],"wp:term":[{"taxonomy":"product_brand","embeddable":true,"href":"https:\/\/www.raschvin.com\/sv\/wp-json\/wp\/v2\/product_brand?post=16153"},{"taxonomy":"product_cat","embeddable":true,"href":"https:\/\/www.raschvin.com\/sv\/wp-json\/wp\/v2\/product_cat?post=16153"},{"taxonomy":"product_tag","embeddable":true,"href":"https:\/\/www.raschvin.com\/sv\/wp-json\/wp\/v2\/product_tag?post=16153"}],"curies":[{"name":"wp","href":"https:\/\/api.w.org\/{rel}","templated":true}]}}