{"id":16151,"date":"2022-05-30T09:12:53","date_gmt":"2022-05-30T07:12:53","guid":{"rendered":"https:\/\/www.raschvin.com\/vare\/mosgaard-port-wine-cask\/"},"modified":"2022-11-28T09:59:56","modified_gmt":"2022-11-28T08:59:56","slug":"mosgaard-port-wine-cask","status":"publish","type":"product","link":"https:\/\/www.raschvin.com\/sv\/produkt\/mosgaard-port-wine-cask\/","title":{"rendered":"Mosgaard Whisky &#8211; Port Wine Cask (ECO) 50 cl. 49%"},"content":{"rendered":"<p>MOSGAARD \u200b\u200bPort Wine Cask Whisky \u00e4r tillverkad i Organic Danish Barley Malt, som \u00e4r maltes efter v\u00e5ra specifikationer och bryggt av egna metoder optimerade f\u00f6r att producera s\u00f6tma, mjukhet och fruktnoteringar &#8211; smaken av funen single malt whisky.<\/p>\n<p>Vi har v\u00e4ntat p\u00e5 l\u00e4ngtan f\u00f6r att presentera v\u00e5r hamnvinkask som f\u00f6rmodligen \u00e4r den enda whisky i v\u00e4rlden som lagras exakt s\u00e5 h\u00e4r. Vi har byggt om gammal portpinne f\u00f6r v\u00e5ra sm\u00e5 50 liter r\u00e4tter, och i disken har vi blandade stavar fr\u00e5n Ruby Fade och Tawny Fade. Det inneb\u00e4r att vi f\u00e5r en balans mellan den vin\u00f6sa fr\u00e5n Ruby och den mer erfarna s\u00f6tma fr\u00e5n Tawny och d\u00e4rmed kan lagra whiskyen under hela Portvinfadesperioden &#8211; det har varit ett experiment som vi m\u00e5ste s\u00e4ga fullt ut har lyckats.<\/p>\n<p>Vi ser fram emot att presentera denna mycket speciella tappning.<\/p>\n<p>Smak Anm\u00e4rkningar: Vinous, m\u00f6rka druvor, plommon, karamelll, kaffe, \u00e4pplen, anis, bittra mandel, kanel<\/p>\n","protected":false},"excerpt":{"rendered":"<p>Single Malt Whisky &#8211; Handcrafted In Denmark<\/p>\n","protected":false},"featured_media":2629,"template":"","meta":{"_acf_changed":false,"rs_blank_template":"","rs_page_bg_color":"","slide_template_v7":""},"product_brand":[],"product_cat":[2387,4651,2392],"product_tag":[],"class_list":{"0":"post-16151","1":"product","2":"type-product","3":"status-publish","4":"has-post-thumbnail","6":"product_cat-avec-sv","7":"product_cat-single-malt-sv","8":"product_cat-whisky-sv","9":"pa_champagne-type-single-cask-sv","10":"pa_land-danmark-sv","11":"pa_oekologisk-ja-sv","12":"pa_procent-49-sv","13":"pa_producent-mosgaard-whisky-sv","14":"pa_region-fyn-sv","15":"pa_volume-50-sv","17":"first","18":"outofstock","19":"sale","20":"taxable","21":"shipping-taxable","22":"purchasable","23":"product-type-simple"},"bundled_by":[],"bundle_stock_status":"outofstock","bundle_stock_quantity":null,"bundle_virtual":false,"bundle_layout":"","bundle_add_to_cart_form_location":"","bundle_editable_in_cart":false,"bundle_sold_individually_context":"","bundle_item_grouping":"","bundle_min_size":"","bundle_max_size":"","bundle_price":[],"bundled_items":[],"bundle_sell_ids":[],"acf":[],"_links":{"self":[{"href":"https:\/\/www.raschvin.com\/sv\/wp-json\/wp\/v2\/product\/16151","targetHints":{"allow":["GET"]}}],"collection":[{"href":"https:\/\/www.raschvin.com\/sv\/wp-json\/wp\/v2\/product"}],"about":[{"href":"https:\/\/www.raschvin.com\/sv\/wp-json\/wp\/v2\/types\/product"}],"wp:featuredmedia":[{"embeddable":true,"href":"https:\/\/www.raschvin.com\/sv\/wp-json\/wp\/v2\/media\/2629"}],"wp:attachment":[{"href":"https:\/\/www.raschvin.com\/sv\/wp-json\/wp\/v2\/media?parent=16151"}],"wp:term":[{"taxonomy":"product_brand","embeddable":true,"href":"https:\/\/www.raschvin.com\/sv\/wp-json\/wp\/v2\/product_brand?post=16151"},{"taxonomy":"product_cat","embeddable":true,"href":"https:\/\/www.raschvin.com\/sv\/wp-json\/wp\/v2\/product_cat?post=16151"},{"taxonomy":"product_tag","embeddable":true,"href":"https:\/\/www.raschvin.com\/sv\/wp-json\/wp\/v2\/product_tag?post=16151"}],"curies":[{"name":"wp","href":"https:\/\/api.w.org\/{rel}","templated":true}]}}