{"id":16142,"date":"2025-06-04T10:12:52","date_gmt":"2025-06-04T08:12:52","guid":{"rendered":"https:\/\/www.raschvin.com\/vare\/nonino-grappa-sauvignon-blanc\/"},"modified":"2025-06-04T10:15:05","modified_gmt":"2025-06-04T08:15:05","slug":"nonino-grappa-sauvignon-blanc","status":"publish","type":"product","link":"https:\/\/www.raschvin.com\/sv\/produkt\/nonino-grappa-sauvignon-blanc\/","title":{"rendered":"Nonino Grappa &#8211; Sauvignon Blanc 70 cl. 41%"},"content":{"rendered":"<p>Nonino Grappa Monovitigno\u00ae Il Sauvignon Blanc \u2013 Elegant och aromatisk grappa fr\u00e5n Friuli<\/p>\n<p>Nonino Grappa Monovitigno\u00ae Il Sauvignon Blanc \u00e4r en elegant och distinkt grappa tillverkad uteslutande av f\u00e4rsk druvpressrest (vinaccia) fr\u00e5n Sauvignon Blanc-druvor. Den produceras av det anrika familjedestilleriet Nonino i Friuli-Venezia Giulia i nord\u00f6stra Italien.<\/p>\n<p>Grappan destilleras omedelbart efter pressning i traditionella kopparpannor, vilket bevarar druvans friska arom och fina karakt\u00e4r. Resultatet \u00e4r en ren, mjuk och uttrycksfull grappa som f\u00e5ngar essensen av Sauvignon Blanc.<\/p>\n<p>Smakprofil:<br \/>\nF\u00e4rg: Kristallklar<br \/>\nDoft: Frisk och blommig med toner av vita blommor, krusb\u00e4r, gr\u00f6n paprika och citrus<br \/>\nSmak: Mjuk och balanserad med inslag av mogen frukt, \u00f6rter och fin mineralitet<br \/>\nEftersmak: L\u00e5ng, torr och elegant med en behaglig v\u00e4rme<br \/>\nServeringsf\u00f6rslag:<br \/>\nServeras vid cirka 12 \u00b0C i ett tulpanformat glas. L\u00e5t g\u00e4rna grappan vila ett par minuter i glaset f\u00f6r att aromerna ska utvecklas. Utm\u00e4rkt som digestif eller tillsammans med r\u00e4tter som sushi, fisk eller milda ostar.<\/p>\n<p>Om producenten:<br \/>\nNonino \u00e4r en av Italiens mest ansedda grappaproducenter, grundad 1897 och fortfarande familje\u00e4gd. De var pionj\u00e4rer inom s\u00e5 kallad \u201cMonovitigno\u00ae\u201d-grappa, tillverkad av en enda druvsort, vilket satte en ny standard f\u00f6r kvalitet. Idag drivs destilleriet av femte generationen Nonino och \u00e4r k\u00e4nt f\u00f6r sitt genuina hantverk, innovation och respekt f\u00f6r tradition.<\/p>\n<p>Produktinformation:<br \/>\nAlkoholhalt: 41 %<br \/>\nFlaskstorlek: 700 ml<br \/>\nUrsprung: Friuli-Venezia Giulia, Italien<br \/>\nNonino Grappa Sauvignon Blanc \u00e4r ett utm\u00e4rkt val f\u00f6r den som s\u00f6ker en frisk, aromatisk och hantverksm\u00e4ssigt tillverkad grappa med tydlig druvkarakt\u00e4r.<\/p>\n","protected":false},"excerpt":{"rendered":"<p>Grappa di Friuli &#8211; Italy<\/p>\n","protected":false},"featured_media":2557,"template":"","meta":{"_acf_changed":false,"rs_blank_template":"","rs_page_bg_color":"","slide_template_v7":""},"product_brand":[],"product_cat":[2397,2402,9374,9386],"product_tag":[],"class_list":{"0":"post-16142","1":"product","2":"type-product","3":"status-publish","4":"has-post-thumbnail","6":"product_cat-grappa-sv","7":"product_cat-sprit-sv","8":"product_cat-giovane-ingen-fat","9":"product_cat-aromatica-monovitigno","10":"pa_champagne-type-giovane-white-sv","11":"pa_drue-sauvignon-blanc-sv","12":"pa_land-italien-sv","13":"pa_procent-41-sv","14":"pa_producent-nonino-sv","15":"pa_region-friuli-sv","16":"pa_volume-70-sv-2","18":"first","19":"instock","20":"taxable","21":"shipping-taxable","22":"purchasable","23":"product-type-simple"},"bundled_by":[],"bundle_stock_status":"instock","bundle_stock_quantity":null,"bundle_virtual":false,"bundle_layout":"","bundle_add_to_cart_form_location":"","bundle_editable_in_cart":false,"bundle_sold_individually_context":"","bundle_item_grouping":"","bundle_min_size":"","bundle_max_size":"","bundle_price":[],"bundled_items":[],"bundle_sell_ids":[],"acf":[],"_links":{"self":[{"href":"https:\/\/www.raschvin.com\/sv\/wp-json\/wp\/v2\/product\/16142","targetHints":{"allow":["GET"]}}],"collection":[{"href":"https:\/\/www.raschvin.com\/sv\/wp-json\/wp\/v2\/product"}],"about":[{"href":"https:\/\/www.raschvin.com\/sv\/wp-json\/wp\/v2\/types\/product"}],"wp:featuredmedia":[{"embeddable":true,"href":"https:\/\/www.raschvin.com\/sv\/wp-json\/wp\/v2\/media\/2557"}],"wp:attachment":[{"href":"https:\/\/www.raschvin.com\/sv\/wp-json\/wp\/v2\/media?parent=16142"}],"wp:term":[{"taxonomy":"product_brand","embeddable":true,"href":"https:\/\/www.raschvin.com\/sv\/wp-json\/wp\/v2\/product_brand?post=16142"},{"taxonomy":"product_cat","embeddable":true,"href":"https:\/\/www.raschvin.com\/sv\/wp-json\/wp\/v2\/product_cat?post=16142"},{"taxonomy":"product_tag","embeddable":true,"href":"https:\/\/www.raschvin.com\/sv\/wp-json\/wp\/v2\/product_tag?post=16142"}],"curies":[{"name":"wp","href":"https:\/\/api.w.org\/{rel}","templated":true}]}}