{"id":16138,"date":"2024-05-20T19:53:52","date_gmt":"2024-05-20T17:53:52","guid":{"rendered":"https:\/\/www.raschvin.com\/vare\/hallands-flader-prima-brannvin\/"},"modified":"2022-11-18T15:08:52","modified_gmt":"2022-11-18T14:08:52","slug":"hallands-flaeder-prima-braennvin","status":"publish","type":"product","link":"https:\/\/www.raschvin.com\/sv\/produkt\/hallands-flaeder-prima-braennvin\/","title":{"rendered":"Hallands Fl\u00e4der Br\u00e4nnvin 70 cl. 38%"},"content":{"rendered":"<p>Hallands floring har en rik, blommig och frisk hyllblomma med ber\u00f6ring av kanel och en l\u00e4tt s\u00f6tma.<\/p>\n<p>Hallands Fl\u00e4der lanserades p\u00e5 1980-talet &#8211; men att krydda Aquavit med hyllblomma h\u00e4rledd fr\u00e5n en mycket gammal s\u00f6dra svensk tradition.<\/p>\n<p>Denna utm\u00e4rkta aquavit \u00e4r idealisk med lax och milda gr\u00f6nsaker som f\u00e4rsk sparris.<\/p>\n<p>Snaps \u00e4r en del av den svenska kulturhistorien och \u00e4r en tidl\u00f6s smak f\u00f6r mat. Nu samlar svenska snaps sig under ett nytt namn &#8221;Prima Swedish Aquavit och Br\u00e4nnvin&#8221;. Sammantaget best\u00e5r produktsortimentet av 13 snaps med olika kryddor och tecken &#8211; d\u00e4r de mest popul\u00e4ra snaps \u00e4r Sk\u00e5ne Akvavit. Namnet \u00e4r inspirerat av de gamla alkoholtraditionerna &#8211; som du ofta heter h\u00f6gkvalitativ alkohol f\u00f6r &#8221;prima&#8221;.<\/p>\n","protected":false},"excerpt":{"rendered":"<p>O.P Anderson Distillery &#8211; Sweden<\/p>\n","protected":false},"featured_media":82507,"template":"","meta":{"_acf_changed":false,"rs_blank_template":"","rs_page_bg_color":"","slide_template_v7":""},"product_brand":[],"product_cat":[2393],"product_tag":[],"class_list":{"0":"post-16138","1":"product","2":"type-product","3":"status-publish","4":"has-post-thumbnail","6":"product_cat-akvavit-snaps-sv","7":"pa_land-sverige-sv","8":"pa_procent-38-sv","9":"pa_producent-prima-sv","10":"pa_volume-70-sv-2","12":"first","13":"instock","14":"sale","15":"taxable","16":"shipping-taxable","17":"purchasable","18":"product-type-simple"},"bundled_by":[],"bundle_stock_status":"instock","bundle_stock_quantity":null,"bundle_virtual":false,"bundle_layout":"","bundle_add_to_cart_form_location":"","bundle_editable_in_cart":false,"bundle_sold_individually_context":"","bundle_item_grouping":"","bundle_min_size":"","bundle_max_size":"","bundle_price":[],"bundled_items":[],"bundle_sell_ids":[],"acf":[],"_links":{"self":[{"href":"https:\/\/www.raschvin.com\/sv\/wp-json\/wp\/v2\/product\/16138","targetHints":{"allow":["GET"]}}],"collection":[{"href":"https:\/\/www.raschvin.com\/sv\/wp-json\/wp\/v2\/product"}],"about":[{"href":"https:\/\/www.raschvin.com\/sv\/wp-json\/wp\/v2\/types\/product"}],"wp:featuredmedia":[{"embeddable":true,"href":"https:\/\/www.raschvin.com\/sv\/wp-json\/wp\/v2\/media\/82507"}],"wp:attachment":[{"href":"https:\/\/www.raschvin.com\/sv\/wp-json\/wp\/v2\/media?parent=16138"}],"wp:term":[{"taxonomy":"product_brand","embeddable":true,"href":"https:\/\/www.raschvin.com\/sv\/wp-json\/wp\/v2\/product_brand?post=16138"},{"taxonomy":"product_cat","embeddable":true,"href":"https:\/\/www.raschvin.com\/sv\/wp-json\/wp\/v2\/product_cat?post=16138"},{"taxonomy":"product_tag","embeddable":true,"href":"https:\/\/www.raschvin.com\/sv\/wp-json\/wp\/v2\/product_tag?post=16138"}],"curies":[{"name":"wp","href":"https:\/\/api.w.org\/{rel}","templated":true}]}}