{"id":16137,"date":"2022-05-30T09:11:52","date_gmt":"2022-05-30T07:11:52","guid":{"rendered":"https:\/\/www.raschvin.com\/vare\/nordic-spirits-lab-gin-akvavit\/"},"modified":"2022-11-29T12:35:50","modified_gmt":"2022-11-29T11:35:50","slug":"nordic-spirits-lab-gin-akvavit","status":"publish","type":"product","link":"https:\/\/www.raschvin.com\/sv\/produkt\/nordic-spirits-lab-gin-akvavit\/","title":{"rendered":"Nordic Spirits Lab Gin-Akvavit 50 cl. 41%"},"content":{"rendered":"<p>Denna gin presenterar omedelbart en intensiv smak av juniper, f\u00e4rska korianderfr\u00f6n och Kvan-rot. Allt kombinerat med citronskal, bitter apelsinskal och orange blommor. AquaViten destilleras med kommande fr\u00f6, f\u00e4nk\u00e5lfr\u00f6n och \u00e4ng, vilket ger en fin balans och ytterligare toner till gin.<\/p>\n<p>Extraktet fr\u00e5n apelsinblommorna och apelsin- och citronskalet extraheras f\u00f6rst under en 10 dagars period. D\u00e4refter tills\u00e4tts v\u00e4tskan och torkade korianderfr\u00f6n s\u00e5v\u00e4l som enb\u00e4r. Ginet drar d\u00e4refter i 3 veckor, varefter KvanRod tills\u00e4tts och ginet forts\u00e4tter att dra i 6 veckor. Efter en destillation kombineras ginet med aquavite.<\/p>\n<p>Denna gin kan b\u00e5da avnjutas ensam med is, eller anv\u00e4ndas med en h\u00f6gkvalitativ tonic.<\/p>\n<p>Nordic Spirits Lab har producerat ett gin f\u00f6r att v\u00e4cka nyfikenhet och \u00f6ka inspirationen fr\u00e5n speciellt en grupp, de tidiga adoptonerna. De kr\u00e4ver bara nyheter och inspiration och de \u00e4r snabbt kattunge. Tidiga adopt\u00f6rer drivs av lusten att skapa en b\u00e4ttre livsstil och framtid f\u00f6r sig sj\u00e4lva. F\u00f6r detta vill de ha ett konstant fl\u00f6de av nya id\u00e9er och stimuli. Nordic Spirits Lab har d\u00e4rf\u00f6r utformat en produkt med ny inspiration b\u00e5de inom och utanf\u00f6r flaskan. Denna gin st\u00e5r ut p\u00e5 hyllan, skapar en modern k\u00e4nsla och stimulerar nyfikenheten hos de tidiga adopt\u00f6rerna.<\/p>\n","protected":false},"excerpt":{"rendered":"<p>Destilled Gin with Akvavit Botanicals<\/p>\n","protected":false},"featured_media":2537,"template":"","meta":{"_acf_changed":false,"rs_blank_template":"","rs_page_bg_color":"","slide_template_v7":""},"product_brand":[],"product_cat":[2393,2402,2404,4711],"product_tag":[],"class_list":{"0":"post-16137","1":"product","2":"type-product","3":"status-publish","4":"has-post-thumbnail","6":"product_cat-akvavit-snaps-sv","7":"product_cat-sprit-sv","8":"product_cat-gin-sv","9":"product_cat-andra-gins","10":"pa_land-danmark-sv","11":"pa_procent-41-sv","12":"pa_producent-altia-sv","13":"pa_volume-50-sv","15":"first","16":"instock","17":"taxable","18":"shipping-taxable","19":"purchasable","20":"product-type-simple"},"bundled_by":[],"bundle_stock_status":"instock","bundle_stock_quantity":null,"bundle_virtual":false,"bundle_layout":"","bundle_add_to_cart_form_location":"","bundle_editable_in_cart":false,"bundle_sold_individually_context":"","bundle_item_grouping":"","bundle_min_size":"","bundle_max_size":"","bundle_price":[],"bundled_items":[],"bundle_sell_ids":[],"acf":[],"_links":{"self":[{"href":"https:\/\/www.raschvin.com\/sv\/wp-json\/wp\/v2\/product\/16137","targetHints":{"allow":["GET"]}}],"collection":[{"href":"https:\/\/www.raschvin.com\/sv\/wp-json\/wp\/v2\/product"}],"about":[{"href":"https:\/\/www.raschvin.com\/sv\/wp-json\/wp\/v2\/types\/product"}],"wp:featuredmedia":[{"embeddable":true,"href":"https:\/\/www.raschvin.com\/sv\/wp-json\/wp\/v2\/media\/2537"}],"wp:attachment":[{"href":"https:\/\/www.raschvin.com\/sv\/wp-json\/wp\/v2\/media?parent=16137"}],"wp:term":[{"taxonomy":"product_brand","embeddable":true,"href":"https:\/\/www.raschvin.com\/sv\/wp-json\/wp\/v2\/product_brand?post=16137"},{"taxonomy":"product_cat","embeddable":true,"href":"https:\/\/www.raschvin.com\/sv\/wp-json\/wp\/v2\/product_cat?post=16137"},{"taxonomy":"product_tag","embeddable":true,"href":"https:\/\/www.raschvin.com\/sv\/wp-json\/wp\/v2\/product_tag?post=16137"}],"curies":[{"name":"wp","href":"https:\/\/api.w.org\/{rel}","templated":true}]}}