{"id":16132,"date":"2022-05-30T09:10:32","date_gmt":"2022-05-30T07:10:32","guid":{"rendered":"https:\/\/www.raschvin.com\/vare\/gronstedts-cognac-monopole-v-s-o-p\/"},"modified":"2022-11-18T13:35:12","modified_gmt":"2022-11-18T12:35:12","slug":"groenstedts-cognac-monopole-v-s-o-p","status":"publish","type":"product","link":"https:\/\/www.raschvin.com\/sv\/produkt\/groenstedts-cognac-monopole-v-s-o-p\/","title":{"rendered":"Gr\u00f6nstedts Monopole V.S.O.P. Cognac 70 cl. 40%"},"content":{"rendered":"<p>F\u00f6rst, n\u00e4san av druvor med diskens karakt\u00e4r, aprikoser, apelsiner och vanilj. Smaken matchar det f\u00f6rsta intrycket, och kompletterat med intrycket av aprikos och nougat.<\/p>\n<p>Gr\u00f6nstedts VSOP Cognac b\u00f6r avnjutas ren vid rumstemperatur f\u00f6r kaffe och efterr\u00e4tt.<\/p>\n<p>Den karakteriserade av Gr\u00f6nstedts \u00e4r en ren, enhetlig klassisk stil med rik och mjuk karakt\u00e4r. Gr\u00f6nstedts grundades av Johan Daniel Gr\u00f6nstedts tillbaka 1846. Idag \u00e4r Gr\u00f6nstedts ett internationellt erk\u00e4nt varum\u00e4rke bland annat. P\u00e5 grund av det fantastiska arbetet i Folke Andersson, Master Blender p\u00e5 Gr\u00f6nstedts Cognac. Folke Andersson f\u00f6rst\u00e5r om n\u00e5gon blandningens varierande hantverk, och garanterar en tydlig enhetlig stil i varje variant.<\/p>\n<p>Fr\u00e5n druva till flaska i Frankrike.<\/p>\n","protected":false},"excerpt":{"rendered":"<p>Cognac de France<\/p>\n","protected":false},"featured_media":66202,"template":"","meta":{"_acf_changed":false,"rs_blank_template":"","rs_page_bg_color":"","slide_template_v7":""},"product_brand":[],"product_cat":[2387,2389,4606],"product_tag":[],"class_list":{"0":"post-16132","1":"product","2":"type-product","3":"status-publish","4":"has-post-thumbnail","6":"product_cat-avec-sv","7":"product_cat-cognac-sv","8":"product_cat-v-s-o-p-sv","9":"pa_land-frankrike","10":"pa_procent-40-sv-2","11":"pa_producent-merlet-sv","12":"pa_region-cognac-sv","13":"pa_volume-70-sv-2","15":"first","16":"instock","17":"taxable","18":"shipping-taxable","19":"purchasable","20":"product-type-simple"},"bundled_by":[],"bundle_stock_status":"instock","bundle_stock_quantity":null,"bundle_virtual":false,"bundle_layout":"","bundle_add_to_cart_form_location":"","bundle_editable_in_cart":false,"bundle_sold_individually_context":"","bundle_item_grouping":"","bundle_min_size":"","bundle_max_size":"","bundle_price":[],"bundled_items":[],"bundle_sell_ids":[],"acf":[],"_links":{"self":[{"href":"https:\/\/www.raschvin.com\/sv\/wp-json\/wp\/v2\/product\/16132","targetHints":{"allow":["GET"]}}],"collection":[{"href":"https:\/\/www.raschvin.com\/sv\/wp-json\/wp\/v2\/product"}],"about":[{"href":"https:\/\/www.raschvin.com\/sv\/wp-json\/wp\/v2\/types\/product"}],"wp:featuredmedia":[{"embeddable":true,"href":"https:\/\/www.raschvin.com\/sv\/wp-json\/wp\/v2\/media\/66202"}],"wp:attachment":[{"href":"https:\/\/www.raschvin.com\/sv\/wp-json\/wp\/v2\/media?parent=16132"}],"wp:term":[{"taxonomy":"product_brand","embeddable":true,"href":"https:\/\/www.raschvin.com\/sv\/wp-json\/wp\/v2\/product_brand?post=16132"},{"taxonomy":"product_cat","embeddable":true,"href":"https:\/\/www.raschvin.com\/sv\/wp-json\/wp\/v2\/product_cat?post=16132"},{"taxonomy":"product_tag","embeddable":true,"href":"https:\/\/www.raschvin.com\/sv\/wp-json\/wp\/v2\/product_tag?post=16132"}],"curies":[{"name":"wp","href":"https:\/\/api.w.org\/{rel}","templated":true}]}}