{"id":16131,"date":"2022-05-30T09:10:32","date_gmt":"2022-05-30T07:10:32","guid":{"rendered":"https:\/\/www.raschvin.com\/vare\/explorer-vodka-since-1958\/"},"modified":"2022-11-17T11:26:11","modified_gmt":"2022-11-17T10:26:11","slug":"explorer-vodka-since-1958","status":"publish","type":"product","link":"https:\/\/www.raschvin.com\/sv\/produkt\/explorer-vodka-since-1958\/","title":{"rendered":"Explorer Vodka PET 70 cl. 37,5%"},"content":{"rendered":"<p>Explorer vodka har en ren, mjuk och rund smak med en svag s\u00f6tma och en vars kornkarakt\u00e4r med en touch av torkad frukt.<\/p>\n<p>Explorer Vodka \u00e4r en kvalitetsprodukt tillverkad via kontinuerlig destillation av vete.<\/p>\n<p>Den rena smaken g\u00f6r Explorer \u00e4r l\u00e4mplig som en bas i drycker av n\u00e5got slag.<\/p>\n<p>Explorer vodka var ursprungligen utvecklad f\u00f6r export till F\u00f6renta staterna, men eftersom framg\u00e5ngen inte gjorde en r\u00e4tteg\u00e5ng p\u00e5 den svenska hemmamarknaden. Explorer blev snabbt svensk favoritvodka, en position som fortfarande g\u00e4llde idag. Grundtanken sedan 60-talet \u00e4r densamma; En ekonomisk, ren vodka producerad med det prim\u00e4ra syftet att blanda i drycker.<\/p>\n","protected":false},"excerpt":{"rendered":"<p>Swedish Vodka Since 1958<\/p>\n","protected":false},"featured_media":2507,"template":"","meta":{"_acf_changed":false,"rs_blank_template":"","rs_page_bg_color":"","slide_template_v7":""},"product_brand":[],"product_cat":[2402,2409,4609],"product_tag":[],"class_list":{"0":"post-16131","1":"product","2":"type-product","3":"status-publish","4":"has-post-thumbnail","6":"product_cat-sprit-sv","7":"product_cat-vodka-sv","8":"product_cat-plain-sv","9":"pa_land-sverige-sv","10":"pa_procent-37-5-sv","11":"pa_producent-altia-sv","12":"pa_volume-70-sv-2","14":"first","15":"instock","16":"taxable","17":"shipping-taxable","18":"purchasable","19":"product-type-simple"},"bundled_by":[],"bundle_stock_status":"instock","bundle_stock_quantity":null,"bundle_virtual":false,"bundle_layout":"","bundle_add_to_cart_form_location":"","bundle_editable_in_cart":false,"bundle_sold_individually_context":"","bundle_item_grouping":"","bundle_min_size":"","bundle_max_size":"","bundle_price":[],"bundled_items":[],"bundle_sell_ids":[],"acf":[],"_links":{"self":[{"href":"https:\/\/www.raschvin.com\/sv\/wp-json\/wp\/v2\/product\/16131","targetHints":{"allow":["GET"]}}],"collection":[{"href":"https:\/\/www.raschvin.com\/sv\/wp-json\/wp\/v2\/product"}],"about":[{"href":"https:\/\/www.raschvin.com\/sv\/wp-json\/wp\/v2\/types\/product"}],"wp:featuredmedia":[{"embeddable":true,"href":"https:\/\/www.raschvin.com\/sv\/wp-json\/wp\/v2\/media\/2507"}],"wp:attachment":[{"href":"https:\/\/www.raschvin.com\/sv\/wp-json\/wp\/v2\/media?parent=16131"}],"wp:term":[{"taxonomy":"product_brand","embeddable":true,"href":"https:\/\/www.raschvin.com\/sv\/wp-json\/wp\/v2\/product_brand?post=16131"},{"taxonomy":"product_cat","embeddable":true,"href":"https:\/\/www.raschvin.com\/sv\/wp-json\/wp\/v2\/product_cat?post=16131"},{"taxonomy":"product_tag","embeddable":true,"href":"https:\/\/www.raschvin.com\/sv\/wp-json\/wp\/v2\/product_tag?post=16131"}],"curies":[{"name":"wp","href":"https:\/\/api.w.org\/{rel}","templated":true}]}}