{"id":16129,"date":"2022-05-30T09:10:32","date_gmt":"2022-05-30T07:10:32","guid":{"rendered":"https:\/\/www.raschvin.com\/vare\/valhalla-by-koskenkorva\/"},"modified":"2022-12-12T18:14:38","modified_gmt":"2022-12-12T17:14:38","slug":"valhalla-by-koskenkorva","status":"publish","type":"product","link":"https:\/\/www.raschvin.com\/sv\/produkt\/valhalla-by-koskenkorva\/","title":{"rendered":"Valhalla 70 cl. 35%"},"content":{"rendered":"<p>Denna nordiska sprit \u00e4r baserad p\u00e5 regionens \u00f6rter och kryddor. Den dramatiska temperaturen och ljusvariationerna skapar en unik milj\u00f6 f\u00f6r v\u00e4xtens tillv\u00e4xt &#8211; n\u00e4r \u00e5rstiderna f\u00f6r\u00e4ndras, m\u00e5ste plantorna anpassa sig till att \u00f6verleva.<\/p>\n<p>I \u00e5rhundraden har dessa villkor ocks\u00e5 format det nordiska folket och den nordiska kulturen. Det \u00e4r inspirationen bakom Valhalla &#8211; en blandning av lokala \u00f6rter och kryddor med andan i de nordiska legenderna.<\/p>\n<p>Valhalla kan avnjutas kyld eller vid rumstemperatur, b\u00e5de som skott eller som blandningar i l\u00e5nga drycker.<\/p>\n<p>Valhalla finner sin inspiration i gammal nortikmytologi. H\u00e4r \u00e4r Valhalla den plats d\u00e4r fallna kungar och hj\u00e4ltar lever till evig tid. Valhalla \u00e4r bevakad av unga, vackra kvinnor p\u00e5 vinge h\u00e4star; Och det \u00e4r bara de modigaste m\u00e4nnen som f\u00e5r komma in. Varje morgon g\u00e5r Valhallas m\u00e4n i strid, och varje natt tar de hem och dricker, fester och delar ber\u00e4ttelser om modighet. Legerna om Valhalla symboliserar Anden n\u00e4rvarande p\u00e5 de nordiska m\u00e4nnen: en stark och modig karakt\u00e4r. Valhalla \u00e4r andan i nordiska legender.<\/p>\n","protected":false},"excerpt":{"rendered":"<p>Herb Liqueur By Koskenkorva<\/p>\n","protected":false},"featured_media":2481,"template":"","meta":{"_acf_changed":false,"rs_blank_template":"","rs_page_bg_color":"","slide_template_v7":""},"product_brand":[],"product_cat":[2387,2390,2394,2402,2407,4666],"product_tag":[],"class_list":{"0":"post-16129","1":"product","2":"type-product","3":"status-publish","4":"has-post-thumbnail","6":"product_cat-avec-sv","7":"product_cat-sprit","8":"product_cat-bitter-sv","9":"product_cat-sprit-sv","10":"product_cat-shots-sv","11":"product_cat-lakrits-sprit","12":"pa_land-finland-sv","13":"pa_procent-35-sv","14":"pa_producent-koskenkorva-sv","15":"pa_region-helsinki-sv","16":"pa_volume-70-sv-2","18":"first","19":"instock","20":"taxable","21":"shipping-taxable","22":"purchasable","23":"product-type-simple"},"bundled_by":[],"bundle_stock_status":"instock","bundle_stock_quantity":null,"bundle_virtual":false,"bundle_layout":"","bundle_add_to_cart_form_location":"","bundle_editable_in_cart":false,"bundle_sold_individually_context":"","bundle_item_grouping":"","bundle_min_size":"","bundle_max_size":"","bundle_price":[],"bundled_items":[],"bundle_sell_ids":[],"acf":[],"_links":{"self":[{"href":"https:\/\/www.raschvin.com\/sv\/wp-json\/wp\/v2\/product\/16129","targetHints":{"allow":["GET"]}}],"collection":[{"href":"https:\/\/www.raschvin.com\/sv\/wp-json\/wp\/v2\/product"}],"about":[{"href":"https:\/\/www.raschvin.com\/sv\/wp-json\/wp\/v2\/types\/product"}],"wp:featuredmedia":[{"embeddable":true,"href":"https:\/\/www.raschvin.com\/sv\/wp-json\/wp\/v2\/media\/2481"}],"wp:attachment":[{"href":"https:\/\/www.raschvin.com\/sv\/wp-json\/wp\/v2\/media?parent=16129"}],"wp:term":[{"taxonomy":"product_brand","embeddable":true,"href":"https:\/\/www.raschvin.com\/sv\/wp-json\/wp\/v2\/product_brand?post=16129"},{"taxonomy":"product_cat","embeddable":true,"href":"https:\/\/www.raschvin.com\/sv\/wp-json\/wp\/v2\/product_cat?post=16129"},{"taxonomy":"product_tag","embeddable":true,"href":"https:\/\/www.raschvin.com\/sv\/wp-json\/wp\/v2\/product_tag?post=16129"}],"curies":[{"name":"wp","href":"https:\/\/api.w.org\/{rel}","templated":true}]}}