{"id":16126,"date":"2022-05-30T09:10:32","date_gmt":"2022-05-30T07:10:32","guid":{"rendered":"https:\/\/www.raschvin.com\/vare\/herrgards-prima-snaps\/"},"modified":"2022-11-18T18:09:06","modified_gmt":"2022-11-18T17:09:06","slug":"herrgaards-prima-snaps","status":"publish","type":"product","link":"https:\/\/www.raschvin.com\/sv\/produkt\/herrgaards-prima-snaps\/","title":{"rendered":"Herrg\u00e5rds Aquavit 50 cl. 40%"},"content":{"rendered":"<p>Herrg\u00e5rds Aquavit \u00e4r en kryddig svensk aquavit gjord p\u00e5 t.ex. Kom, f\u00e4nk\u00e5l och koriander. Den smakas med maltwhisky och lagras p\u00e5 Sherry Fade och f\u00e5r ett mycket speciellt och unikt uttryck.<\/p>\n<p>Doften utstr\u00e5lar komplexet och f\u00e4nk\u00e5len samt anteckningar fr\u00e5n sk\u00e5len i form av ek och enkel vanilj. Smaken \u00e4r rund, full och komplex och dill, anis, kommer och anteckningar fr\u00e5n sk\u00e5len fram\u00e5t.<\/p>\n<p>Njut av ren, som l\u00e4tt kyld, till exempel r\u00f6kt lax eller marinerad sill.<\/p>\n","protected":false},"excerpt":{"rendered":"<p>O.P Anderson Distillery &#8211; Sweden<\/p>\n","protected":false},"featured_media":29930,"template":"","meta":{"_acf_changed":false,"rs_blank_template":"","rs_page_bg_color":"","slide_template_v7":""},"product_brand":[],"product_cat":[2393],"product_tag":[],"class_list":{"0":"post-16126","1":"product","2":"type-product","3":"status-publish","4":"has-post-thumbnail","6":"product_cat-akvavit-snaps-sv","7":"pa_land-sverige-sv","8":"pa_procent-40-sv-2","9":"pa_producent-prima-sv","10":"pa_volume-50-sv","12":"first","13":"instock","14":"taxable","15":"shipping-taxable","16":"purchasable","17":"product-type-simple"},"bundled_by":[],"bundle_stock_status":"instock","bundle_stock_quantity":null,"bundle_virtual":false,"bundle_layout":"","bundle_add_to_cart_form_location":"","bundle_editable_in_cart":false,"bundle_sold_individually_context":"","bundle_item_grouping":"","bundle_min_size":"","bundle_max_size":"","bundle_price":[],"bundled_items":[],"bundle_sell_ids":[],"acf":[],"_links":{"self":[{"href":"https:\/\/www.raschvin.com\/sv\/wp-json\/wp\/v2\/product\/16126","targetHints":{"allow":["GET"]}}],"collection":[{"href":"https:\/\/www.raschvin.com\/sv\/wp-json\/wp\/v2\/product"}],"about":[{"href":"https:\/\/www.raschvin.com\/sv\/wp-json\/wp\/v2\/types\/product"}],"wp:featuredmedia":[{"embeddable":true,"href":"https:\/\/www.raschvin.com\/sv\/wp-json\/wp\/v2\/media\/29930"}],"wp:attachment":[{"href":"https:\/\/www.raschvin.com\/sv\/wp-json\/wp\/v2\/media?parent=16126"}],"wp:term":[{"taxonomy":"product_brand","embeddable":true,"href":"https:\/\/www.raschvin.com\/sv\/wp-json\/wp\/v2\/product_brand?post=16126"},{"taxonomy":"product_cat","embeddable":true,"href":"https:\/\/www.raschvin.com\/sv\/wp-json\/wp\/v2\/product_cat?post=16126"},{"taxonomy":"product_tag","embeddable":true,"href":"https:\/\/www.raschvin.com\/sv\/wp-json\/wp\/v2\/product_tag?post=16126"}],"curies":[{"name":"wp","href":"https:\/\/api.w.org\/{rel}","templated":true}]}}