{"id":16125,"date":"2022-05-30T09:10:32","date_gmt":"2022-05-30T07:10:32","guid":{"rendered":"https:\/\/www.raschvin.com\/vare\/baska-droppar-prima-snaps\/"},"modified":"2022-10-26T10:04:28","modified_gmt":"2022-10-26T08:04:28","slug":"baeska-droppar-prima-snaps","status":"publish","type":"product","link":"https:\/\/www.raschvin.com\/sv\/produkt\/baeska-droppar-prima-snaps\/","title":{"rendered":"B\u00e4ska Droppar 50 cl. 40%"},"content":{"rendered":"<p>B\u00e4ska dropppar \u00e4r en svensk brandy gjord p\u00e5 en malurt. Den har en komplex, mild och blommig doft av malurt och kanel, liksom en rik, kryddig och bitter smak med en klar karakt\u00e4r av malurt och tips av apelsin och kanel. Njut av ren, som l\u00e4tt att svalna.<\/p>\n","protected":false},"excerpt":{"rendered":"<p>Swedish Aquavit<\/p>\n","protected":false},"featured_media":2456,"template":"","meta":{"_acf_changed":false,"rs_blank_template":"","rs_page_bg_color":"","slide_template_v7":""},"product_brand":[],"product_cat":[2393],"product_tag":[],"class_list":{"0":"post-16125","1":"product","2":"type-product","3":"status-publish","4":"has-post-thumbnail","6":"product_cat-akvavit-snaps-sv","7":"pa_land-sverige-sv","8":"pa_procent-40-sv-2","9":"pa_producent-prima-sv","10":"pa_volume-50-sv","12":"first","13":"instock","14":"taxable","15":"shipping-taxable","16":"purchasable","17":"product-type-simple"},"bundled_by":[],"bundle_stock_status":"instock","bundle_stock_quantity":null,"bundle_virtual":false,"bundle_layout":"","bundle_add_to_cart_form_location":"","bundle_editable_in_cart":false,"bundle_sold_individually_context":"","bundle_item_grouping":"","bundle_min_size":"","bundle_max_size":"","bundle_price":[],"bundled_items":[],"bundle_sell_ids":[],"acf":[],"_links":{"self":[{"href":"https:\/\/www.raschvin.com\/sv\/wp-json\/wp\/v2\/product\/16125","targetHints":{"allow":["GET"]}}],"collection":[{"href":"https:\/\/www.raschvin.com\/sv\/wp-json\/wp\/v2\/product"}],"about":[{"href":"https:\/\/www.raschvin.com\/sv\/wp-json\/wp\/v2\/types\/product"}],"wp:featuredmedia":[{"embeddable":true,"href":"https:\/\/www.raschvin.com\/sv\/wp-json\/wp\/v2\/media\/2456"}],"wp:attachment":[{"href":"https:\/\/www.raschvin.com\/sv\/wp-json\/wp\/v2\/media?parent=16125"}],"wp:term":[{"taxonomy":"product_brand","embeddable":true,"href":"https:\/\/www.raschvin.com\/sv\/wp-json\/wp\/v2\/product_brand?post=16125"},{"taxonomy":"product_cat","embeddable":true,"href":"https:\/\/www.raschvin.com\/sv\/wp-json\/wp\/v2\/product_cat?post=16125"},{"taxonomy":"product_tag","embeddable":true,"href":"https:\/\/www.raschvin.com\/sv\/wp-json\/wp\/v2\/product_tag?post=16125"}],"curies":[{"name":"wp","href":"https:\/\/api.w.org\/{rel}","templated":true}]}}