{"id":16122,"date":"2022-05-30T09:09:22","date_gmt":"2022-05-30T07:09:22","guid":{"rendered":"https:\/\/www.raschvin.com\/vare\/o-p-anderson-miniature-mix-10-x-5-cl-37\/"},"modified":"2022-11-29T13:50:07","modified_gmt":"2022-11-29T12:50:07","slug":"o-p-anderson-miniature-mix-10-x-5-cl-37","status":"publish","type":"product","link":"https:\/\/www.raschvin.com\/sv\/produkt\/o-p-anderson-miniature-mix-10-x-5-cl-37\/","title":{"rendered":"O.P. Anderson Selection Mix (ECO) 10&#215;5 cl. 37%"},"content":{"rendered":"<p>UPP. Anderson Miniature Mix best\u00e5r av O.P. Andersons tre traditionella aquavite-varianter; 4 Original, 3 klart och 3 o.p. Anderson Petronella. UPP. Anderson Original \u00e4r rik och balanserad med en intensiv smak av anis, kommer och f\u00e4nk\u00e5l. UPP. Anderson Ready \u00e4r kryddat som originalet, men kompletterat med tydliga, f\u00e4rska toner av citronskal och dill. UPP. Anderson Petronella \u00e4r baserat p\u00e5 det ursprungliga ett mildare alternativ som har en l\u00e4cker doft och smak av \u00e4pplen. Dessutom \u00e4r alla dessa tre varianter organiska.<\/p>\n<p>UPP. Anderson Original \u00e4r l\u00e4mpligt f\u00f6r kyld skandinavisk mat som. Fisk, skaldjur och ostar, medan O.P. Anderson Clear och Petronella passar ocks\u00e5 perfekt med skaldjur.<\/p>\n<p>10 x 5 cl. 37%<\/p>\n<p>UPP. Anderson \u00e4r den b\u00e4sts\u00e4ljande och \u00e4ldsta kryddan i Sverige. Varum\u00e4rket lanserades 1891 till \u00e4ra f\u00f6r den svenska entrepren\u00f6ren O.P. Anderson. P\u00e5 grund av det danska kvalitetsmedvetna aquavit njuter, o.p. Anderson hade en imponerande int\u00e4ktstillv\u00e4xt i Danmark.<\/p>\n","protected":false},"excerpt":{"rendered":"<p>Swedish Aquavit Giftpack<\/p>\n","protected":false},"featured_media":2441,"template":"","meta":{"_acf_changed":false,"rs_blank_template":"","rs_page_bg_color":"","slide_template_v7":""},"product_brand":[],"product_cat":[2393,2743,2753,2758],"product_tag":[],"class_list":{"0":"post-16122","1":"product","2":"type-product","3":"status-publish","4":"has-post-thumbnail","6":"product_cat-akvavit-snaps-sv","7":"product_cat-brannvin-sv","8":"product_cat-gaavor","9":"product_cat-provsmakning-set","10":"pa_land-sverige-sv","11":"pa_oekologisk-organisk","12":"pa_procent-37-sv","13":"pa_producent-altia-sv","14":"pa_volume-50-sv","16":"first","17":"instock","18":"taxable","19":"shipping-taxable","20":"purchasable","21":"product-type-simple"},"bundled_by":[],"bundle_stock_status":"instock","bundle_stock_quantity":null,"bundle_virtual":false,"bundle_layout":"","bundle_add_to_cart_form_location":"","bundle_editable_in_cart":false,"bundle_sold_individually_context":"","bundle_item_grouping":"","bundle_min_size":"","bundle_max_size":"","bundle_price":[],"bundled_items":[],"bundle_sell_ids":[],"acf":[],"_links":{"self":[{"href":"https:\/\/www.raschvin.com\/sv\/wp-json\/wp\/v2\/product\/16122","targetHints":{"allow":["GET"]}}],"collection":[{"href":"https:\/\/www.raschvin.com\/sv\/wp-json\/wp\/v2\/product"}],"about":[{"href":"https:\/\/www.raschvin.com\/sv\/wp-json\/wp\/v2\/types\/product"}],"wp:featuredmedia":[{"embeddable":true,"href":"https:\/\/www.raschvin.com\/sv\/wp-json\/wp\/v2\/media\/2441"}],"wp:attachment":[{"href":"https:\/\/www.raschvin.com\/sv\/wp-json\/wp\/v2\/media?parent=16122"}],"wp:term":[{"taxonomy":"product_brand","embeddable":true,"href":"https:\/\/www.raschvin.com\/sv\/wp-json\/wp\/v2\/product_brand?post=16122"},{"taxonomy":"product_cat","embeddable":true,"href":"https:\/\/www.raschvin.com\/sv\/wp-json\/wp\/v2\/product_cat?post=16122"},{"taxonomy":"product_tag","embeddable":true,"href":"https:\/\/www.raschvin.com\/sv\/wp-json\/wp\/v2\/product_tag?post=16122"}],"curies":[{"name":"wp","href":"https:\/\/api.w.org\/{rel}","templated":true}]}}