{"id":16121,"date":"2022-05-30T09:09:22","date_gmt":"2022-05-30T07:09:22","guid":{"rendered":"https:\/\/www.raschvin.com\/vare\/prima-svenska-nubbar-10-x-5-cl-388\/"},"modified":"2022-12-02T09:01:49","modified_gmt":"2022-12-02T08:01:49","slug":"prima-svenska-nubbar-10-x-5-cl-388","status":"publish","type":"product","link":"https:\/\/www.raschvin.com\/sv\/produkt\/prima-svenska-nubbar-10-x-5-cl-388\/","title":{"rendered":"Prima Svenska Nubbar 10&#215;5 cl. 38,8%"},"content":{"rendered":"<p>Denna &#8221;Svenska NUBBAR&#8221; fr\u00e5n Prima inneh\u00e5ller ett urval av de mest popul\u00e4ra regionala klassikerna &#8211; med stora och breda smaker.<\/p>\n<p>Svenska NUBBAR best\u00e5r av f\u00f6ljande 10 olika varianter:<\/p>\n<p>&#8211; B\u00e4ska dropppar.<br \/>\n&#8211; Gammal Norrlands Akvavit<br \/>\n&#8211; Hallands Fl\u00e4der.<br \/>\n&#8211; L\u00e4ck\u00f6 Slottets AqaUvit<br \/>\nUpp. Anderson.<br \/>\n&#8211; \u00d6rtag\u00e5rds Br\u00e4nnvin.<br \/>\n&#8211; Sk\u00e5ne Aquavit.<br \/>\n&#8211; Herrg\u00e5rds AqaUvit.<br \/>\n&#8211; \u00d6stg\u00f6ta s\u00e4des.<br \/>\n&#8211; R\u00e5ng\u00e4s.<br \/>\n10 x 5 cl. 38,8%<\/p>\n<p>Snaps \u00e4r en del av den svenska kulturhistorien och en tidl\u00f6s smak f\u00f6r mat, och s\u00e5lunda har de fantastiska svenska snapsen nu samlat under ett nytt namn &#8221;Prima Swedish Aquavit och Br\u00e4nnvin&#8221;. Namnet \u00e4r inspirerat av de gamla spritstraditionerna &#8211; som en h\u00f6gkvalitativ alkohol kallades ofta &#8221;prima&#8221;. Sammantaget best\u00e5r produktsortimentet av 13 snaps med olika kryddor och tecken.<\/p>\n","protected":false},"excerpt":{"rendered":"<p>Swedish Aquavit Giftpack<\/p>\n","protected":false},"featured_media":2437,"template":"","meta":{"_acf_changed":false,"rs_blank_template":"","rs_page_bg_color":"","slide_template_v7":""},"product_brand":[],"product_cat":[2393,2753,2754,2758],"product_tag":[],"class_list":{"0":"post-16121","1":"product","2":"type-product","3":"status-publish","4":"has-post-thumbnail","6":"product_cat-akvavit-snaps-sv","7":"product_cat-gaavor","8":"product_cat-foeretagspresenter","9":"product_cat-provsmakning-set","10":"pa_land-sverige-sv","11":"pa_procent-38-8-sv","12":"pa_producent-prima-sv","13":"pa_volume-50-sv","15":"first","16":"instock","17":"taxable","18":"shipping-taxable","19":"purchasable","20":"product-type-simple"},"bundled_by":[],"bundle_stock_status":"instock","bundle_stock_quantity":null,"bundle_virtual":false,"bundle_layout":"","bundle_add_to_cart_form_location":"","bundle_editable_in_cart":false,"bundle_sold_individually_context":"","bundle_item_grouping":"","bundle_min_size":"","bundle_max_size":"","bundle_price":[],"bundled_items":[],"bundle_sell_ids":[],"acf":[],"_links":{"self":[{"href":"https:\/\/www.raschvin.com\/sv\/wp-json\/wp\/v2\/product\/16121","targetHints":{"allow":["GET"]}}],"collection":[{"href":"https:\/\/www.raschvin.com\/sv\/wp-json\/wp\/v2\/product"}],"about":[{"href":"https:\/\/www.raschvin.com\/sv\/wp-json\/wp\/v2\/types\/product"}],"wp:featuredmedia":[{"embeddable":true,"href":"https:\/\/www.raschvin.com\/sv\/wp-json\/wp\/v2\/media\/2437"}],"wp:attachment":[{"href":"https:\/\/www.raschvin.com\/sv\/wp-json\/wp\/v2\/media?parent=16121"}],"wp:term":[{"taxonomy":"product_brand","embeddable":true,"href":"https:\/\/www.raschvin.com\/sv\/wp-json\/wp\/v2\/product_brand?post=16121"},{"taxonomy":"product_cat","embeddable":true,"href":"https:\/\/www.raschvin.com\/sv\/wp-json\/wp\/v2\/product_cat?post=16121"},{"taxonomy":"product_tag","embeddable":true,"href":"https:\/\/www.raschvin.com\/sv\/wp-json\/wp\/v2\/product_tag?post=16121"}],"curies":[{"name":"wp","href":"https:\/\/api.w.org\/{rel}","templated":true}]}}