{"id":16120,"date":"2022-05-30T09:09:22","date_gmt":"2022-05-30T07:09:22","guid":{"rendered":"https:\/\/www.raschvin.com\/vare\/o-p-anderson-aquavit-klar\/"},"modified":"2022-11-29T13:34:10","modified_gmt":"2022-11-29T12:34:10","slug":"o-p-anderson-aquavit-klar","status":"publish","type":"product","link":"https:\/\/www.raschvin.com\/sv\/produkt\/o-p-anderson-aquavit-klar\/","title":{"rendered":"O.P Anderson Klar (ECO) 70 cl. 40%"},"content":{"rendered":"<p>UPP. Anderson Ready \u00e4r en ekologisk, full och balanserad kryddad aquavite med en kraftfull smak av anis, kommer och f\u00e4nk\u00e5l &#8211; som originalet. Denna aquavite sticker ut med toner av citronskal och dill, vilket ger den en rundad och frisk smak. Korsningen av destillatet lagras p\u00e5 ekytan i minst 6 m\u00e5nader f\u00f6r att s\u00e4kerst\u00e4lla mjukhet och balans.<\/p>\n<p>Aquavite ska serveras kyld och l\u00e4mplig f\u00f6r r\u00e4tter fr\u00e5n havet.<\/p>\n<p>UPP. Anderson \u00e4r den b\u00e4sts\u00e4ljande och \u00e4ldsta kryddan i Sverige. Varum\u00e4rket lanserades 1891 till \u00e4ra f\u00f6r den svenska entrepren\u00f6ren O.P. Anderson. P\u00e5 grund av det danska kvalitetsmedvetna aquavit njuter, o.p. Anderson hade en imponerande int\u00e4ktstillv\u00e4xt i Danmark.<\/p>\n","protected":false},"excerpt":{"rendered":"<p>Swedish Aquavit<\/p>\n","protected":false},"featured_media":2433,"template":"","meta":{"_acf_changed":false,"rs_blank_template":"","rs_page_bg_color":"","slide_template_v7":""},"product_brand":[],"product_cat":[2393,2743],"product_tag":[],"class_list":{"0":"post-16120","1":"product","2":"type-product","3":"status-publish","4":"has-post-thumbnail","6":"product_cat-akvavit-snaps-sv","7":"product_cat-brannvin-sv","8":"pa_land-sverige-sv","9":"pa_oekologisk-organisk","10":"pa_procent-40-sv-2","11":"pa_producent-altia-sv","12":"pa_volume-70-sv-2","14":"first","15":"instock","16":"taxable","17":"shipping-taxable","18":"purchasable","19":"product-type-simple"},"bundled_by":[],"bundle_stock_status":"instock","bundle_stock_quantity":null,"bundle_virtual":false,"bundle_layout":"","bundle_add_to_cart_form_location":"","bundle_editable_in_cart":false,"bundle_sold_individually_context":"","bundle_item_grouping":"","bundle_min_size":"","bundle_max_size":"","bundle_price":[],"bundled_items":[],"bundle_sell_ids":[],"acf":[],"_links":{"self":[{"href":"https:\/\/www.raschvin.com\/sv\/wp-json\/wp\/v2\/product\/16120","targetHints":{"allow":["GET"]}}],"collection":[{"href":"https:\/\/www.raschvin.com\/sv\/wp-json\/wp\/v2\/product"}],"about":[{"href":"https:\/\/www.raschvin.com\/sv\/wp-json\/wp\/v2\/types\/product"}],"wp:featuredmedia":[{"embeddable":true,"href":"https:\/\/www.raschvin.com\/sv\/wp-json\/wp\/v2\/media\/2433"}],"wp:attachment":[{"href":"https:\/\/www.raschvin.com\/sv\/wp-json\/wp\/v2\/media?parent=16120"}],"wp:term":[{"taxonomy":"product_brand","embeddable":true,"href":"https:\/\/www.raschvin.com\/sv\/wp-json\/wp\/v2\/product_brand?post=16120"},{"taxonomy":"product_cat","embeddable":true,"href":"https:\/\/www.raschvin.com\/sv\/wp-json\/wp\/v2\/product_cat?post=16120"},{"taxonomy":"product_tag","embeddable":true,"href":"https:\/\/www.raschvin.com\/sv\/wp-json\/wp\/v2\/product_tag?post=16120"}],"curies":[{"name":"wp","href":"https:\/\/api.w.org\/{rel}","templated":true}]}}