{"id":16117,"date":"2022-05-30T09:09:22","date_gmt":"2022-05-30T07:09:22","guid":{"rendered":"https:\/\/www.raschvin.com\/vare\/bornholmer-akvavit-klar\/"},"modified":"2022-10-30T09:10:56","modified_gmt":"2022-10-30T08:10:56","slug":"bornholmer-akvavit-klar","status":"publish","type":"product","link":"https:\/\/www.raschvin.com\/sv\/produkt\/bornholmer-akvavit-klar\/","title":{"rendered":"Bornholmer Akvavit Klar 70 cl. 40%"},"content":{"rendered":"<p>Bornholmer Aquavit \u00e4r en ren och klar aquavite, med sin diskreta tips av komplexet och Dildyrkon har en utm\u00e4rkt mjuk och rund smak, liksom en trevlig kryddig eftersmak. Dessa balanserade smaker g\u00f6r det till en perfekt f\u00f6ljeslagare till det goda kalla bordet eftersom det aldrig kommer att bli f\u00f6r dominerande.<\/p>\n<p>Under perioden 1855 till 1920 fanns en \u00e5ngbr\u00e4nnare i Hasle, d\u00e4r de bland annat erk\u00e4nda Aquavites producerades.<\/p>\n<p>Produktionen pr\u00e4glades av hantverk och goda r\u00e5varor &#8211; och det g\u00e4ller ocks\u00e5 idag, vilket kan smakas i varje droppe.<\/p>\n<p>Med inr\u00e4ttandet av Bornholms alkoholfabrik 1994 \u00e5terupptogs produktionen av Aquavit p\u00e5 Bornholm. &#8221;Bornholmer Aquavit&#8221; har sedan dess tillverkats p\u00e5 \u00f6n efter att ha tillverkats p\u00e5 olika st\u00e4llen under de senaste 70 \u00e5ren.<\/p>\n","protected":false},"excerpt":{"rendered":"<p>Den Bornholmske Spritfabrik Akvavit<\/p>\n","protected":false},"featured_media":2421,"template":"","meta":{"_acf_changed":false,"rs_blank_template":"","rs_page_bg_color":"","slide_template_v7":""},"product_brand":[],"product_cat":[2393],"product_tag":[],"class_list":{"0":"post-16117","1":"product","2":"type-product","3":"status-publish","4":"has-post-thumbnail","6":"product_cat-akvavit-snaps-sv","7":"pa_land-danmark-sv","8":"pa_procent-42-sv","9":"pa_producent-den-bornholmske-spritfabrik-sv","10":"pa_volume-70-sv-2","12":"first","13":"instock","14":"sale","15":"taxable","16":"shipping-taxable","17":"purchasable","18":"product-type-simple"},"bundled_by":[],"bundle_stock_status":"instock","bundle_stock_quantity":null,"bundle_virtual":false,"bundle_layout":"","bundle_add_to_cart_form_location":"","bundle_editable_in_cart":false,"bundle_sold_individually_context":"","bundle_item_grouping":"","bundle_min_size":"","bundle_max_size":"","bundle_price":[],"bundled_items":[],"bundle_sell_ids":[],"acf":[],"_links":{"self":[{"href":"https:\/\/www.raschvin.com\/sv\/wp-json\/wp\/v2\/product\/16117","targetHints":{"allow":["GET"]}}],"collection":[{"href":"https:\/\/www.raschvin.com\/sv\/wp-json\/wp\/v2\/product"}],"about":[{"href":"https:\/\/www.raschvin.com\/sv\/wp-json\/wp\/v2\/types\/product"}],"wp:featuredmedia":[{"embeddable":true,"href":"https:\/\/www.raschvin.com\/sv\/wp-json\/wp\/v2\/media\/2421"}],"wp:attachment":[{"href":"https:\/\/www.raschvin.com\/sv\/wp-json\/wp\/v2\/media?parent=16117"}],"wp:term":[{"taxonomy":"product_brand","embeddable":true,"href":"https:\/\/www.raschvin.com\/sv\/wp-json\/wp\/v2\/product_brand?post=16117"},{"taxonomy":"product_cat","embeddable":true,"href":"https:\/\/www.raschvin.com\/sv\/wp-json\/wp\/v2\/product_cat?post=16117"},{"taxonomy":"product_tag","embeddable":true,"href":"https:\/\/www.raschvin.com\/sv\/wp-json\/wp\/v2\/product_tag?post=16117"}],"curies":[{"name":"wp","href":"https:\/\/api.w.org\/{rel}","templated":true}]}}