{"id":16116,"date":"2022-05-30T09:09:22","date_gmt":"2022-05-30T07:09:22","guid":{"rendered":"https:\/\/www.raschvin.com\/vare\/froken-nielsens-sommersnaps\/"},"modified":"2022-11-17T16:05:44","modified_gmt":"2022-11-17T15:05:44","slug":"froeken-nielsens-sommersnaps","status":"publish","type":"product","link":"https:\/\/www.raschvin.com\/sv\/produkt\/froeken-nielsens-sommersnaps\/","title":{"rendered":"Fr\u00f8ken Nielsens Sommersnaps 50 cl. 38%"},"content":{"rendered":"<p>Efter mer \u00e4n 16 \u00e5rs framg\u00e5ngsrik r\u00f6relse i de danska hemmen, Dr. Nielsens bittra stolt presenterar sin &#8221;lillasyster&#8221; &#8211; Original Miss Nielsens sommarskinn, i maj 2004. Original Fr\u00f6ken Nielsen Sommernaps \u00e4r smaken av dansk sommar! Den \u00e4r utvecklad av Johs. M. KLEINs egna vintyper. Den \u00e4r tillverkad som en andar och kryddat med den danska sommarens b\u00e4r och hyllblomma. Och som glasyren p\u00e5 kakan &#8211; en liten touch av blomman fr\u00e5n vildv\u00e4xande humle.<\/p>\n<p>Original Fr\u00f6ken Nielsens sommarskinn \u00e4r &#8211; som original Dr. Nielsens bittra &#8211; helt sj\u00e4lv. Med en liten s\u00f6t doft som Eau de Vie och karakt\u00e4ristiska som hemlagad kryddv\u00e4ska. Server Original Fr\u00f6ken Nielsens sommarskinn vid rumstemperatur eller kyld. Njut av det i NY och sedan, med en bra \u00f6l, en h\u00e4rlig lunch, en kopp kaffe eller bara i gott f\u00f6retag.<\/p>\n","protected":false},"excerpt":{"rendered":"<p>Danish Summer Snaps<\/p>\n","protected":false},"featured_media":2417,"template":"","meta":{"_acf_changed":false,"rs_blank_template":"","rs_page_bg_color":"","slide_template_v7":""},"product_brand":[],"product_cat":[2393],"product_tag":[],"class_list":{"0":"post-16116","1":"product","2":"type-product","3":"status-publish","4":"has-post-thumbnail","6":"product_cat-akvavit-snaps-sv","7":"pa_land-danmark-sv","8":"pa_procent-38-sv","9":"pa_producent-johs-m-klein-sv","10":"pa_volume-50-sv","12":"first","13":"instock","14":"taxable","15":"shipping-taxable","16":"purchasable","17":"product-type-simple"},"bundled_by":[],"bundle_stock_status":"instock","bundle_stock_quantity":null,"bundle_virtual":false,"bundle_layout":"","bundle_add_to_cart_form_location":"","bundle_editable_in_cart":false,"bundle_sold_individually_context":"","bundle_item_grouping":"","bundle_min_size":"","bundle_max_size":"","bundle_price":[],"bundled_items":[],"bundle_sell_ids":[],"acf":[],"_links":{"self":[{"href":"https:\/\/www.raschvin.com\/sv\/wp-json\/wp\/v2\/product\/16116","targetHints":{"allow":["GET"]}}],"collection":[{"href":"https:\/\/www.raschvin.com\/sv\/wp-json\/wp\/v2\/product"}],"about":[{"href":"https:\/\/www.raschvin.com\/sv\/wp-json\/wp\/v2\/types\/product"}],"wp:featuredmedia":[{"embeddable":true,"href":"https:\/\/www.raschvin.com\/sv\/wp-json\/wp\/v2\/media\/2417"}],"wp:attachment":[{"href":"https:\/\/www.raschvin.com\/sv\/wp-json\/wp\/v2\/media?parent=16116"}],"wp:term":[{"taxonomy":"product_brand","embeddable":true,"href":"https:\/\/www.raschvin.com\/sv\/wp-json\/wp\/v2\/product_brand?post=16116"},{"taxonomy":"product_cat","embeddable":true,"href":"https:\/\/www.raschvin.com\/sv\/wp-json\/wp\/v2\/product_cat?post=16116"},{"taxonomy":"product_tag","embeddable":true,"href":"https:\/\/www.raschvin.com\/sv\/wp-json\/wp\/v2\/product_tag?post=16116"}],"curies":[{"name":"wp","href":"https:\/\/api.w.org\/{rel}","templated":true}]}}