{"id":16114,"date":"2022-05-30T09:09:22","date_gmt":"2022-05-30T07:09:22","guid":{"rendered":"https:\/\/www.raschvin.com\/vare\/hoker-snaps-gylden-mild\/"},"modified":"2022-11-21T09:00:28","modified_gmt":"2022-11-21T08:00:28","slug":"hoeker-snaps-gylden-mild","status":"publish","type":"product","link":"https:\/\/www.raschvin.com\/sv\/produkt\/hoeker-snaps-gylden-mild\/","title":{"rendered":"H\u00f8ker Snaps Gylden Mild 70 cl. 32%"},"content":{"rendered":"<p>Namnet i sig s\u00e4ger mycket om vad som k\u00e4nnetecknar dessa snaps lanserade 1992. Men inte allt.<\/p>\n<p>Den best\u00e5r av destillat av kom- och dillfr\u00f6, amerikansk ek och citronskal, och det blygsamma inneh\u00e5llet av alkohol g\u00f6r det mildt och s\u00e4llskapligt. Men det betyder inte att smaken saknar karakt\u00e4r.<\/p>\n<p>Smaken \u00e4r mildt kryddat och ger ett f\u00f6rsta intryck av komplexet, anis och citrus. Om du ger det en sekund att utvecklas helt, kommer du att uppt\u00e4cka att det l\u00e4mnar ber\u00f6ring av \u00e4pple och hasseln\u00f6tter.<\/p>\n<p>Golden H\u00f8ks snaps \u00e4r l\u00e4mpliga f\u00f6r lutat ljust k\u00f6tt och fisk samt m\u00e5nga l\u00e4tta r\u00e4tter.<\/p>\n","protected":false},"excerpt":{"rendered":"<p>Danish Snaps<\/p>\n","protected":false},"featured_media":2409,"template":"","meta":{"_acf_changed":false,"rs_blank_template":"","rs_page_bg_color":"","slide_template_v7":""},"product_brand":[],"product_cat":[2393,2743],"product_tag":[],"class_list":{"0":"post-16114","1":"product","2":"type-product","3":"status-publish","4":"has-post-thumbnail","6":"product_cat-akvavit-snaps-sv","7":"product_cat-brannvin-sv","8":"pa_land-danmark-sv","9":"pa_procent-32-sv","10":"pa_producent-de-danske-spritfabrikker-sv","11":"pa_volume-70-sv-2","13":"first","14":"instock","15":"taxable","16":"shipping-taxable","17":"purchasable","18":"product-type-simple"},"bundled_by":[],"bundle_stock_status":"instock","bundle_stock_quantity":null,"bundle_virtual":false,"bundle_layout":"","bundle_add_to_cart_form_location":"","bundle_editable_in_cart":false,"bundle_sold_individually_context":"","bundle_item_grouping":"","bundle_min_size":"","bundle_max_size":"","bundle_price":[],"bundled_items":[],"bundle_sell_ids":[],"acf":[],"_links":{"self":[{"href":"https:\/\/www.raschvin.com\/sv\/wp-json\/wp\/v2\/product\/16114","targetHints":{"allow":["GET"]}}],"collection":[{"href":"https:\/\/www.raschvin.com\/sv\/wp-json\/wp\/v2\/product"}],"about":[{"href":"https:\/\/www.raschvin.com\/sv\/wp-json\/wp\/v2\/types\/product"}],"wp:featuredmedia":[{"embeddable":true,"href":"https:\/\/www.raschvin.com\/sv\/wp-json\/wp\/v2\/media\/2409"}],"wp:attachment":[{"href":"https:\/\/www.raschvin.com\/sv\/wp-json\/wp\/v2\/media?parent=16114"}],"wp:term":[{"taxonomy":"product_brand","embeddable":true,"href":"https:\/\/www.raschvin.com\/sv\/wp-json\/wp\/v2\/product_brand?post=16114"},{"taxonomy":"product_cat","embeddable":true,"href":"https:\/\/www.raschvin.com\/sv\/wp-json\/wp\/v2\/product_cat?post=16114"},{"taxonomy":"product_tag","embeddable":true,"href":"https:\/\/www.raschvin.com\/sv\/wp-json\/wp\/v2\/product_tag?post=16114"}],"curies":[{"name":"wp","href":"https:\/\/api.w.org\/{rel}","templated":true}]}}