{"id":16113,"date":"2022-05-30T09:08:23","date_gmt":"2022-05-30T07:08:23","guid":{"rendered":"https:\/\/www.raschvin.com\/vare\/hoker-snaps-klar-mild\/"},"modified":"2022-11-21T09:03:03","modified_gmt":"2022-11-21T08:03:03","slug":"hoeker-snaps-klar-mild","status":"publish","type":"product","link":"https:\/\/www.raschvin.com\/sv\/produkt\/hoeker-snaps-klar-mild\/","title":{"rendered":"H\u00f8ker Snaps Klar Mild 70 cl. 32%"},"content":{"rendered":"<p>Clear H\u00f8ker Snaps lanserades 1991 som ett svar p\u00e5 alla som trodde att en snaps m\u00e5ste bita f\u00f6r att smaka p\u00e5 n\u00e5got. Med en alkoholstyrka p\u00e5 32% bevis Klar faror som den inte passar.<\/p>\n<p>Rensa lager snaps \u00e4r \u00e4ven om b\u00e5de mild och s\u00e4llskaplig &#8211; men smak har massor av. Det beror p\u00e5 destillatet av dill, koriander och komplexa fr\u00f6n, som snaps \u00e4r gjorda. Om du dyker in i smaken, m\u00f6ter du omedelbart de tv\u00e5 tidigare. Om du s\u00f6ker lite djupare, kan du k\u00e4nna den milda ber\u00f6ringen av frukt med n\u00e4stan nutty karakt\u00e4r.<\/p>\n<p>Rensa lager Snaps \u00e4r bra f\u00f6r en bit med blasted Calce Tungs med pepparrot och g\u00e5r ocks\u00e5 riktigt bra f\u00f6r en bra rumlande korv.<\/p>\n","protected":false},"excerpt":{"rendered":"<p>Danish Snaps<\/p>\n","protected":false},"featured_media":2405,"template":"","meta":{"_acf_changed":false,"rs_blank_template":"","rs_page_bg_color":"","slide_template_v7":""},"product_brand":[],"product_cat":[2393],"product_tag":[],"class_list":{"0":"post-16113","1":"product","2":"type-product","3":"status-publish","4":"has-post-thumbnail","6":"product_cat-akvavit-snaps-sv","7":"pa_land-danmark-sv","8":"pa_procent-32-sv","9":"pa_producent-de-danske-spritfabrikker-sv","10":"pa_volume-70-sv-2","12":"first","13":"instock","14":"taxable","15":"shipping-taxable","16":"purchasable","17":"product-type-simple"},"bundled_by":[],"bundle_stock_status":"instock","bundle_stock_quantity":null,"bundle_virtual":false,"bundle_layout":"","bundle_add_to_cart_form_location":"","bundle_editable_in_cart":false,"bundle_sold_individually_context":"","bundle_item_grouping":"","bundle_min_size":"","bundle_max_size":"","bundle_price":[],"bundled_items":[],"bundle_sell_ids":[],"acf":[],"_links":{"self":[{"href":"https:\/\/www.raschvin.com\/sv\/wp-json\/wp\/v2\/product\/16113","targetHints":{"allow":["GET"]}}],"collection":[{"href":"https:\/\/www.raschvin.com\/sv\/wp-json\/wp\/v2\/product"}],"about":[{"href":"https:\/\/www.raschvin.com\/sv\/wp-json\/wp\/v2\/types\/product"}],"wp:featuredmedia":[{"embeddable":true,"href":"https:\/\/www.raschvin.com\/sv\/wp-json\/wp\/v2\/media\/2405"}],"wp:attachment":[{"href":"https:\/\/www.raschvin.com\/sv\/wp-json\/wp\/v2\/media?parent=16113"}],"wp:term":[{"taxonomy":"product_brand","embeddable":true,"href":"https:\/\/www.raschvin.com\/sv\/wp-json\/wp\/v2\/product_brand?post=16113"},{"taxonomy":"product_cat","embeddable":true,"href":"https:\/\/www.raschvin.com\/sv\/wp-json\/wp\/v2\/product_cat?post=16113"},{"taxonomy":"product_tag","embeddable":true,"href":"https:\/\/www.raschvin.com\/sv\/wp-json\/wp\/v2\/product_tag?post=16113"}],"curies":[{"name":"wp","href":"https:\/\/api.w.org\/{rel}","templated":true}]}}