{"id":16106,"date":"2022-05-30T09:08:23","date_gmt":"2022-05-30T07:08:23","guid":{"rendered":"https:\/\/www.raschvin.com\/vare\/aalborg-nordguld\/"},"modified":"2022-10-31T17:06:24","modified_gmt":"2022-10-31T16:06:24","slug":"aalborg-nordguld","status":"publish","type":"product","link":"https:\/\/www.raschvin.com\/sv\/produkt\/aalborg-nordguld\/","title":{"rendered":"Aalborg Nordguld 70 cl. 40%"},"content":{"rendered":"<p>Aalborg North Gold Aquavit lanserades 2007 och \u00e4r v\u00e4rldens f\u00f6rsta och p.t. Endast aquavite som inneh\u00e5ller smak\u00e4mnen som har inkapslats i gult upp till 30 miljoner \u00e5r. Rav kallas \u00e4ven Nordens guld. D\u00e4rf\u00f6r namnet.<\/p>\n<p>F\u00f6rutom destillat av b\u00e4rnsten inneh\u00e5ller norra viken destillat av kom- och dillfr\u00f6n. Den sista touchen f\u00e5r det efter att ha lagrats p\u00e5 Sherry Fade.<\/p>\n<p>F\u00f6rsta smakvisningar pekar p\u00e5 komplexa fr\u00f6 och diskret vanilj. Men du ger en chans till en chans, du upplever smaken av b\u00e4rnsten, som f\u00e5r m\u00e5nga att t\u00e4nka p\u00e5 rosmarin, killar halsar och harts.<\/p>\n<p>Med sin runda smak \u00e4r Aalborg North Gold Aquavit s\u00e4rskilt l\u00e4mplig f\u00f6r saltet och r\u00f6kt mat och \u00e4r den f\u00f6dda f\u00f6ljeslagaren till en bit med r\u00f6kt lax eller en potatismat garnerad med bacon.<\/p>\n","protected":false},"excerpt":{"rendered":"<p>Aalborg Akvavit &#8211; Danish Akvavit<\/p>\n","protected":false},"featured_media":2377,"template":"","meta":{"_acf_changed":false,"rs_blank_template":"","rs_page_bg_color":"","slide_template_v7":""},"product_brand":[],"product_cat":[2393,2743],"product_tag":[],"class_list":{"0":"post-16106","1":"product","2":"type-product","3":"status-publish","4":"has-post-thumbnail","6":"product_cat-akvavit-snaps-sv","7":"product_cat-brannvin-sv","8":"pa_land-danmark-sv","9":"pa_procent-40-sv-2","10":"pa_producent-de-danske-spritfabrikker-sv","11":"pa_volume-70-sv-2","13":"first","14":"instock","15":"taxable","16":"shipping-taxable","17":"purchasable","18":"product-type-simple"},"bundled_by":[],"bundle_stock_status":"instock","bundle_stock_quantity":null,"bundle_virtual":false,"bundle_layout":"","bundle_add_to_cart_form_location":"","bundle_editable_in_cart":false,"bundle_sold_individually_context":"","bundle_item_grouping":"","bundle_min_size":"","bundle_max_size":"","bundle_price":[],"bundled_items":[],"bundle_sell_ids":[],"acf":[],"_links":{"self":[{"href":"https:\/\/www.raschvin.com\/sv\/wp-json\/wp\/v2\/product\/16106","targetHints":{"allow":["GET"]}}],"collection":[{"href":"https:\/\/www.raschvin.com\/sv\/wp-json\/wp\/v2\/product"}],"about":[{"href":"https:\/\/www.raschvin.com\/sv\/wp-json\/wp\/v2\/types\/product"}],"wp:featuredmedia":[{"embeddable":true,"href":"https:\/\/www.raschvin.com\/sv\/wp-json\/wp\/v2\/media\/2377"}],"wp:attachment":[{"href":"https:\/\/www.raschvin.com\/sv\/wp-json\/wp\/v2\/media?parent=16106"}],"wp:term":[{"taxonomy":"product_brand","embeddable":true,"href":"https:\/\/www.raschvin.com\/sv\/wp-json\/wp\/v2\/product_brand?post=16106"},{"taxonomy":"product_cat","embeddable":true,"href":"https:\/\/www.raschvin.com\/sv\/wp-json\/wp\/v2\/product_cat?post=16106"},{"taxonomy":"product_tag","embeddable":true,"href":"https:\/\/www.raschvin.com\/sv\/wp-json\/wp\/v2\/product_tag?post=16106"}],"curies":[{"name":"wp","href":"https:\/\/api.w.org\/{rel}","templated":true}]}}