{"id":16105,"date":"2022-05-30T09:08:23","date_gmt":"2022-05-30T07:08:23","guid":{"rendered":"https:\/\/www.raschvin.com\/vare\/aalborg-porse-aalborg-snaps\/"},"modified":"2022-10-31T17:08:49","modified_gmt":"2022-10-31T16:08:49","slug":"aalborg-porse-aalborg-snaps","status":"publish","type":"product","link":"https:\/\/www.raschvin.com\/sv\/produkt\/aalborg-porse-aalborg-snaps\/","title":{"rendered":"Aalborg Porse Snaps 70 cl. 40%"},"content":{"rendered":"<p>Aalborg Porse Snaps lanseras 1965 och h\u00e4rr\u00f6r fr\u00e5n dansk Spice Class Tradition. Det \u00e4r gjord p\u00e5 extrakt av porse fr\u00e5n liten vildmos och smakade med Sherry och Rosemaryestillat.<\/p>\n<p>Smaken b\u00e4rs av den \u00f6rt\u00f6sa, f\u00e4rska pornze men kompletteras av Frankrike of Rosemary. Du kan ocks\u00e5 identifiera diskreta undertoner av karamelll och honung i eftersmaken, smakl\u00f6karna \u00e4r i finaste form.<\/p>\n<p>Aalborg Porse Snaps \u00e4r den perfekta matchen f\u00f6r alla typer av ost. Njut av det t.ex. F\u00f6r en bit med gammal ost, moln och l\u00f6k eller en bit med bl\u00e5ost, kan du h\u00f6ra \u00e4nglarna sjunga.<\/p>\n","protected":false},"excerpt":{"rendered":"<p>Aalborg Akvavit &#8211; Danish Akvavit<\/p>\n","protected":false},"featured_media":2373,"template":"","meta":{"_acf_changed":false,"rs_blank_template":"","rs_page_bg_color":"","slide_template_v7":""},"product_brand":[],"product_cat":[2743,2393],"product_tag":[],"class_list":{"0":"post-16105","1":"product","2":"type-product","3":"status-publish","4":"has-post-thumbnail","6":"product_cat-brannvin-sv","7":"product_cat-akvavit-snaps-sv","8":"pa_land-danmark-sv","9":"pa_procent-37-5-sv","10":"pa_producent-de-danske-spritfabrikker-sv","11":"pa_volume-70-sv-2","13":"first","14":"instock","15":"taxable","16":"shipping-taxable","17":"purchasable","18":"product-type-simple"},"bundled_by":[],"bundle_stock_status":"instock","bundle_stock_quantity":null,"bundle_virtual":false,"bundle_layout":"","bundle_add_to_cart_form_location":"","bundle_editable_in_cart":false,"bundle_sold_individually_context":"","bundle_item_grouping":"","bundle_min_size":"","bundle_max_size":"","bundle_price":[],"bundled_items":[],"bundle_sell_ids":[],"acf":[],"_links":{"self":[{"href":"https:\/\/www.raschvin.com\/sv\/wp-json\/wp\/v2\/product\/16105","targetHints":{"allow":["GET"]}}],"collection":[{"href":"https:\/\/www.raschvin.com\/sv\/wp-json\/wp\/v2\/product"}],"about":[{"href":"https:\/\/www.raschvin.com\/sv\/wp-json\/wp\/v2\/types\/product"}],"wp:featuredmedia":[{"embeddable":true,"href":"https:\/\/www.raschvin.com\/sv\/wp-json\/wp\/v2\/media\/2373"}],"wp:attachment":[{"href":"https:\/\/www.raschvin.com\/sv\/wp-json\/wp\/v2\/media?parent=16105"}],"wp:term":[{"taxonomy":"product_brand","embeddable":true,"href":"https:\/\/www.raschvin.com\/sv\/wp-json\/wp\/v2\/product_brand?post=16105"},{"taxonomy":"product_cat","embeddable":true,"href":"https:\/\/www.raschvin.com\/sv\/wp-json\/wp\/v2\/product_cat?post=16105"},{"taxonomy":"product_tag","embeddable":true,"href":"https:\/\/www.raschvin.com\/sv\/wp-json\/wp\/v2\/product_tag?post=16105"}],"curies":[{"name":"wp","href":"https:\/\/api.w.org\/{rel}","templated":true}]}}