{"id":16104,"date":"2022-05-30T09:08:23","date_gmt":"2022-05-30T07:08:23","guid":{"rendered":"https:\/\/www.raschvin.com\/vare\/aalborg-fad-lagred-snaps\/"},"modified":"2023-06-26T21:36:50","modified_gmt":"2023-06-26T19:36:50","slug":"aalborg-fad-lagred-snaps","status":"publish","type":"product","link":"https:\/\/www.raschvin.com\/sv\/produkt\/aalborg-fad-lagred-snaps\/","title":{"rendered":"Aalborg FAD Lagret Snaps 70 cl. 37,5%"},"content":{"rendered":"<p>Aalborg Fad \u00e4r den senaste medlemmen av Aalborg-familjen och \u00e4r till v\u00e4rlden f\u00f6r att f\u00e5 nya smaker till bordet. Aalborgs matr\u00e4tt \u00e4r en snaps som inneh\u00e5ller en aquavite som har varit 4 m\u00e5nader p\u00e5 Sherry Fade. Men det har ocks\u00e5 lagt till v\u00e4rme fr\u00e5n Karibien egna i form av Rom, som har lagrats i mer \u00e4n 20 \u00e5r. Precis exakt \u00e4r kompositionen ganska ett unikt resultat.<\/p>\n<p>Det finns inte mycket traditionellt kommitt\u00e9 \u00f6ver Aalborgs matr\u00e4tt. Det f\u00f6rsta doftrycket skickar utan sv\u00e5righetsbrott mot varmare skies, eftersom rummet beh\u00f6ver klart.<br \/>\nSmaken \u00e4r mild, rund och varm f\u00f6r att inte gl\u00f6mma hur pomerans och citronskal med vanilj fr\u00e5n ROM. En vacker snaps f\u00f6r dem som \u00e4r mer milda och runda \u00e4n starka och vinklar.<\/p>\n<p>Aalborgsr\u00e4tt passar perfekt f\u00f6r saltet och r\u00f6kt smak som k\u00f6tt och fisk. Bl\u00e5 ost ost, Vesterhavs ost och andra och fasta lagrade ostar l\u00e4gger ocks\u00e5 en vacker mening f\u00f6r m\u00e5ltiden p\u00e5 samma s\u00e4tt som chokladbes\u00e4ttningar fullbordar smakupplevelsen n\u00e4r de f\u00e5r f\u00f6retaget med en Aalborgs matr\u00e4tt.<\/p>\n","protected":false},"excerpt":{"rendered":"<p>Aalborg Akvavit &#8211; Danish Akvavit<\/p>\n","protected":false},"featured_media":2369,"template":"","meta":{"_acf_changed":false,"rs_blank_template":"","rs_page_bg_color":"","slide_template_v7":""},"product_brand":[],"product_cat":[2393],"product_tag":[],"class_list":{"0":"post-16104","1":"product","2":"type-product","3":"status-publish","4":"has-post-thumbnail","6":"product_cat-akvavit-snaps-sv","7":"pa_land-danmark-sv","8":"pa_procent-37-5-sv","9":"pa_producent-de-danske-spritfabrikker-sv","10":"pa_volume-70-sv-2","12":"first","13":"instock","14":"taxable","15":"shipping-taxable","16":"purchasable","17":"product-type-simple"},"bundled_by":[],"bundle_stock_status":"instock","bundle_stock_quantity":null,"bundle_virtual":false,"bundle_layout":"","bundle_add_to_cart_form_location":"","bundle_editable_in_cart":false,"bundle_sold_individually_context":"","bundle_item_grouping":"","bundle_min_size":"","bundle_max_size":"","bundle_price":[],"bundled_items":[],"bundle_sell_ids":[],"acf":[],"_links":{"self":[{"href":"https:\/\/www.raschvin.com\/sv\/wp-json\/wp\/v2\/product\/16104","targetHints":{"allow":["GET"]}}],"collection":[{"href":"https:\/\/www.raschvin.com\/sv\/wp-json\/wp\/v2\/product"}],"about":[{"href":"https:\/\/www.raschvin.com\/sv\/wp-json\/wp\/v2\/types\/product"}],"wp:featuredmedia":[{"embeddable":true,"href":"https:\/\/www.raschvin.com\/sv\/wp-json\/wp\/v2\/media\/2369"}],"wp:attachment":[{"href":"https:\/\/www.raschvin.com\/sv\/wp-json\/wp\/v2\/media?parent=16104"}],"wp:term":[{"taxonomy":"product_brand","embeddable":true,"href":"https:\/\/www.raschvin.com\/sv\/wp-json\/wp\/v2\/product_brand?post=16104"},{"taxonomy":"product_cat","embeddable":true,"href":"https:\/\/www.raschvin.com\/sv\/wp-json\/wp\/v2\/product_cat?post=16104"},{"taxonomy":"product_tag","embeddable":true,"href":"https:\/\/www.raschvin.com\/sv\/wp-json\/wp\/v2\/product_tag?post=16104"}],"curies":[{"name":"wp","href":"https:\/\/api.w.org\/{rel}","templated":true}]}}