{"id":16103,"date":"2022-05-30T09:07:25","date_gmt":"2022-05-30T07:07:25","guid":{"rendered":"https:\/\/www.raschvin.com\/vare\/aalborg-dild\/"},"modified":"2022-10-31T16:52:11","modified_gmt":"2022-10-31T15:52:11","slug":"aalborg-dild","status":"publish","type":"product","link":"https:\/\/www.raschvin.com\/sv\/produkt\/aalborg-dild\/","title":{"rendered":"Aalborg Dild 70 cl. 38%"},"content":{"rendered":"<p>Topp till 2010 saknade skaldjuren en aquavite, som var s\u00e4rskilt l\u00e4mplig f\u00f6r bara dem. Men d\u00e5 gjorde vi n\u00e5got om det.<\/p>\n<p>Aalborg Dild Aquavit \u00e4r gjord p\u00e5 destillat av f\u00e4rsk gr\u00f6n dildurt s\u00e5v\u00e4l som dill och citronskal.<\/p>\n<p>Det f\u00f6rsta smakintrycket skapar omedelbart bilder av daggf\u00e4rsk gr\u00f6n dill kompletterad med en ledtr\u00e5ds citrus. I eftersmaken kan du hitta diskret touch av anis.<\/p>\n<p>Aalborg Dildakvavit \u00e4r skapad f\u00f6r alla slags skaldjur &#8211; b\u00e5de varmt och kallt. Till exempel. \u00c4r det perfekt f\u00f6r en bit med \u00e4gg och r\u00e4kor.<\/p>\n","protected":false},"excerpt":{"rendered":"<p>Aalborg Akvavit &#8211; Danish Akvavit<\/p>\n","protected":false},"featured_media":2365,"template":"","meta":{"_acf_changed":false,"rs_blank_template":"","rs_page_bg_color":"","slide_template_v7":""},"product_brand":[],"product_cat":[2393,2743],"product_tag":[],"class_list":{"0":"post-16103","1":"product","2":"type-product","3":"status-publish","4":"has-post-thumbnail","6":"product_cat-akvavit-snaps-sv","7":"product_cat-brannvin-sv","8":"pa_land-danmark-sv","9":"pa_procent-38-sv","10":"pa_producent-de-danske-spritfabrikker-sv","11":"pa_volume-70-sv-2","13":"first","14":"instock","15":"taxable","16":"shipping-taxable","17":"purchasable","18":"product-type-simple"},"bundled_by":[],"bundle_stock_status":"instock","bundle_stock_quantity":null,"bundle_virtual":false,"bundle_layout":"","bundle_add_to_cart_form_location":"","bundle_editable_in_cart":false,"bundle_sold_individually_context":"","bundle_item_grouping":"","bundle_min_size":"","bundle_max_size":"","bundle_price":[],"bundled_items":[],"bundle_sell_ids":[],"acf":[],"_links":{"self":[{"href":"https:\/\/www.raschvin.com\/sv\/wp-json\/wp\/v2\/product\/16103","targetHints":{"allow":["GET"]}}],"collection":[{"href":"https:\/\/www.raschvin.com\/sv\/wp-json\/wp\/v2\/product"}],"about":[{"href":"https:\/\/www.raschvin.com\/sv\/wp-json\/wp\/v2\/types\/product"}],"wp:featuredmedia":[{"embeddable":true,"href":"https:\/\/www.raschvin.com\/sv\/wp-json\/wp\/v2\/media\/2365"}],"wp:attachment":[{"href":"https:\/\/www.raschvin.com\/sv\/wp-json\/wp\/v2\/media?parent=16103"}],"wp:term":[{"taxonomy":"product_brand","embeddable":true,"href":"https:\/\/www.raschvin.com\/sv\/wp-json\/wp\/v2\/product_brand?post=16103"},{"taxonomy":"product_cat","embeddable":true,"href":"https:\/\/www.raschvin.com\/sv\/wp-json\/wp\/v2\/product_cat?post=16103"},{"taxonomy":"product_tag","embeddable":true,"href":"https:\/\/www.raschvin.com\/sv\/wp-json\/wp\/v2\/product_tag?post=16103"}],"curies":[{"name":"wp","href":"https:\/\/api.w.org\/{rel}","templated":true}]}}