{"id":16102,"date":"2022-05-30T09:07:25","date_gmt":"2022-05-30T07:07:25","guid":{"rendered":"https:\/\/www.raschvin.com\/vare\/aalborg-export\/"},"modified":"2022-10-31T16:57:21","modified_gmt":"2022-10-31T15:57:21","slug":"aalborg-export","status":"publish","type":"product","link":"https:\/\/www.raschvin.com\/sv\/produkt\/aalborg-export\/","title":{"rendered":"Aalborg Export 70 cl. 38%"},"content":{"rendered":"<p>C. A. Olesen var en av grundarna till de danska alkoholfabrikerna och har listat namn p\u00e5 en gata i Aalborg. Den nya Golden AquaVite, som han lanserade 1913, \u00e5 andra sidan, var inte namngiven efter honom. Det heter Aalborg Export Aquavit.<\/p>\n<p>Aalborg Export Aquavit \u00e4r gjord p\u00e5 destillat av komplexet och rundad med sherry. Den har en rund, nyanserad smak, eftersom aromen fr\u00e5n komplexet kompletteras med nyanser av pr\u00e4st och orange.<\/p>\n<p>Aalborg Export Akvavit passar till stor del f\u00f6r all mat. Men kanske extra bra f\u00f6r stekt fisk, k\u00f6tt med lite r\u00f6kt smak, hamburging eller en klassisk h\u00f6ns sallad.<\/p>\n","protected":false},"excerpt":{"rendered":"<p>Aalborg Akvavit &#8211; Danish Akvavit<\/p>\n","protected":false},"featured_media":2361,"template":"","meta":{"_acf_changed":false,"rs_blank_template":"","rs_page_bg_color":"","slide_template_v7":""},"product_brand":[],"product_cat":[2393],"product_tag":[],"class_list":{"0":"post-16102","1":"product","2":"type-product","3":"status-publish","4":"has-post-thumbnail","6":"product_cat-akvavit-snaps-sv","7":"pa_land-danmark-sv","8":"pa_procent-38-sv","9":"pa_producent-de-danske-spritfabrikker-sv","10":"pa_volume-70-sv-2","12":"first","13":"instock","14":"taxable","15":"shipping-taxable","16":"purchasable","17":"product-type-simple"},"bundled_by":[],"bundle_stock_status":"instock","bundle_stock_quantity":null,"bundle_virtual":false,"bundle_layout":"","bundle_add_to_cart_form_location":"","bundle_editable_in_cart":false,"bundle_sold_individually_context":"","bundle_item_grouping":"","bundle_min_size":"","bundle_max_size":"","bundle_price":[],"bundled_items":[],"bundle_sell_ids":[],"acf":[],"_links":{"self":[{"href":"https:\/\/www.raschvin.com\/sv\/wp-json\/wp\/v2\/product\/16102","targetHints":{"allow":["GET"]}}],"collection":[{"href":"https:\/\/www.raschvin.com\/sv\/wp-json\/wp\/v2\/product"}],"about":[{"href":"https:\/\/www.raschvin.com\/sv\/wp-json\/wp\/v2\/types\/product"}],"wp:featuredmedia":[{"embeddable":true,"href":"https:\/\/www.raschvin.com\/sv\/wp-json\/wp\/v2\/media\/2361"}],"wp:attachment":[{"href":"https:\/\/www.raschvin.com\/sv\/wp-json\/wp\/v2\/media?parent=16102"}],"wp:term":[{"taxonomy":"product_brand","embeddable":true,"href":"https:\/\/www.raschvin.com\/sv\/wp-json\/wp\/v2\/product_brand?post=16102"},{"taxonomy":"product_cat","embeddable":true,"href":"https:\/\/www.raschvin.com\/sv\/wp-json\/wp\/v2\/product_cat?post=16102"},{"taxonomy":"product_tag","embeddable":true,"href":"https:\/\/www.raschvin.com\/sv\/wp-json\/wp\/v2\/product_tag?post=16102"}],"curies":[{"name":"wp","href":"https:\/\/api.w.org\/{rel}","templated":true}]}}