{"id":16100,"date":"2022-05-30T09:07:25","date_gmt":"2022-05-30T07:07:25","guid":{"rendered":"https:\/\/www.raschvin.com\/vare\/aalborg-krone\/"},"modified":"2022-10-31T17:04:47","modified_gmt":"2022-10-31T16:04:47","slug":"aalborg-krone","status":"publish","type":"product","link":"https:\/\/www.raschvin.com\/sv\/produkt\/aalborg-krone\/","title":{"rendered":"Aalborg Krone\u00a070 cl. 40%"},"content":{"rendered":"<p>En klassisk aquavite fr\u00e5n 1990 med gamla dygder &#8211; en fin mjuk och rund smak med en komplex arom sammans\u00e4ttning av dill och kommer i interaktion med t.ex. Koriander och grapefrukt. \u00c5tnj\u00f6t b\u00e4st kylda.<\/p>\n","protected":false},"excerpt":{"rendered":"<p>Aalborg Akvavit &#8211; Danish Akvavit<\/p>\n","protected":false},"featured_media":2353,"template":"","meta":{"_acf_changed":false,"rs_blank_template":"","rs_page_bg_color":"","slide_template_v7":""},"product_brand":[],"product_cat":[2393,2743],"product_tag":[],"class_list":{"0":"post-16100","1":"product","2":"type-product","3":"status-publish","4":"has-post-thumbnail","6":"product_cat-akvavit-snaps-sv","7":"product_cat-brannvin-sv","8":"pa_land-danmark-sv","9":"pa_procent-40-sv-2","10":"pa_producent-de-danske-spritfabrikker-sv","11":"pa_volume-70-sv-2","13":"first","14":"instock","15":"taxable","16":"shipping-taxable","17":"purchasable","18":"product-type-simple"},"bundled_by":[],"bundle_stock_status":"instock","bundle_stock_quantity":null,"bundle_virtual":false,"bundle_layout":"","bundle_add_to_cart_form_location":"","bundle_editable_in_cart":false,"bundle_sold_individually_context":"","bundle_item_grouping":"","bundle_min_size":"","bundle_max_size":"","bundle_price":[],"bundled_items":[],"bundle_sell_ids":[],"acf":[],"_links":{"self":[{"href":"https:\/\/www.raschvin.com\/sv\/wp-json\/wp\/v2\/product\/16100","targetHints":{"allow":["GET"]}}],"collection":[{"href":"https:\/\/www.raschvin.com\/sv\/wp-json\/wp\/v2\/product"}],"about":[{"href":"https:\/\/www.raschvin.com\/sv\/wp-json\/wp\/v2\/types\/product"}],"wp:featuredmedia":[{"embeddable":true,"href":"https:\/\/www.raschvin.com\/sv\/wp-json\/wp\/v2\/media\/2353"}],"wp:attachment":[{"href":"https:\/\/www.raschvin.com\/sv\/wp-json\/wp\/v2\/media?parent=16100"}],"wp:term":[{"taxonomy":"product_brand","embeddable":true,"href":"https:\/\/www.raschvin.com\/sv\/wp-json\/wp\/v2\/product_brand?post=16100"},{"taxonomy":"product_cat","embeddable":true,"href":"https:\/\/www.raschvin.com\/sv\/wp-json\/wp\/v2\/product_cat?post=16100"},{"taxonomy":"product_tag","embeddable":true,"href":"https:\/\/www.raschvin.com\/sv\/wp-json\/wp\/v2\/product_tag?post=16100"}],"curies":[{"name":"wp","href":"https:\/\/api.w.org\/{rel}","templated":true}]}}