{"id":16097,"date":"2024-05-24T08:38:25","date_gmt":"2024-05-24T06:38:25","guid":{"rendered":"https:\/\/www.raschvin.com\/vare\/brondums-snaps-original\/"},"modified":"2023-03-14T13:59:44","modified_gmt":"2023-03-14T12:59:44","slug":"broendums-snaps-original","status":"publish","type":"product","link":"https:\/\/www.raschvin.com\/sv\/produkt\/broendums-snaps-original\/","title":{"rendered":"Br\u00f8ndums Snaps &#8211; Original 70 cl. 40%"},"content":{"rendered":"<p>Br\u00f8ndums snaps \u00e4r en traditionell aquavite-etikett som g\u00e5r tillbaka till 1840, eftersom fokalvinnaren Anthon Br\u00f8ndum Foundation sin br\u00e4nnare i Snaregade i K\u00f6penhamn. Anthon Br\u00f8ndum \u00e4rvde intresse och passion av destillationskonst fr\u00e5n sin far &#8211; den garvade v\u00e4nda br\u00e4nnaren C.A. Br\u00f8ndum. Anthon Br\u00f8ndum lanserade 1840 den kraftfulla Br\u00f8ndum Kummenaquavit, som idag \u00e4r en av de \u00e4ldsta danska aquaviterna. Anthon Br\u00f8ndums egen son Alfred kom ocks\u00e5 in i f\u00f6retaget och tillsammans producerade de &#8221;A. Br\u00f8ndum och sonfuselfria bindningsvin &#8221;som omh\u00f6rdades 1916 som Br\u00f8ndums snaps Danes vet idag.<\/p>\n<p>Br\u00f8ndums snaps \u00e4r en ren och kristallklar Commenakvavit &#8211; som \u00e4r redo b\u00e5de i smaken och i glaset! Aquavite har en l\u00e4tt och torr kryddig doft av komplexet och lakrits. En bra och mild smak av komplexet och nellike med en bitter eftersmak.<\/p>\n<p>Njut av Br\u00f8ndums snaps coolt som det \u00e4r eller servera det f\u00f6r klassiska lunchljus. Aquavite \u00e4r ocks\u00e5 s\u00e4rskilt l\u00e4mplig f\u00f6r hemlagad Bjesk och Spice Caps. Det finns inget som Br\u00f8ndums snaps som kan locka sj\u00e4len och gl\u00f6da ur naturens b\u00e4r och \u00f6rter.<\/p>\n","protected":false},"excerpt":{"rendered":"<p>Traditional Danish Snaps <\/p>\n","protected":false},"featured_media":2341,"template":"","meta":{"_acf_changed":false,"rs_blank_template":"","rs_page_bg_color":"","slide_template_v7":""},"product_brand":[],"product_cat":[2393,2402,9361,9367],"product_tag":[],"class_list":{"0":"post-16097","1":"product","2":"type-product","3":"status-publish","4":"has-post-thumbnail","6":"product_cat-akvavit-snaps-sv","7":"product_cat-sprit-sv","8":"product_cat-klar","9":"product_cat-dansk","10":"pa_land-danmark-sv","11":"pa_procent-40-sv-2","12":"pa_producent-de-danske-spritfabrikker-sv","13":"pa_volume-70-sv-2","15":"first","16":"instock","17":"sale","18":"taxable","19":"shipping-taxable","20":"purchasable","21":"product-type-simple"},"bundled_by":[],"bundle_stock_status":"instock","bundle_stock_quantity":null,"bundle_virtual":false,"bundle_layout":"","bundle_add_to_cart_form_location":"","bundle_editable_in_cart":false,"bundle_sold_individually_context":"","bundle_item_grouping":"","bundle_min_size":"","bundle_max_size":"","bundle_price":[],"bundled_items":[],"bundle_sell_ids":[],"acf":[],"_links":{"self":[{"href":"https:\/\/www.raschvin.com\/sv\/wp-json\/wp\/v2\/product\/16097","targetHints":{"allow":["GET"]}}],"collection":[{"href":"https:\/\/www.raschvin.com\/sv\/wp-json\/wp\/v2\/product"}],"about":[{"href":"https:\/\/www.raschvin.com\/sv\/wp-json\/wp\/v2\/types\/product"}],"wp:featuredmedia":[{"embeddable":true,"href":"https:\/\/www.raschvin.com\/sv\/wp-json\/wp\/v2\/media\/2341"}],"wp:attachment":[{"href":"https:\/\/www.raschvin.com\/sv\/wp-json\/wp\/v2\/media?parent=16097"}],"wp:term":[{"taxonomy":"product_brand","embeddable":true,"href":"https:\/\/www.raschvin.com\/sv\/wp-json\/wp\/v2\/product_brand?post=16097"},{"taxonomy":"product_cat","embeddable":true,"href":"https:\/\/www.raschvin.com\/sv\/wp-json\/wp\/v2\/product_cat?post=16097"},{"taxonomy":"product_tag","embeddable":true,"href":"https:\/\/www.raschvin.com\/sv\/wp-json\/wp\/v2\/product_tag?post=16097"}],"curies":[{"name":"wp","href":"https:\/\/api.w.org\/{rel}","templated":true}]}}