{"id":16096,"date":"2022-05-30T09:07:25","date_gmt":"2022-05-30T07:07:25","guid":{"rendered":"https:\/\/www.raschvin.com\/vare\/harald-jensen-aromatisk-akvavit\/"},"modified":"2022-11-18T16:15:11","modified_gmt":"2022-11-18T15:15:11","slug":"harald-jensen-aromatisk-akvavit","status":"publish","type":"product","link":"https:\/\/www.raschvin.com\/sv\/produkt\/harald-jensen-aromatisk-akvavit\/","title":{"rendered":"Harald Jensen Aromatisk Akvavit 70 cl. 45%"},"content":{"rendered":"<p>Harald Jensen Aquavit \u00e4r en riktig &#8221;m\u00e4nns gaskit&#8221;, skapad av livarna, brandbrytaren och konstm\u00e5laren Harald Jensen 1863.<\/p>\n<p>Med sitt kreativa och experimentella tillv\u00e4gag\u00e5ngss\u00e4tt skapade Harald Jensen en aquavite, som p\u00e5 m\u00e5nga s\u00e4tt var ovanligt f\u00f6r sin tid. Harald Jensen Akvavit \u00e4r s\u00e5ledes kryddat med bland annat Anis, Allspice, Pomerans och Ginger. Och lyckligtvis f\u00f6r det \u00e4r resultatet en samtidigt klassisk och komplex kryddat aquavit, som erbjuder m\u00e5nga sp\u00e4nnande smak och scentnotes.Harald Jensen Aquavit belyser smaken i tunga danska lunchr\u00e4tter och klassiska grytor. Njut av b\u00e4sta kylda. Smakstyrkan: Highestering: Cool \/ frysupplevelse: Kom, Ginger, Pomerans, Lakrits<\/p>\n","protected":false},"excerpt":{"rendered":"<p>Danske Spritfabrikker &#8211; Denmark<\/p>\n","protected":false},"featured_media":2337,"template":"","meta":{"_acf_changed":false,"rs_blank_template":"","rs_page_bg_color":"","slide_template_v7":""},"product_brand":[],"product_cat":[2393],"product_tag":[],"class_list":{"0":"post-16096","1":"product","2":"type-product","3":"status-publish","4":"has-post-thumbnail","6":"product_cat-akvavit-snaps-sv","7":"pa_land-danmark-sv","8":"pa_procent-45-sv","9":"pa_producent-de-danske-spritfabrikker-sv","10":"pa_volume-70-sv-2","12":"first","13":"instock","14":"taxable","15":"shipping-taxable","16":"purchasable","17":"product-type-simple"},"bundled_by":[],"bundle_stock_status":"instock","bundle_stock_quantity":null,"bundle_virtual":false,"bundle_layout":"","bundle_add_to_cart_form_location":"","bundle_editable_in_cart":false,"bundle_sold_individually_context":"","bundle_item_grouping":"","bundle_min_size":"","bundle_max_size":"","bundle_price":[],"bundled_items":[],"bundle_sell_ids":[],"acf":[],"_links":{"self":[{"href":"https:\/\/www.raschvin.com\/sv\/wp-json\/wp\/v2\/product\/16096","targetHints":{"allow":["GET"]}}],"collection":[{"href":"https:\/\/www.raschvin.com\/sv\/wp-json\/wp\/v2\/product"}],"about":[{"href":"https:\/\/www.raschvin.com\/sv\/wp-json\/wp\/v2\/types\/product"}],"wp:featuredmedia":[{"embeddable":true,"href":"https:\/\/www.raschvin.com\/sv\/wp-json\/wp\/v2\/media\/2337"}],"wp:attachment":[{"href":"https:\/\/www.raschvin.com\/sv\/wp-json\/wp\/v2\/media?parent=16096"}],"wp:term":[{"taxonomy":"product_brand","embeddable":true,"href":"https:\/\/www.raschvin.com\/sv\/wp-json\/wp\/v2\/product_brand?post=16096"},{"taxonomy":"product_cat","embeddable":true,"href":"https:\/\/www.raschvin.com\/sv\/wp-json\/wp\/v2\/product_cat?post=16096"},{"taxonomy":"product_tag","embeddable":true,"href":"https:\/\/www.raschvin.com\/sv\/wp-json\/wp\/v2\/product_tag?post=16096"}],"curies":[{"name":"wp","href":"https:\/\/api.w.org\/{rel}","templated":true}]}}