{"id":16094,"date":"2022-05-30T09:07:25","date_gmt":"2022-05-30T07:07:25","guid":{"rendered":"https:\/\/www.raschvin.com\/vare\/lysholm-linie\/"},"modified":"2022-11-23T20:45:47","modified_gmt":"2022-11-23T19:45:47","slug":"lysholm-linie","status":"publish","type":"product","link":"https:\/\/www.raschvin.com\/sv\/produkt\/lysholm-linie\/","title":{"rendered":"Lysholm Linie Aquavit 70 cl. 41,5%"},"content":{"rendered":"<p>Den norska linjen Aquavit \u00e4r k\u00e4nd f\u00f6r sin l\u00e5nga resa, en tradition som har spelat en viktig<br \/>\nRollen i mogningsprocessen bakom linjen aquavitten i \u00f6ver 200 \u00e5r. \u00c5r 1780 byggde Catharina Lysholm-fartyget<br \/>\n&#8221;Trondhiems f\u00f6rs\u00f6ker&#8221; tillsammans med sin bror, det var en betydande n\u00e4ringsidkare.<\/p>\n<p>P\u00e5 1805 skickas skeppet<br \/>\nUt till Ost Indien med en last av potatisakvavit och andra varor. Fyra blek av aquavite<br \/>\ns\u00e5ldes inte och skickades d\u00e4rf\u00f6r tillbaka till Norge 1807. N\u00e4r de kom tillbaka uppt\u00e4ckte du,<br \/>\natt aquavitens smak hade blivit mer mjuk och kraftfull<br \/>\np\u00e5 den l\u00e5nga resan. Linje Aquavit f\u00f6ddes. Idag kan man fortfarande p\u00e5 varje enskild flaska linje Aquavit l\u00e4s om det<br \/>\nFyra m\u00e5nader l\u00e5ng resa i Sherryfade. P\u00e5 baksidan av etiketten kan du l\u00e4sa avresedatum,<br \/>\nReturdatum efter att ha korsat ekvatorn och fartygets namn.<\/p>\n<p>Linjen \u00e4r en potatoAcvavit kryddat med \u00f6rter och kommer. Kombinationen av komplexet och Anis fruktominerar aromen. Anteckningar av gammal sherry ger en rik och rund smak d\u00e4r Anis, kom och jag ger komplexiteten.<\/p>\n","protected":false},"excerpt":{"rendered":"<p>Norwegian Aquavit<\/p>\n","protected":false},"featured_media":2323,"template":"","meta":{"_acf_changed":false,"rs_blank_template":"","rs_page_bg_color":"","slide_template_v7":""},"product_brand":[],"product_cat":[2393],"product_tag":[],"class_list":{"0":"post-16094","1":"product","2":"type-product","3":"status-publish","4":"has-post-thumbnail","6":"product_cat-akvavit-snaps-sv","7":"pa_land-norge-sv","8":"pa_procent-41-5-sv","9":"pa_producent-lysholm-linie-sv","10":"pa_volume-70-sv-2","12":"first","13":"instock","14":"sale","15":"taxable","16":"shipping-taxable","17":"purchasable","18":"product-type-simple"},"bundled_by":[],"bundle_stock_status":"instock","bundle_stock_quantity":null,"bundle_virtual":false,"bundle_layout":"","bundle_add_to_cart_form_location":"","bundle_editable_in_cart":false,"bundle_sold_individually_context":"","bundle_item_grouping":"","bundle_min_size":"","bundle_max_size":"","bundle_price":[],"bundled_items":[],"bundle_sell_ids":[],"acf":[],"_links":{"self":[{"href":"https:\/\/www.raschvin.com\/sv\/wp-json\/wp\/v2\/product\/16094","targetHints":{"allow":["GET"]}}],"collection":[{"href":"https:\/\/www.raschvin.com\/sv\/wp-json\/wp\/v2\/product"}],"about":[{"href":"https:\/\/www.raschvin.com\/sv\/wp-json\/wp\/v2\/types\/product"}],"wp:featuredmedia":[{"embeddable":true,"href":"https:\/\/www.raschvin.com\/sv\/wp-json\/wp\/v2\/media\/2323"}],"wp:attachment":[{"href":"https:\/\/www.raschvin.com\/sv\/wp-json\/wp\/v2\/media?parent=16094"}],"wp:term":[{"taxonomy":"product_brand","embeddable":true,"href":"https:\/\/www.raschvin.com\/sv\/wp-json\/wp\/v2\/product_brand?post=16094"},{"taxonomy":"product_cat","embeddable":true,"href":"https:\/\/www.raschvin.com\/sv\/wp-json\/wp\/v2\/product_cat?post=16094"},{"taxonomy":"product_tag","embeddable":true,"href":"https:\/\/www.raschvin.com\/sv\/wp-json\/wp\/v2\/product_tag?post=16094"}],"curies":[{"name":"wp","href":"https:\/\/api.w.org\/{rel}","templated":true}]}}