{"id":16077,"date":"2022-05-30T09:05:01","date_gmt":"2022-05-30T07:05:01","guid":{"rendered":"https:\/\/www.raschvin.com\/vare\/ardbeg-auriverdes-limited-edition\/"},"modified":"2023-03-13T09:14:16","modified_gmt":"2023-03-13T08:14:16","slug":"ardbeg-auriverdes-limited-edition","status":"publish","type":"product","link":"https:\/\/www.raschvin.com\/sv\/produkt\/ardbeg-auriverdes-limited-edition\/","title":{"rendered":"Ardbeg Auriverdes Limited Edition 70 cl. 49,9%"},"content":{"rendered":"<p>Ardbeg Aureverdes lagras p\u00e5 amerikanska ekfat med speciellt rostade \u00e4ndstycken skr\u00e4ddarsydda f\u00f6r den h\u00e4r begr\u00e4nsade upplagan. Den nya roastingtekniken har gett whiskyen en unik smak, d\u00e4r \u00e4ndstycket p\u00e5 sk\u00e5len ger kaffe och mochaxage i ena \u00e4nden, som flyter tillsammans med kr\u00e4mig vanilj i den andra. Namnet Aureriver doseras \u00e4ven av de tv\u00e5 halvorna &#8217;Auri&#8217; (Gold) och &#8221;Verdes&#8221; (Green). F\u00f6rutom att vara en hyllning till Ardbegs karakteristiska gyllene whisky och gr\u00f6n flaska, \u00e4r namnet ocks\u00e5 lite nod till brasilianskt landslag, som i \u00e5r (2014) v\u00e4rd av World Cuppen.<\/p>\n<p>F\u00e4rg: Guld.<br \/>\nDoft: L\u00e4cker doft med tung tj\u00e4ra, \u00f6rter och tips av Mokka.<br \/>\nSmak Anm\u00e4rkningar: Ardbeg AurerDesder har en explosiv munk\u00e4nsla och komplex smak av nym\u00e5lade kaffe, honungshyllad skinka, lakrits, kexkaka, vitpeppar och en bra balans mellan s\u00f6tma och salt.<\/p>\n<p>Serveringsf\u00f6rslag: b\u00f6r avnjutas ren, eventuellt. med n\u00e5gra droppar vatten.<\/p>\n<p>Ardbeg \u00e4r ett whisky-destilleri p\u00e5 den skotska \u00f6ns sydkust, Islay. \u00d6n \u00e4r k\u00e4nd f\u00f6r sina starkt r\u00f6kt whiskys, och Ardbbeg \u00e4r inget undantag med en ppm som vanligtvis \u00e4r omkring 55. Distilleren grundades 1815 och de m\u00f6rkgr\u00f6na flaskorna med den f\u00f6rseglade och h\u00e4rliga maltwhisky fr\u00e5n Ardbeg har varit otroligt popul\u00e4r. Kapaciteten \u00e4r 1,4 miljoner liter ren alkohol per \u00e5r och ArdBbeg k\u00f6rs f\u00f6r full \u00e5nga. F\u00f6rl\u00e4ngningar \u00e4r planerade som kommer att \u00f6ka kapaciteten p\u00e5 2,4 miljoner liter, vilket \u00e4r en bra id\u00e9 f\u00f6r Ardegmanien som inte vill sluta.<\/p>\n<p>M\u00e5nga av Ardbegs enda fat och destillat fr\u00e5n 1970-talet, d\u00e4r Hiram Walker \u00e4gde destilleriet \u00e4r legendarisk idag. Det \u00e4r inte ofta du ser whiskyen i oberoende dekanter, och s\u00e5dana utsl\u00e4pp \u00e4r n\u00e4stan s\u00e5 eftertraktade som den officiella tappningen<\/p>\n","protected":false},"excerpt":{"rendered":"<p>Islay Single Malt Whisky<\/p>\n","protected":false},"featured_media":2219,"template":"","meta":{"_acf_changed":false,"rs_blank_template":"","rs_page_bg_color":"","slide_template_v7":""},"product_brand":[],"product_cat":[2387,4651,2392],"product_tag":[],"class_list":{"0":"post-16077","1":"product","2":"type-product","3":"status-publish","4":"has-post-thumbnail","6":"product_cat-avec-sv","7":"product_cat-single-malt-sv","8":"product_cat-whisky-sv","9":"pa_champagne-type-single-cask-sv","10":"pa_land-skottland","11":"pa_procent-49-9-sv","12":"pa_producent-ardbeg-distillery-sv","13":"pa_region-islay-sv","14":"pa_volume-70-sv-2","16":"first","17":"instock","18":"taxable","19":"shipping-taxable","20":"purchasable","21":"product-type-simple"},"bundled_by":[],"bundle_stock_status":"instock","bundle_stock_quantity":1,"bundle_virtual":false,"bundle_layout":"","bundle_add_to_cart_form_location":"","bundle_editable_in_cart":false,"bundle_sold_individually_context":"","bundle_item_grouping":"","bundle_min_size":"","bundle_max_size":"","bundle_price":[],"bundled_items":[],"bundle_sell_ids":[],"acf":[],"_links":{"self":[{"href":"https:\/\/www.raschvin.com\/sv\/wp-json\/wp\/v2\/product\/16077","targetHints":{"allow":["GET"]}}],"collection":[{"href":"https:\/\/www.raschvin.com\/sv\/wp-json\/wp\/v2\/product"}],"about":[{"href":"https:\/\/www.raschvin.com\/sv\/wp-json\/wp\/v2\/types\/product"}],"wp:featuredmedia":[{"embeddable":true,"href":"https:\/\/www.raschvin.com\/sv\/wp-json\/wp\/v2\/media\/2219"}],"wp:attachment":[{"href":"https:\/\/www.raschvin.com\/sv\/wp-json\/wp\/v2\/media?parent=16077"}],"wp:term":[{"taxonomy":"product_brand","embeddable":true,"href":"https:\/\/www.raschvin.com\/sv\/wp-json\/wp\/v2\/product_brand?post=16077"},{"taxonomy":"product_cat","embeddable":true,"href":"https:\/\/www.raschvin.com\/sv\/wp-json\/wp\/v2\/product_cat?post=16077"},{"taxonomy":"product_tag","embeddable":true,"href":"https:\/\/www.raschvin.com\/sv\/wp-json\/wp\/v2\/product_tag?post=16077"}],"curies":[{"name":"wp","href":"https:\/\/api.w.org\/{rel}","templated":true}]}}