{"id":16074,"date":"2022-05-30T09:05:01","date_gmt":"2022-05-30T07:05:01","guid":{"rendered":"https:\/\/www.raschvin.com\/vare\/box-early-days-002-old-batch\/"},"modified":"2023-03-14T09:33:52","modified_gmt":"2023-03-14T08:33:52","slug":"box-early-days-002-old-batch","status":"publish","type":"product","link":"https:\/\/www.raschvin.com\/sv\/produkt\/box-early-days-002-old-batch\/","title":{"rendered":"Box &#8211; Early Days 002 50 cl. 51,5%"},"content":{"rendered":"<p>Box tidiga dagar 002 \u00e4r en enda malt whisky fr\u00e5n norra svenska destilleriet, h\u00f6gkusten. Denna release best\u00e5r av 1\/3 smaksatt whisky och 2\/3 r\u00f6kt whisky, alla lagrade p\u00e5 130-liters r\u00e4tter, som tidigare har inneburit Bourbon. Whiskyen tappas med en genomsnittlig \u00e5lder av 4,54, vid 51,5% alkohol utan varken tillsatt f\u00e4rg\u00e4mne eller kylfiltrering.<\/p>\n<p>F\u00e4rg: Golden.<br \/>\nDoft: L\u00e4cker doft av citroner, l\u00e4der, r\u00f6k och karamellfudge.<br \/>\nSmak Anm\u00e4rkningar: Mynt, l\u00e4tt r\u00f6k, vanilj och citrus.<\/p>\n<p>Serveringsf\u00f6rslag: Njut av ren, eventuellt. med en droppe vatten eller tv\u00e5. L\u00e5t whisky st\u00e5 f\u00f6r ett \u00f6gonblick i glaset att \u00f6ppna.<\/p>\n<p>High Coast Distillery ligger i ett gammalt s\u00e5gverk vid El\u00e5gelmanfloden i \u00c5dalen i norra Sverige. H\u00e4r g\u00f6r de 100 000 liter ren alkohol per \u00e5r, och visionen \u00e4r enkel: att g\u00f6ra v\u00e4rldens b\u00e4sta singelmalt whisky. D\u00e4rf\u00f6r finns det naturligtvis mycket fokus p\u00e5 b\u00e5de r\u00e5varor och funktioner i produktion: du anv\u00e4nder b\u00e5de Pilsmannal fr\u00e5n Halmstad i Sverige och r\u00f6kt malt importerad fr\u00e5n Skottland, vattnet kommer fr\u00e5n den lokala floden och j\u00e4sningen \u00e4r exceptionellt l\u00e5ng tid att skapa s\u00e5 mycket Smak som m\u00f6jligt. Distilleriet \u00e4r ett av de nordligaste \u00f6ver hela v\u00e4rlden, och det finns enorma temperaturfluktuationer i sina lager (som inte \u00e4r temperaturstyrda) som har en radikal effekt p\u00e5 whiskys interaktion med tr\u00e4kr\u00e4tterna. Du anv\u00e4nder tv\u00e5 typer av r\u00e4tter, b\u00e5de First-Fill Bourbon Dish of American White och Spanish Oloroso-Sherryfade. Vissa \u00e4r ocks\u00e5 byggda till en traditionell, svensk matr\u00e4tt som heter Ankare, som inneh\u00e5ller bara 40 liter. Dessa anv\u00e4nds speciellt f\u00f6r privata dr\u00e4neringar.<\/p>\n","protected":false},"excerpt":{"rendered":"<p>Swedish Single Malt Whisky<\/p>\n","protected":false},"featured_media":2192,"template":"","meta":{"_acf_changed":false,"rs_blank_template":"","rs_page_bg_color":"","slide_template_v7":""},"product_brand":[],"product_cat":[2387,2392,4651],"product_tag":[],"class_list":{"0":"post-16074","1":"product","2":"type-product","3":"status-publish","4":"has-post-thumbnail","6":"product_cat-avec-sv","7":"product_cat-whisky-sv","8":"product_cat-single-malt-sv","9":"pa_champagne-type-single-cask-sv","10":"pa_land-sverige-sv","11":"pa_procent-51-8-sv","12":"pa_producent-high-coat-distillery-sv","13":"pa_region-high-coast-sv","14":"pa_volume-50-sv","16":"first","17":"instock","18":"taxable","19":"shipping-taxable","20":"purchasable","21":"product-type-simple"},"bundled_by":[],"bundle_stock_status":"instock","bundle_stock_quantity":null,"bundle_virtual":false,"bundle_layout":"","bundle_add_to_cart_form_location":"","bundle_editable_in_cart":false,"bundle_sold_individually_context":"","bundle_item_grouping":"","bundle_min_size":"","bundle_max_size":"","bundle_price":[],"bundled_items":[],"bundle_sell_ids":[],"acf":[],"_links":{"self":[{"href":"https:\/\/www.raschvin.com\/sv\/wp-json\/wp\/v2\/product\/16074","targetHints":{"allow":["GET"]}}],"collection":[{"href":"https:\/\/www.raschvin.com\/sv\/wp-json\/wp\/v2\/product"}],"about":[{"href":"https:\/\/www.raschvin.com\/sv\/wp-json\/wp\/v2\/types\/product"}],"wp:featuredmedia":[{"embeddable":true,"href":"https:\/\/www.raschvin.com\/sv\/wp-json\/wp\/v2\/media\/2192"}],"wp:attachment":[{"href":"https:\/\/www.raschvin.com\/sv\/wp-json\/wp\/v2\/media?parent=16074"}],"wp:term":[{"taxonomy":"product_brand","embeddable":true,"href":"https:\/\/www.raschvin.com\/sv\/wp-json\/wp\/v2\/product_brand?post=16074"},{"taxonomy":"product_cat","embeddable":true,"href":"https:\/\/www.raschvin.com\/sv\/wp-json\/wp\/v2\/product_cat?post=16074"},{"taxonomy":"product_tag","embeddable":true,"href":"https:\/\/www.raschvin.com\/sv\/wp-json\/wp\/v2\/product_tag?post=16074"}],"curies":[{"name":"wp","href":"https:\/\/api.w.org\/{rel}","templated":true}]}}