{"id":16058,"date":"2022-05-30T09:02:41","date_gmt":"2022-05-30T07:02:41","guid":{"rendered":"https:\/\/www.raschvin.com\/vare\/kavalan-solist-fino-sherry-cask-57\/"},"modified":"2022-11-22T10:11:22","modified_gmt":"2022-11-22T09:11:22","slug":"kavalan-solist-fino-sherry-cask-57","status":"publish","type":"product","link":"https:\/\/www.raschvin.com\/sv\/produkt\/kavalan-solist-fino-sherry-cask-57\/","title":{"rendered":"Kavalan Solist Fino Sherry Cask 70 cl. 57%"},"content":{"rendered":"<p>Kavalan solist Fino Sherry \u00e4r en enda malt whisky fr\u00e5n Taiwain. Denna enstaka avlopp \u00e4r en av juvelerna i Kavalans krona. Det \u00e4r ovanligt att se Fino-Fade som anv\u00e4nds f\u00f6r att lagra whisky, och n\u00e4r du smakar det h\u00e4r undrar du att det inte \u00e4r mer utbrett! Whiskyen lagras p\u00e5 ett exklusivt i tropiskt klimat och tappas av FAD-styrka (57%) utan tillsatt f\u00e4rg\u00e4mne.<\/p>\n<p>F\u00e4rg: Ljus mahogny.<br \/>\nDoft: Stor, komplex doft av melass, tropisk frukt som mango och ananas, stenfrukt, soja och \u00e4kta kanel.<br \/>\nSmak: Stor makt och stor s\u00f6tma, persikor i Lage, Torkad Mango, Rom och Vanilj.<\/p>\n<p>Serveringsf\u00f6rslag: Njut av ren, eventuellt. med n\u00e5gra droppar vatten.<\/p>\n","protected":false},"excerpt":{"rendered":"<p>Single Malt Whisky &#8211; Taiwan<\/p>\n","protected":false},"featured_media":30176,"template":"","meta":{"_acf_changed":false,"rs_blank_template":"","rs_page_bg_color":"","slide_template_v7":""},"product_brand":[],"product_cat":[2387,4651,2392],"product_tag":[],"class_list":{"0":"post-16058","1":"product","2":"type-product","3":"status-publish","4":"has-post-thumbnail","6":"product_cat-avec-sv","7":"product_cat-single-malt-sv","8":"product_cat-whisky-sv","9":"pa_champagne-type-single-cask-sv","10":"pa_land-taiwan-sv","11":"pa_procent-57-sv","12":"pa_producent-king-car-distillery-sv","13":"pa_traefad-sherry-sv","14":"pa_volume-70-sv-2","16":"first","17":"instock","18":"taxable","19":"shipping-taxable","20":"purchasable","21":"product-type-simple"},"bundled_by":[],"bundle_stock_status":"instock","bundle_stock_quantity":null,"bundle_virtual":false,"bundle_layout":"","bundle_add_to_cart_form_location":"","bundle_editable_in_cart":false,"bundle_sold_individually_context":"","bundle_item_grouping":"","bundle_min_size":"","bundle_max_size":"","bundle_price":[],"bundled_items":[],"bundle_sell_ids":[],"acf":[],"_links":{"self":[{"href":"https:\/\/www.raschvin.com\/sv\/wp-json\/wp\/v2\/product\/16058","targetHints":{"allow":["GET"]}}],"collection":[{"href":"https:\/\/www.raschvin.com\/sv\/wp-json\/wp\/v2\/product"}],"about":[{"href":"https:\/\/www.raschvin.com\/sv\/wp-json\/wp\/v2\/types\/product"}],"wp:featuredmedia":[{"embeddable":true,"href":"https:\/\/www.raschvin.com\/sv\/wp-json\/wp\/v2\/media\/30176"}],"wp:attachment":[{"href":"https:\/\/www.raschvin.com\/sv\/wp-json\/wp\/v2\/media?parent=16058"}],"wp:term":[{"taxonomy":"product_brand","embeddable":true,"href":"https:\/\/www.raschvin.com\/sv\/wp-json\/wp\/v2\/product_brand?post=16058"},{"taxonomy":"product_cat","embeddable":true,"href":"https:\/\/www.raschvin.com\/sv\/wp-json\/wp\/v2\/product_cat?post=16058"},{"taxonomy":"product_tag","embeddable":true,"href":"https:\/\/www.raschvin.com\/sv\/wp-json\/wp\/v2\/product_tag?post=16058"}],"curies":[{"name":"wp","href":"https:\/\/api.w.org\/{rel}","templated":true}]}}