{"id":16055,"date":"2022-05-30T09:02:41","date_gmt":"2022-05-30T07:02:41","guid":{"rendered":"https:\/\/www.raschvin.com\/vare\/kaniche-x-o-double-wood\/"},"modified":"2022-11-22T09:43:10","modified_gmt":"2022-11-22T08:43:10","slug":"kaniche-x-o-double-wood","status":"publish","type":"product","link":"https:\/\/www.raschvin.com\/sv\/produkt\/kaniche-x-o-double-wood\/","title":{"rendered":"Kaniche Rum &#8211; XO Double Wood 70 cl. 40%"},"content":{"rendered":"<p>Kanich\u00e9 Xo \u00e4r storebror till Kanich\u00e9reservat. Romen genomg\u00e5r Pierre Ferrands k\u00e4nda f\u00f6rvaring p\u00e5 sm\u00e5 och gamla cognacr\u00e4tter i de fuktiga k\u00e4llarna i Chateau Bonbonnet, som karakteriserar barbadosomen i en mer elegant riktning. Resultatet \u00e4r en s\u00f6t och full Rom utan skarpa kanter.<\/p>\n<p>F\u00e4rg: Mahogny<\/p>\n<p>Fragrance: Spicy doft av pepparkorn, vaniljby och pi\u00f1a colada.<\/p>\n<p>Smak Anm\u00e4rkningar: Juicy ananas, Werther&#8217;s Original och Light Sirap.<\/p>\n<p>Serveringsf\u00f6rslag: b\u00f6r vara full.<\/p>\n","protected":false},"excerpt":{"rendered":"<p>Premium Barbados Aged Rum<\/p>\n","protected":false},"featured_media":31094,"template":"","meta":{"_acf_changed":false,"rs_blank_template":"","rs_page_bg_color":"","slide_template_v7":""},"product_brand":[],"product_cat":[2387,8359,4634,2391],"product_tag":[],"class_list":{"0":"post-16055","1":"product","2":"type-product","3":"status-publish","4":"has-post-thumbnail","6":"product_cat-avec-sv","7":"product_cat-planteray-sv","8":"product_cat-premium-aged-sv","9":"product_cat-rom-sv","10":"pa_land-barbados-sv","11":"pa_procent-40-sv-2","12":"pa_producent-maison-ferrand-sv","13":"pa_volume-70-sv-2","15":"first","16":"instock","17":"taxable","18":"shipping-taxable","19":"purchasable","20":"product-type-simple"},"bundled_by":[],"bundle_stock_status":"instock","bundle_stock_quantity":null,"bundle_virtual":false,"bundle_layout":"","bundle_add_to_cart_form_location":"","bundle_editable_in_cart":false,"bundle_sold_individually_context":"","bundle_item_grouping":"","bundle_min_size":"","bundle_max_size":"","bundle_price":[],"bundled_items":[],"bundle_sell_ids":[],"acf":[],"_links":{"self":[{"href":"https:\/\/www.raschvin.com\/sv\/wp-json\/wp\/v2\/product\/16055","targetHints":{"allow":["GET"]}}],"collection":[{"href":"https:\/\/www.raschvin.com\/sv\/wp-json\/wp\/v2\/product"}],"about":[{"href":"https:\/\/www.raschvin.com\/sv\/wp-json\/wp\/v2\/types\/product"}],"wp:featuredmedia":[{"embeddable":true,"href":"https:\/\/www.raschvin.com\/sv\/wp-json\/wp\/v2\/media\/31094"}],"wp:attachment":[{"href":"https:\/\/www.raschvin.com\/sv\/wp-json\/wp\/v2\/media?parent=16055"}],"wp:term":[{"taxonomy":"product_brand","embeddable":true,"href":"https:\/\/www.raschvin.com\/sv\/wp-json\/wp\/v2\/product_brand?post=16055"},{"taxonomy":"product_cat","embeddable":true,"href":"https:\/\/www.raschvin.com\/sv\/wp-json\/wp\/v2\/product_cat?post=16055"},{"taxonomy":"product_tag","embeddable":true,"href":"https:\/\/www.raschvin.com\/sv\/wp-json\/wp\/v2\/product_tag?post=16055"}],"curies":[{"name":"wp","href":"https:\/\/api.w.org\/{rel}","templated":true}]}}