{"id":16054,"date":"2022-05-30T09:02:41","date_gmt":"2022-05-30T07:02:41","guid":{"rendered":"https:\/\/www.raschvin.com\/vare\/gelas-armagnac-40-years\/"},"modified":"2022-11-17T20:01:41","modified_gmt":"2022-11-17T19:01:41","slug":"gelas-armagnac-40-years","status":"publish","type":"product","link":"https:\/\/www.raschvin.com\/sv\/produkt\/gelas-armagnac-40-years\/","title":{"rendered":"Gelas Armagnac 40 Ans (40 Years) 70 cl. 40%"},"content":{"rendered":"<p>Gelas Armagnac 40 ANS har varit t\u00e5lmodig f\u00f6r mer \u00e4n 4 decennier att utvecklas i ditt glas. Med dessa extraordin\u00e4ra andar bel\u00f6nas smaken med en snicklista av blommiga anteckningar som kaprifol och apelsinblomma, kryddat anteckningar av cigarrbox och muskotn\u00f6t och en l\u00e5ng finish. En majest\u00e4tisk sprit som kommer att f\u00e5nga k\u00e4nns s\u00e5v\u00e4l som nyb\u00f6rjare.<\/p>\n<p>F\u00e4rg: Mahogny.<br \/>\nFragrance: Spektakul\u00e4r arom med honung och kaprifol, gammal humidor och kubansk tobak.<br \/>\nSmak Anm\u00e4rkningar: Smaken k\u00e4nnetecknas av muskotn\u00f6t, kandad orange och rostade ek med en r\u00f6ktips.<\/p>\n<p>Serveringsf\u00f6rslag: b\u00f6r avnjutas ren, helst efter en god m\u00e5ltid.<\/p>\n<p>Maison Gelas erbjuder ett brett utbud av Armagnacs. Familjen odlar druvorna sj\u00e4lva, destillerar spriten samt lagrar och buteljerar deras Armagnacs och har d\u00e4rf\u00f6r kontroll \u00f6ver produktens kvalitet fr\u00e5n b\u00f6rjan till slut. Av familjens m\u00e5nga specialiteter kan t.ex. ett antal exceptionella &#8221;monoc\u00e9page&#8221; eller &#8221;single grape&#8221; Armagnacs n\u00e4mns &#8211; det vill s\u00e4ga ett antal &#8221;rena&#8221; och oblandade Armagnacs, d\u00e4r skillnaden i doft och smakintryck \u00e4r riktigt framtr\u00e4dande. Dessa buteljeras givetvis med fatstyrka och utan filtrering. Dessutom erbjuder Maison Gelas, \u00f6verl\u00e4gsen de flesta andra Armagnac-producenter, mer \u00e4n 90 olika vintage Armagnacs \u2013 \u00e4nda tillbaka till 1887.<\/p>\n<p>Sedan 2001 har Philippe Gelas f\u00f6rvaltat och utvecklat familjens omfattande sortiment. Philippe \u00e4r ocks\u00e5 f\u00f6rfattare till en fantastisk bok om Armagnac och det finns knappast en person som \u00e4r mer kunnig om omr\u00e5dets historia och produktionen av Armagnac.<\/p>\n","protected":false},"excerpt":{"rendered":"<p>Bas Armagnac \u2013 Maison Gelas \u2013 France<\/p>\n","protected":false},"featured_media":2067,"template":"","meta":{"_acf_changed":false,"rs_blank_template":"","rs_page_bg_color":"","slide_template_v7":""},"product_brand":[],"product_cat":[2388,2387],"product_tag":[],"class_list":{"0":"post-16054","1":"product","2":"type-product","3":"status-publish","4":"has-post-thumbnail","6":"product_cat-armagnac-marc-sv","7":"product_cat-avec-sv","8":"pa_lagring-40-sv","9":"pa_land-frankrike","10":"pa_procent-40-sv-2","11":"pa_producent-maison-gelas-sv","12":"pa_region-armagnac-sv","13":"pa_volume-70-sv-2","15":"first","16":"instock","17":"taxable","18":"shipping-taxable","19":"purchasable","20":"product-type-simple"},"bundled_by":[],"bundle_stock_status":"instock","bundle_stock_quantity":null,"bundle_virtual":false,"bundle_layout":"","bundle_add_to_cart_form_location":"","bundle_editable_in_cart":false,"bundle_sold_individually_context":"","bundle_item_grouping":"","bundle_min_size":"","bundle_max_size":"","bundle_price":[],"bundled_items":[],"bundle_sell_ids":[],"acf":[],"_links":{"self":[{"href":"https:\/\/www.raschvin.com\/sv\/wp-json\/wp\/v2\/product\/16054","targetHints":{"allow":["GET"]}}],"collection":[{"href":"https:\/\/www.raschvin.com\/sv\/wp-json\/wp\/v2\/product"}],"about":[{"href":"https:\/\/www.raschvin.com\/sv\/wp-json\/wp\/v2\/types\/product"}],"wp:featuredmedia":[{"embeddable":true,"href":"https:\/\/www.raschvin.com\/sv\/wp-json\/wp\/v2\/media\/2067"}],"wp:attachment":[{"href":"https:\/\/www.raschvin.com\/sv\/wp-json\/wp\/v2\/media?parent=16054"}],"wp:term":[{"taxonomy":"product_brand","embeddable":true,"href":"https:\/\/www.raschvin.com\/sv\/wp-json\/wp\/v2\/product_brand?post=16054"},{"taxonomy":"product_cat","embeddable":true,"href":"https:\/\/www.raschvin.com\/sv\/wp-json\/wp\/v2\/product_cat?post=16054"},{"taxonomy":"product_tag","embeddable":true,"href":"https:\/\/www.raschvin.com\/sv\/wp-json\/wp\/v2\/product_tag?post=16054"}],"curies":[{"name":"wp","href":"https:\/\/api.w.org\/{rel}","templated":true}]}}