{"id":16053,"date":"2022-05-30T09:01:28","date_gmt":"2022-05-30T07:01:28","guid":{"rendered":"https:\/\/www.raschvin.com\/vare\/gelas-armagnac-20-years\/"},"modified":"2022-11-17T19:55:44","modified_gmt":"2022-11-17T18:55:44","slug":"gelas-armagnac-20-years","status":"publish","type":"product","link":"https:\/\/www.raschvin.com\/sv\/produkt\/gelas-armagnac-20-years\/","title":{"rendered":"Gelas Armagnac 20 Ans (20 Years) 70 cl. 40%"},"content":{"rendered":"<p>Gelas Armagnac 20 Ans kommer fr\u00e5n det familje\u00e4gda husets f\u00e4lt i Bas Armagnac. Den milda destillationen och mer \u00e4n 20 l\u00e5nga \u00e5r av lagring p\u00e5 franska ekfat &#8211; b\u00e5de nya och anv\u00e4nda &#8211; har gett denna andar en djup, komplex doft av rostade n\u00f6tter och julkavor. P\u00e5 tungan \u00e4r den mjuka och runda, n\u00e4stan trevliga och kommer att anklaga nyb\u00f6rjare s\u00e5v\u00e4l som connoisseurs.<\/p>\n<p>F\u00e4rg: M\u00f6rk Amber.<br \/>\nFragrance: Vacker doft av brunt sm\u00f6r, hasseln\u00f6tter och hallon.<br \/>\nSmak Anm\u00e4rkningar: Utj\u00e4mning, r\u00f6kning om tungan med kanyner, nejlikor och rostade n\u00f6tter.<\/p>\n<p>Serveringsf\u00f6rslag: b\u00f6r avnjutas ren. En uppenbar digestif!<\/p>\n","protected":false},"excerpt":{"rendered":"<p>Bas Armagnac &#8211; Maison Gelas &#8211; France<\/p>\n","protected":false},"featured_media":2063,"template":"","meta":{"_acf_changed":false,"rs_blank_template":"","rs_page_bg_color":"","slide_template_v7":""},"product_brand":[],"product_cat":[2388,2387],"product_tag":[],"class_list":{"0":"post-16053","1":"product","2":"type-product","3":"status-publish","4":"has-post-thumbnail","6":"product_cat-armagnac-marc-sv","7":"product_cat-avec-sv","8":"pa_lagring-20-sv","9":"pa_land-frankrike","10":"pa_procent-40-sv-2","11":"pa_producent-maison-gelas-sv","12":"pa_region-armagnac-sv","13":"pa_volume-70-sv-2","15":"first","16":"instock","17":"taxable","18":"shipping-taxable","19":"purchasable","20":"product-type-simple"},"bundled_by":[],"bundle_stock_status":"instock","bundle_stock_quantity":null,"bundle_virtual":false,"bundle_layout":"","bundle_add_to_cart_form_location":"","bundle_editable_in_cart":false,"bundle_sold_individually_context":"","bundle_item_grouping":"","bundle_min_size":"","bundle_max_size":"","bundle_price":[],"bundled_items":[],"bundle_sell_ids":[],"acf":[],"_links":{"self":[{"href":"https:\/\/www.raschvin.com\/sv\/wp-json\/wp\/v2\/product\/16053","targetHints":{"allow":["GET"]}}],"collection":[{"href":"https:\/\/www.raschvin.com\/sv\/wp-json\/wp\/v2\/product"}],"about":[{"href":"https:\/\/www.raschvin.com\/sv\/wp-json\/wp\/v2\/types\/product"}],"wp:featuredmedia":[{"embeddable":true,"href":"https:\/\/www.raschvin.com\/sv\/wp-json\/wp\/v2\/media\/2063"}],"wp:attachment":[{"href":"https:\/\/www.raschvin.com\/sv\/wp-json\/wp\/v2\/media?parent=16053"}],"wp:term":[{"taxonomy":"product_brand","embeddable":true,"href":"https:\/\/www.raschvin.com\/sv\/wp-json\/wp\/v2\/product_brand?post=16053"},{"taxonomy":"product_cat","embeddable":true,"href":"https:\/\/www.raschvin.com\/sv\/wp-json\/wp\/v2\/product_cat?post=16053"},{"taxonomy":"product_tag","embeddable":true,"href":"https:\/\/www.raschvin.com\/sv\/wp-json\/wp\/v2\/product_tag?post=16053"}],"curies":[{"name":"wp","href":"https:\/\/api.w.org\/{rel}","templated":true}]}}