{"id":16052,"date":"2022-05-30T09:01:28","date_gmt":"2022-05-30T07:01:28","guid":{"rendered":"https:\/\/www.raschvin.com\/vare\/gelas-bas-armagnac-10-years\/"},"modified":"2022-11-17T20:04:39","modified_gmt":"2022-11-17T19:04:39","slug":"gelas-bas-armagnac-10-years","status":"publish","type":"product","link":"https:\/\/www.raschvin.com\/sv\/produkt\/gelas-bas-armagnac-10-years\/","title":{"rendered":"Gelas Armagnac 10 Ans (10 Years) 70 cl. 40%"},"content":{"rendered":"<p>Gelas Armagnac 10 ANS \u00e4r den perfekta introduktionen till Armagnacs underbara universum. Denna utg\u00e5va fr\u00e5n gelas &#8221;tradition&#8221; -serien \u00e4r lagrad i minst 10 \u00e5r, f\u00f6rst p\u00e5 nya 400-liters r\u00e4tter, och senare gamla, tillbringade r\u00e4tter. Den \u00e4r gjord p\u00e5 druvorna Ugni Blanc, Baco och Felling Blanche, och smaken \u00e4r v\u00e4nlig, relativt okomplicerad och karakteriserad av vanilj och torkad frukt. En uppenbar digestif efter en god m\u00e5ltid.<\/p>\n<p>F\u00e4rg: Amber.<br \/>\nDoft: en trevlig och v\u00e4lkomnande doft av vaniljstr\u00e4ngar, f\u00e4rsk gr\u00e4dde och torkade frukter.<br \/>\nSmak Anm\u00e4rkningar: Smaken har aprikos och vaniljsocker, med ett ljusm\u00e4rke av rostat ek i eftersmaken.<\/p>\n<p>Serveringsf\u00f6rslag: kan avnjutas ren eller i enkla cocktails.<\/p>\n<p>Maison Gelas grundades 1865 och i mer \u00e4n fyra generationer destillerad och lagrad Armagnac under familjens eget namn. F\u00f6retaget \u00e4r bel\u00e4get i Bass Armagnac, som \u00e4r den minsta av Armagnacs tre distrikt. H\u00e4r har marken ett mycket speciellt tecken, vilket ger de b\u00e4sta odlingsf\u00f6rh\u00e5llandena i ving\u00e5rdarna.<\/p>\n<p>Maison Gelas erbjuder ett brett utbud av Armagnacer. Familjen odlar \u00e4ven druvorna, destillerar Spiritus s\u00e5v\u00e4l som att lagra och ta med sin Armagnacer och har d\u00e4rf\u00f6r kontroll \u00f6ver kvaliteten p\u00e5 produkten fr\u00e5n b\u00f6rjan till slut. Av familjens m\u00e5nga speciella specialiteter, till exempel. Om ett antal exceptionella &#8221;monoc\u00e9page&#8221; eller &#8221;singelk\u00f6rning&#8221; -armagnacs &#8211; s\u00e5lunda ett antal &#8221;rena&#8221; och oblandade armagnacs, d\u00e4r skillnaden i doft och smakvisningar verkligen \u00e4r framtr\u00e4dande. Dessa \u00e4r givetvis tappade av Fadan styrka och utan filtrering. Dessutom, Maison Gelas, \u00f6verl\u00e4gsen i f\u00f6rh\u00e5llande till de flesta andra Armagnac-producenter, mer \u00e4n 90 olika vintage sarmagnacs &#8211; \u00e5terv\u00e4nde till 1887.<\/p>\n<p>Philippe Gelas har sedan 2001 ledt och utvecklat familjens stora utbud. Philippe \u00e4r ocks\u00e5 f\u00f6rfattare till en trevlig bok om Armagnac och en person som \u00e4r kunnig om omr\u00e5dets historia och tillverkningen av Armagnac hittas knappast.<\/p>\n","protected":false},"excerpt":{"rendered":"<p>Bas Armagnac \u2013 Maison Gelas \u2013 France<\/p>\n","protected":false},"featured_media":2059,"template":"","meta":{"_acf_changed":false,"rs_blank_template":"","rs_page_bg_color":"","slide_template_v7":""},"product_brand":[],"product_cat":[2388,2387],"product_tag":[],"class_list":{"0":"post-16052","1":"product","2":"type-product","3":"status-publish","4":"has-post-thumbnail","6":"product_cat-armagnac-marc-sv","7":"product_cat-avec-sv","8":"pa_lagring-10-sv","9":"pa_land-frankrike","10":"pa_procent-40-sv-2","11":"pa_producent-maison-gelas-sv","12":"pa_region-armagnac-sv","13":"pa_volume-70-sv-2","15":"first","16":"instock","17":"taxable","18":"shipping-taxable","19":"purchasable","20":"product-type-simple"},"bundled_by":[],"bundle_stock_status":"instock","bundle_stock_quantity":null,"bundle_virtual":false,"bundle_layout":"","bundle_add_to_cart_form_location":"","bundle_editable_in_cart":false,"bundle_sold_individually_context":"","bundle_item_grouping":"","bundle_min_size":"","bundle_max_size":"","bundle_price":[],"bundled_items":[],"bundle_sell_ids":[],"acf":[],"_links":{"self":[{"href":"https:\/\/www.raschvin.com\/sv\/wp-json\/wp\/v2\/product\/16052","targetHints":{"allow":["GET"]}}],"collection":[{"href":"https:\/\/www.raschvin.com\/sv\/wp-json\/wp\/v2\/product"}],"about":[{"href":"https:\/\/www.raschvin.com\/sv\/wp-json\/wp\/v2\/types\/product"}],"wp:featuredmedia":[{"embeddable":true,"href":"https:\/\/www.raschvin.com\/sv\/wp-json\/wp\/v2\/media\/2059"}],"wp:attachment":[{"href":"https:\/\/www.raschvin.com\/sv\/wp-json\/wp\/v2\/media?parent=16052"}],"wp:term":[{"taxonomy":"product_brand","embeddable":true,"href":"https:\/\/www.raschvin.com\/sv\/wp-json\/wp\/v2\/product_brand?post=16052"},{"taxonomy":"product_cat","embeddable":true,"href":"https:\/\/www.raschvin.com\/sv\/wp-json\/wp\/v2\/product_cat?post=16052"},{"taxonomy":"product_tag","embeddable":true,"href":"https:\/\/www.raschvin.com\/sv\/wp-json\/wp\/v2\/product_tag?post=16052"}],"curies":[{"name":"wp","href":"https:\/\/api.w.org\/{rel}","templated":true}]}}