{"id":16045,"date":"2025-04-28T08:28:28","date_gmt":"2025-04-28T06:28:28","guid":{"rendered":"https:\/\/www.raschvin.com\/vare\/ron-millonario-solera-15-ar-reserva-especial\/"},"modified":"2025-04-28T08:30:56","modified_gmt":"2025-04-28T06:30:56","slug":"ron-millonario-solera-15-aar-reserva-especial","status":"publish","type":"product","link":"https:\/\/www.raschvin.com\/sv\/produkt\/ron-millonario-solera-15-aar-reserva-especial\/","title":{"rendered":"Ron Millonario N\u00famero 15 Reserva Especial 70 cl. 40%"},"content":{"rendered":"<p>Fr\u00e5n ett historiskt destilleri som \u00e5teruppv\u00e4cktes i b\u00f6rjan av 2000-talet f\u00f6rkroppsligar Ron Millonario Perus rika anda och m\u00e5ngfald, och erbjuder vackert hantverksdestillerad rom som lagrats omsorgsfullt vid havsniv\u00e5.<br \/>\nN\u00e4r vi nu n\u00e4rmar oss v\u00e5rt 20-\u00e5rsjubileum, lanserar vi v\u00e5r nya \u2018Reserva Especial N\u00famero 15\u2019-design, som hyllar prestationer och dem som st\u00e5r bakom dem.<\/p>\n<p>SMAKNOTER<br \/>\nDoft: Intensiv och f\u00e4ngslande, med djupa toner av sultanrussin, torkade fikon, plommon och dadlar, tillsammans med en m\u00f6rk arom av sockerr\u00f6rsmelass och kastanjhonung, samt en hint av bergamott. Varm och rik, d\u00e4r den aromatiska intensiteten och den sammetslena buketten d\u00f6ljer alkoholen.<\/p>\n<p>Smak: En mycket s\u00f6t och omslutande inledning, med smaker av vanilj, kola, kanderade apelsiner och dadlar. Mycket honungss\u00f6t, rik p\u00e5 sockerr\u00f6rsmelass och toner av fyllig mj\u00f6lkchoklad, men ocks\u00e5 med en subtil balsamisk ton av mintig fr\u00e4sch\u00f6r.<br \/>\nSedan antydningar av kolan\u00f6t, kryddnejlika och \u00f6rtlik\u00f6r. Intensiteten v\u00e4xer och blir \u00f6verv\u00e4ldigande och f\u00f6rf\u00f6risk.<\/p>\n<p>Eftersmak: Varm, sammetslen och inbjudande. S\u00f6t och smekande, honungss\u00f6t, med en avslutande twist av r\u00f6d chili och aromatiska \u00f6rter.<\/p>\n<p>Kommentar: Den f\u00f6rnyade Millonario 15 \u00e4r \u00e4nnu mer lockande, smekande, sammetslen, rik och intensiv \u00e4n n\u00e5gonsin tidigare \u2013 en riktig njutning f\u00f6r \u00e4lskare av sockerr\u00f6rss\u00f6tma.<\/p>\n","protected":false},"excerpt":{"rendered":"<p>Premium Aged Spirit Drink de Per\u00fa<\/p>\n","protected":false},"featured_media":87950,"template":"","meta":{"_acf_changed":false,"rs_blank_template":"","rs_page_bg_color":"","slide_template_v7":""},"product_brand":[],"product_cat":[2387,4634,2391],"product_tag":[],"class_list":{"0":"post-16045","1":"product","2":"type-product","3":"status-publish","4":"has-post-thumbnail","6":"product_cat-avec-sv","7":"product_cat-premium-aged-sv","8":"product_cat-rom-sv","9":"pa_land-peru-sv","10":"pa_procent-40-sv-2","11":"pa_producent-ron-millonario-sv","12":"pa_volume-70-sv-2","14":"first","15":"instock","16":"sale","17":"taxable","18":"shipping-taxable","19":"purchasable","20":"product-type-simple"},"bundled_by":[],"bundle_stock_status":"instock","bundle_stock_quantity":null,"bundle_virtual":false,"bundle_layout":"","bundle_add_to_cart_form_location":"","bundle_editable_in_cart":false,"bundle_sold_individually_context":"","bundle_item_grouping":"","bundle_min_size":"","bundle_max_size":"","bundle_price":[],"bundled_items":[],"bundle_sell_ids":[],"acf":[],"_links":{"self":[{"href":"https:\/\/www.raschvin.com\/sv\/wp-json\/wp\/v2\/product\/16045","targetHints":{"allow":["GET"]}}],"collection":[{"href":"https:\/\/www.raschvin.com\/sv\/wp-json\/wp\/v2\/product"}],"about":[{"href":"https:\/\/www.raschvin.com\/sv\/wp-json\/wp\/v2\/types\/product"}],"wp:featuredmedia":[{"embeddable":true,"href":"https:\/\/www.raschvin.com\/sv\/wp-json\/wp\/v2\/media\/87950"}],"wp:attachment":[{"href":"https:\/\/www.raschvin.com\/sv\/wp-json\/wp\/v2\/media?parent=16045"}],"wp:term":[{"taxonomy":"product_brand","embeddable":true,"href":"https:\/\/www.raschvin.com\/sv\/wp-json\/wp\/v2\/product_brand?post=16045"},{"taxonomy":"product_cat","embeddable":true,"href":"https:\/\/www.raschvin.com\/sv\/wp-json\/wp\/v2\/product_cat?post=16045"},{"taxonomy":"product_tag","embeddable":true,"href":"https:\/\/www.raschvin.com\/sv\/wp-json\/wp\/v2\/product_tag?post=16045"}],"curies":[{"name":"wp","href":"https:\/\/api.w.org\/{rel}","templated":true}]}}