{"id":16044,"date":"2022-05-30T09:01:28","date_gmt":"2022-05-30T07:01:28","guid":{"rendered":"https:\/\/www.raschvin.com\/vare\/a-h-riise-x-o-reserve-rum\/"},"modified":"2025-11-17T09:22:55","modified_gmt":"2025-11-17T08:22:55","slug":"a-h-riise-x-o-reserve-rum__trashed","status":"publish","type":"product","link":"https:\/\/www.raschvin.com\/sv\/produkt\/a-h-riise-x-o-reserve-rum__trashed\/","title":{"rendered":"Old St. Croix X.O Reserve Superior Cask 70 cl. 40%"},"content":{"rendered":"<p data-start=\"1051\" data-end=\"1099\">Old St. Croix XO Reserve Superior Cask 40 % vol.<\/p>\n<p data-start=\"1101\" data-end=\"1608\">N\u00e4r det g\u00e4ller stora blends \u00e4r valet av fat helt avg\u00f6rande. Varje ekfat bidrar med sin egen karakt\u00e4r och b\u00e4r samtidigt sp\u00e5r av de viner det tidigare har inneh\u00e5llit \u2013 ofta portvin eller sherry. Med tiden bygger det lager p\u00e5 lager av smaker som utvecklas till djup, fyllighet och komplexitet. Old St. Croix XO Reserve \u2013 Superior Cask \u00e4r det mest nyanserade och mogna uttrycket i XO Reserve-serien, som best\u00e5r av extra lagrade, dubbeldestillerade blends fr\u00e5n erk\u00e4nda destillerier i Karibien och Centralamerika.<\/p>\n<p data-start=\"1610\" data-end=\"1693\">Smaknoter \u00e4r inte en ingrediensf\u00f6rteckning, utan en beskrivning av smakupplevelsen.<\/p>\n<p data-start=\"1695\" data-end=\"1769\"><strong data-start=\"1695\" data-end=\"1703\">Doft<\/strong><br data-start=\"1703\" data-end=\"1706\" \/>Rostad kokos, br\u00e4nda fikon och l\u00e4tta toner av flamberad banan<\/p>\n<p data-start=\"1771\" data-end=\"1839\"><strong data-start=\"1771\" data-end=\"1779\">Smak<\/strong><br data-start=\"1779\" data-end=\"1782\" \/>Toffee, cigarrl\u00e5da och l\u00e4tta toner av glaserad mandarin<\/p>\n<p data-start=\"1841\" data-end=\"1886\"><strong data-start=\"1841\" data-end=\"1854\">Eftersmak<\/strong><br data-start=\"1854\" data-end=\"1857\" \/>L\u00e4der, cigarrl\u00e5da och kakao<\/p>\n<p data-start=\"1888\" data-end=\"2044\"><strong data-start=\"1888\" data-end=\"1901\">Kommentar<\/strong><br data-start=\"1901\" data-end=\"1904\" \/>Namnet \u201dSuperior Cask\u201d inneb\u00e4r vissa f\u00f6rpliktelser, d\u00e4rf\u00f6r best\u00e5r produkten endast av det allra b\u00e4sta \u2013 vilket ocks\u00e5 m\u00e4rks tydligt i smaken!<\/p>\n","protected":false},"excerpt":{"rendered":"<p>Premium Aged Spirit Drink<\/p>\n","protected":false},"featured_media":106395,"template":"","meta":{"_acf_changed":false,"rs_blank_template":"","rs_page_bg_color":"","slide_template_v7":""},"product_brand":[],"product_cat":[2387,4634,2391],"product_tag":[],"class_list":{"0":"post-16044","1":"product","2":"type-product","3":"status-publish","4":"has-post-thumbnail","6":"product_cat-avec-sv","7":"product_cat-premium-aged-sv","8":"product_cat-rom-sv","9":"pa_land-tyskland-sv","10":"pa_procent-40-sv-2","11":"pa_producent-a-h-riise-sv","12":"pa_volume-70-sv-2","14":"first","15":"instock","16":"sale","17":"taxable","18":"shipping-taxable","19":"purchasable","20":"product-type-simple"},"bundled_by":[],"bundle_stock_status":"instock","bundle_stock_quantity":null,"bundle_virtual":false,"bundle_layout":"","bundle_add_to_cart_form_location":"","bundle_editable_in_cart":false,"bundle_sold_individually_context":"","bundle_item_grouping":"","bundle_min_size":"","bundle_max_size":"","bundle_price":[],"bundled_items":[],"bundle_sell_ids":[],"acf":[],"_links":{"self":[{"href":"https:\/\/www.raschvin.com\/sv\/wp-json\/wp\/v2\/product\/16044","targetHints":{"allow":["GET"]}}],"collection":[{"href":"https:\/\/www.raschvin.com\/sv\/wp-json\/wp\/v2\/product"}],"about":[{"href":"https:\/\/www.raschvin.com\/sv\/wp-json\/wp\/v2\/types\/product"}],"wp:featuredmedia":[{"embeddable":true,"href":"https:\/\/www.raschvin.com\/sv\/wp-json\/wp\/v2\/media\/106395"}],"wp:attachment":[{"href":"https:\/\/www.raschvin.com\/sv\/wp-json\/wp\/v2\/media?parent=16044"}],"wp:term":[{"taxonomy":"product_brand","embeddable":true,"href":"https:\/\/www.raschvin.com\/sv\/wp-json\/wp\/v2\/product_brand?post=16044"},{"taxonomy":"product_cat","embeddable":true,"href":"https:\/\/www.raschvin.com\/sv\/wp-json\/wp\/v2\/product_cat?post=16044"},{"taxonomy":"product_tag","embeddable":true,"href":"https:\/\/www.raschvin.com\/sv\/wp-json\/wp\/v2\/product_tag?post=16044"}],"curies":[{"name":"wp","href":"https:\/\/api.w.org\/{rel}","templated":true}]}}