{"id":16042,"date":"2022-05-30T09:00:12","date_gmt":"2022-05-30T07:00:12","guid":{"rendered":"https:\/\/www.raschvin.com\/vare\/a-h-riise-x-o-ambre-dor-reserve-rum\/"},"modified":"2025-12-16T14:08:24","modified_gmt":"2025-12-16T13:08:24","slug":"a-h-riise-x-o-ambre-dor-reserve-rum","status":"publish","type":"product","link":"https:\/\/www.raschvin.com\/sv\/produkt\/a-h-riise-x-o-ambre-dor-reserve-rum\/","title":{"rendered":"Old St. Croix X.O Reserve Ambre d\u2019Or 70 cl. 42%"},"content":{"rendered":"<p data-start=\"1066\" data-end=\"1548\"><em data-start=\"1066\" data-end=\"1078\">Ambre d\u2019Or<\/em> betyder \u201dgyllene b\u00e4rnsten\u201d och syftar p\u00e5 den gyllene f\u00e4rgen och den lyxiga kvaliteten i detta exklusiva blend. Samtidigt \u00e4r namnet en hyllning till den franska traditionen att framst\u00e4lla s\u00f6ta viner. <strong data-start=\"1278\" data-end=\"1303\">XO Reserve Ambre d\u2019Or<\/strong> har n\u00e4mligen lagrats p\u00e5 ekfat som tidigare inneh\u00e5llit dessertviner. Allt eftersom blenden mognar tar den upp fatens rika smaknyanser och utvecklar lager av s\u00f6tma, djup och komplexitet \u2013 n\u00e5got som bara tid och just de h\u00e4r speciella faten kan ge.<\/p>\n<p data-start=\"1550\" data-end=\"1631\">Smaknoter \u00e4r ingen inneh\u00e5llsf\u00f6rteckning, utan en subjektiv beskrivning av smaken.<\/p>\n<p data-start=\"1633\" data-end=\"1695\"><strong data-start=\"1633\" data-end=\"1641\">Doft<\/strong><br data-start=\"1641\" data-end=\"1644\" \/>H\u00f6, vanilj, blomster\u00e4ng, sm\u00f6rkola och cr\u00e8me br\u00fbl\u00e9e.<\/p>\n<p data-start=\"1697\" data-end=\"1794\"><strong data-start=\"1697\" data-end=\"1705\">Smak<\/strong><br data-start=\"1705\" data-end=\"1708\" \/>Syrliga karameller, vaniljkr\u00e4m i fin f\u00f6rening med doftande toner fr\u00e5n de s\u00f6ta vinerna.<\/p>\n<p data-start=\"1796\" data-end=\"1884\"><strong data-start=\"1796\" data-end=\"1809\">Eftersmak<\/strong><br data-start=\"1809\" data-end=\"1812\" \/>Aromatisk och kr\u00e4mig med smakfulla h\u00e4lsningar fr\u00e5n de inledande tonerna.<\/p>\n<p data-start=\"1886\" data-end=\"2095\"><strong data-start=\"1886\" data-end=\"1899\">Kommentar<\/strong><br data-start=\"1899\" data-end=\"1902\" \/>Lyft glaset mot ljuset och upplev de livliga nyanserna \u2013 som en riktig b\u00e4rnstensklump med en historia att ber\u00e4tta. F\u00f6rf\u00f6risk med mogen frukt, gammalt l\u00e4der och en delikat arom fr\u00e5n \u00e4dla druvor.<\/p>\n","protected":false},"excerpt":{"rendered":"<p>Premium Aged Spirit Drink<\/p>\n","protected":false},"featured_media":110557,"template":"","meta":{"_acf_changed":false,"rs_blank_template":"","rs_page_bg_color":"","slide_template_v7":""},"product_brand":[],"product_cat":[2387,2391,4593,4634],"product_tag":[],"class_list":{"0":"post-16042","1":"product","2":"type-product","3":"status-publish","4":"has-post-thumbnail","6":"product_cat-avec-sv","7":"product_cat-rom-sv","8":"product_cat-sake-umeshu-sv","9":"product_cat-premium-aged-sv","10":"pa_land-tyskland-sv","11":"pa_procent-42-sv","12":"pa_producent-old-st-croix-sv","13":"pa_volume-70-sv-2","15":"first","16":"instock","17":"sale","18":"taxable","19":"shipping-taxable","20":"purchasable","21":"product-type-simple"},"bundled_by":[],"bundle_stock_status":"instock","bundle_stock_quantity":null,"bundle_virtual":false,"bundle_layout":"","bundle_add_to_cart_form_location":"","bundle_editable_in_cart":false,"bundle_sold_individually_context":"","bundle_item_grouping":"","bundle_min_size":"","bundle_max_size":"","bundle_price":[],"bundled_items":[],"bundle_sell_ids":[],"acf":[],"_links":{"self":[{"href":"https:\/\/www.raschvin.com\/sv\/wp-json\/wp\/v2\/product\/16042","targetHints":{"allow":["GET"]}}],"collection":[{"href":"https:\/\/www.raschvin.com\/sv\/wp-json\/wp\/v2\/product"}],"about":[{"href":"https:\/\/www.raschvin.com\/sv\/wp-json\/wp\/v2\/types\/product"}],"wp:featuredmedia":[{"embeddable":true,"href":"https:\/\/www.raschvin.com\/sv\/wp-json\/wp\/v2\/media\/110557"}],"wp:attachment":[{"href":"https:\/\/www.raschvin.com\/sv\/wp-json\/wp\/v2\/media?parent=16042"}],"wp:term":[{"taxonomy":"product_brand","embeddable":true,"href":"https:\/\/www.raschvin.com\/sv\/wp-json\/wp\/v2\/product_brand?post=16042"},{"taxonomy":"product_cat","embeddable":true,"href":"https:\/\/www.raschvin.com\/sv\/wp-json\/wp\/v2\/product_cat?post=16042"},{"taxonomy":"product_tag","embeddable":true,"href":"https:\/\/www.raschvin.com\/sv\/wp-json\/wp\/v2\/product_tag?post=16042"}],"curies":[{"name":"wp","href":"https:\/\/api.w.org\/{rel}","templated":true}]}}