{"id":16041,"date":"2025-09-04T16:17:12","date_gmt":"2025-09-04T14:17:12","guid":{"rendered":"https:\/\/www.raschvin.com\/vare\/a-h-riise-royal-danish-navy-strength-rum-55\/"},"modified":"2025-09-04T16:27:02","modified_gmt":"2025-09-04T14:27:02","slug":"a-h-riise-royal-danish-navy-strength-rum-55","status":"publish","type":"product","link":"https:\/\/www.raschvin.com\/sv\/produkt\/a-h-riise-royal-danish-navy-strength-rum-55\/","title":{"rendered":"Old St. Croix Royal Danish Navy Strength 70 cl. 55%"},"content":{"rendered":"<p>Old St. Croix Spirit Drinks \u00e4r en hyllning till en av de mest entrepren\u00f6riella danskarna, Albert Heinrich Riise, som med stor framg\u00e5ng drev sitt apotek i Charlotte Amalie p\u00e5 St. Thomas under perioden 1838 till 1878.<br \/>\nEn relansering baserad p\u00e5 det ursprungliga receptet p\u00e5 \u201dRoyal Navy Strength Spirit Drink\u201d, en dryck som Albert Heinrich Riise skapade och levererade till flottans fartyg n\u00e4r de lade till i hamnen i Charlotte Amalie p\u00e5 St. Thomas.<br \/>\nProdukten \u00e4r en blend av flera, upp till 20 \u00e5r gamla, spritsorter av typen \u201dVedderburn och Plummer\u201d \u2013 melassbaserad, k\u00e4nnetecknad av l\u00e5ngsam j\u00e4sning och pot still-destillering upp till 85 % alkoholstyrka.<br \/>\nDetta ger en fantastisk sprit med en extremt m\u00f6rk, n\u00e4stan svart f\u00e4rg och stor komplexitet. Riise Royal Navy Strength \u00e4r handblandad i sm\u00e5 partier och \u00e4r varken kylfiltrerad eller tillsatt karamell.<br \/>\nSmaknoter \u00e4r inte en inneh\u00e5llsf\u00f6rteckning, utan en subjektiv beskrivning av smaken.<br \/>\nDoft<br \/>\nKokta m\u00f6rka frukter, rostade fikon, apelsinskal, kaffe, lakrits, melass och cedertr\u00e4.<br \/>\nSmak<br \/>\nKr\u00e4mig, kryddig och mycket elegant smak av pomerans och bergamott, samt fyllig med sherry-karamell, dadlar, kardemumma och eukalyptus.<br \/>\nEftersmak<br \/>\nL\u00e5ng, massiv, fyllig, kr\u00e4mig, s\u00f6t och kryddig med en h\u00e4rlig mintig ton.<\/p>\n","protected":false},"excerpt":{"rendered":"<p>Premium Aged Spirit Drink<\/p>\n","protected":false},"featured_media":96135,"template":"","meta":{"_acf_changed":false,"rs_blank_template":"","rs_page_bg_color":"","slide_template_v7":""},"product_brand":[],"product_cat":[2387,4634,2391],"product_tag":[],"class_list":{"0":"post-16041","1":"product","2":"type-product","3":"status-publish","4":"has-post-thumbnail","6":"product_cat-avec-sv","7":"product_cat-premium-aged-sv","8":"product_cat-rom-sv","9":"pa_land-tyskland-sv","10":"pa_procent-55-sv","11":"pa_producent-old-st-croix-sv","12":"pa_volume-70-sv-2","14":"first","15":"instock","16":"sale","17":"taxable","18":"shipping-taxable","19":"purchasable","20":"product-type-simple"},"bundled_by":[],"bundle_stock_status":"instock","bundle_stock_quantity":null,"bundle_virtual":false,"bundle_layout":"","bundle_add_to_cart_form_location":"","bundle_editable_in_cart":false,"bundle_sold_individually_context":"","bundle_item_grouping":"","bundle_min_size":"","bundle_max_size":"","bundle_price":[],"bundled_items":[],"bundle_sell_ids":[],"acf":[],"_links":{"self":[{"href":"https:\/\/www.raschvin.com\/sv\/wp-json\/wp\/v2\/product\/16041","targetHints":{"allow":["GET"]}}],"collection":[{"href":"https:\/\/www.raschvin.com\/sv\/wp-json\/wp\/v2\/product"}],"about":[{"href":"https:\/\/www.raschvin.com\/sv\/wp-json\/wp\/v2\/types\/product"}],"wp:featuredmedia":[{"embeddable":true,"href":"https:\/\/www.raschvin.com\/sv\/wp-json\/wp\/v2\/media\/96135"}],"wp:attachment":[{"href":"https:\/\/www.raschvin.com\/sv\/wp-json\/wp\/v2\/media?parent=16041"}],"wp:term":[{"taxonomy":"product_brand","embeddable":true,"href":"https:\/\/www.raschvin.com\/sv\/wp-json\/wp\/v2\/product_brand?post=16041"},{"taxonomy":"product_cat","embeddable":true,"href":"https:\/\/www.raschvin.com\/sv\/wp-json\/wp\/v2\/product_cat?post=16041"},{"taxonomy":"product_tag","embeddable":true,"href":"https:\/\/www.raschvin.com\/sv\/wp-json\/wp\/v2\/product_tag?post=16041"}],"curies":[{"name":"wp","href":"https:\/\/api.w.org\/{rel}","templated":true}]}}