{"id":16040,"date":"2025-09-19T08:34:12","date_gmt":"2025-09-19T06:34:12","guid":{"rendered":"https:\/\/www.raschvin.com\/vare\/a-h-riise-royal-danish-navy-rum-40\/"},"modified":"2025-09-19T08:36:09","modified_gmt":"2025-09-19T06:36:09","slug":"a-h-riise-royal-danish-navy-rum-40","status":"publish","type":"product","link":"https:\/\/www.raschvin.com\/sv\/produkt\/a-h-riise-royal-danish-navy-rum-40\/","title":{"rendered":"Old St. Croix Royal Danish Navy The Original 70 cl. 40%"},"content":{"rendered":"<p>Old St. Croix Royal Danish Navy \u2013 Den Originala Navy<br \/>\n40 % vol.<\/p>\n<p>N\u00e4r Albert Heinrich Riise grundade sin produktion i Dansk-V\u00e4stindien \u00e5r 1838 var den danska flottan en av hans f\u00f6rsta fasta kunder. Livet till havs var h\u00e5rt, och en daglig ranson sprit var ett v\u00e4lkommet uppmuntrande inslag. Officerarna fick sin ranson ren \u2013 medan de meniga fick den utsp\u00e4dd med vatten. Det kallades grogg. Old St. Croix Royal Danish Navy \u2013 Navy 40 % \u00e4r en modern tolkning av den ursprungliga navy-spriten som Riise levererade till flottan.<\/p>\n<p>Smaknoter \u00e4r inte en ingrediensf\u00f6rteckning, utan en subjektiv beskrivning av smaken.<\/p>\n<p>Doft<br \/>\nFyllig doft av lakrits, apelsinskal, kokos, papaya, eukalyptus och mynta. Ett st\u00e4nk av reducerad balsamico och svart te.<\/p>\n<p>Smak<br \/>\nFyllig med en underbar balans mellan citrus, gr\u00f6na toner av eukalyptus och mynta samt djupare inslag av lakrits och reducerad balsamico.<\/p>\n<p>Eftersmak<br \/>\nL\u00e5ng och dr\u00f6jande med toner av mocka och m\u00f6rk choklad med apelsin.<\/p>\n<p>Kommentar<br \/>\nN\u00e4r du smakar den f\u00f6rst\u00e5r du varf\u00f6r \u201dmagenmedicinen\u201d fr\u00e5n Apotekare Riises apotek var \u2013 och fortfarande \u00e4r \u2013 s\u00e5 popul\u00e4r\u2026 Gl\u00f6m frukten ombord \u2013 allt finns i denna Navy Spirit Drink. Skepp ohoj, Skipper Skr\u00e5!<\/p>\n","protected":false},"excerpt":{"rendered":"<p>Premium Aged Spirit Drink<\/p>\n","protected":false},"featured_media":97850,"template":"","meta":{"_acf_changed":false,"rs_blank_template":"","rs_page_bg_color":"","slide_template_v7":""},"product_brand":[],"product_cat":[2391,9221,9222],"product_tag":[],"class_list":{"0":"post-16040","1":"product","2":"type-product","3":"status-publish","4":"has-post-thumbnail","6":"product_cat-rom-sv","7":"product_cat-romtyper","8":"product_cat-rum-based-spirit-drink","9":"pa_land-tyskland-sv","10":"pa_procent-40-sv-2","11":"pa_producent-old-st-croix-sv","12":"pa_volume-70-sv-2","14":"first","15":"instock","16":"sale","17":"taxable","18":"shipping-taxable","19":"purchasable","20":"product-type-simple"},"bundled_by":[],"bundle_stock_status":"instock","bundle_stock_quantity":null,"bundle_virtual":false,"bundle_layout":"","bundle_add_to_cart_form_location":"","bundle_editable_in_cart":false,"bundle_sold_individually_context":"","bundle_item_grouping":"","bundle_min_size":"","bundle_max_size":"","bundle_price":[],"bundled_items":[],"bundle_sell_ids":[],"acf":[],"_links":{"self":[{"href":"https:\/\/www.raschvin.com\/sv\/wp-json\/wp\/v2\/product\/16040","targetHints":{"allow":["GET"]}}],"collection":[{"href":"https:\/\/www.raschvin.com\/sv\/wp-json\/wp\/v2\/product"}],"about":[{"href":"https:\/\/www.raschvin.com\/sv\/wp-json\/wp\/v2\/types\/product"}],"wp:featuredmedia":[{"embeddable":true,"href":"https:\/\/www.raschvin.com\/sv\/wp-json\/wp\/v2\/media\/97850"}],"wp:attachment":[{"href":"https:\/\/www.raschvin.com\/sv\/wp-json\/wp\/v2\/media?parent=16040"}],"wp:term":[{"taxonomy":"product_brand","embeddable":true,"href":"https:\/\/www.raschvin.com\/sv\/wp-json\/wp\/v2\/product_brand?post=16040"},{"taxonomy":"product_cat","embeddable":true,"href":"https:\/\/www.raschvin.com\/sv\/wp-json\/wp\/v2\/product_cat?post=16040"},{"taxonomy":"product_tag","embeddable":true,"href":"https:\/\/www.raschvin.com\/sv\/wp-json\/wp\/v2\/product_tag?post=16040"}],"curies":[{"name":"wp","href":"https:\/\/api.w.org\/{rel}","templated":true}]}}