{"id":16039,"date":"2022-05-30T09:00:12","date_gmt":"2022-05-30T07:00:12","guid":{"rendered":"https:\/\/www.raschvin.com\/vare\/a-h-riise-royal-danish-navy-frogman-conventus-ranae\/"},"modified":"2025-11-08T08:59:05","modified_gmt":"2025-11-08T07:59:05","slug":"a-h-riise-royal-danish-navy-frogman-conventus-ranae","status":"publish","type":"product","link":"https:\/\/www.raschvin.com\/sv\/produkt\/a-h-riise-royal-danish-navy-frogman-conventus-ranae\/","title":{"rendered":"Old. St Croix Royal Danish Navy Frogman Conventus Ranae 70 cl. 60%"},"content":{"rendered":"<p data-start=\"1122\" data-end=\"1576\">Frogman \u00e4r skapad som en hyllning till Fr\u00f8mandskorpset \u2013 en elitstyrka vars styrka och mod ligger till grund f\u00f6r den trygghet som vi andra ofta tar f\u00f6r given. N\u00e4r du njuter av denna blend st\u00f6ttar du veteranf\u00f6reningen Conventus Ranae (latin f\u00f6r \u201den samling grodor\u201d) \u2013 en gemenskap som st\u00e4rker samh\u00f6righeten mellan aktiva och tidigare \u201dfrogmen\u201d. Vid utg\u00e5ngen av 2024 hade f\u00f6rs\u00e4ljningen genererat mer \u00e4n 1,3 miljoner danska kronor till detta viktiga arbete.<\/p>\n<p data-start=\"1578\" data-end=\"1664\"><em data-start=\"1578\" data-end=\"1664\">Smaknoter \u00e4r inte en ingrediensf\u00f6rteckning, utan en subjektiv beskrivning av smaken.<\/em><\/p>\n<p data-start=\"1666\" data-end=\"1828\"><strong data-start=\"1666\" data-end=\"1674\">Doft<\/strong><br data-start=\"1674\" data-end=\"1677\" \/>Trots den h\u00f6ga alkoholhalten \u00e4r doften f\u00f6rh\u00e5llandevis l\u00e4tt, dominerad av balsamicoglasyr och mocha med apelsinskal \u00f6verst och ett str\u00e5k av rostat br\u00f6d.<\/p>\n<p data-start=\"1830\" data-end=\"1983\"><strong data-start=\"1830\" data-end=\"1838\">Smak<\/strong><br data-start=\"1838\" data-end=\"1841\" \/>Alkoholen k\u00e4nns tydligare i gommen men p\u00e5 ett fint och integrerat s\u00e4tt; noterna fr\u00e5n doften kommer tillbaka, tillsammans med ananas och kokos.<\/p>\n<p data-start=\"1985\" data-end=\"2051\" data-is-last-node=\"\" data-is-only-node=\"\"><strong data-start=\"1985\" data-end=\"1998\">Eftersmak<\/strong><br data-start=\"1998\" data-end=\"2001\" \/>Mycket kr\u00e4mig med toner av m\u00f6rk choklad och mocha.<\/p>\n","protected":false},"excerpt":{"rendered":"<p>Premium Aged Spirit Drink<\/p>\n","protected":false},"featured_media":104689,"template":"","meta":{"_acf_changed":false,"rs_blank_template":"","rs_page_bg_color":"","slide_template_v7":""},"product_brand":[],"product_cat":[2387,4634,2391],"product_tag":[],"class_list":{"0":"post-16039","1":"product","2":"type-product","3":"status-publish","4":"has-post-thumbnail","6":"product_cat-avec-sv","7":"product_cat-premium-aged-sv","8":"product_cat-rom-sv","9":"pa_land-tyskland-sv","10":"pa_procent-60-sv","11":"pa_producent-old-st-croix-sv","12":"pa_volume-70-sv-2","14":"first","15":"instock","16":"sale","17":"taxable","18":"shipping-taxable","19":"purchasable","20":"product-type-simple"},"bundled_by":[],"bundle_stock_status":"instock","bundle_stock_quantity":null,"bundle_virtual":false,"bundle_layout":"","bundle_add_to_cart_form_location":"","bundle_editable_in_cart":false,"bundle_sold_individually_context":"","bundle_item_grouping":"","bundle_min_size":"","bundle_max_size":"","bundle_price":[],"bundled_items":[],"bundle_sell_ids":[],"acf":[],"_links":{"self":[{"href":"https:\/\/www.raschvin.com\/sv\/wp-json\/wp\/v2\/product\/16039","targetHints":{"allow":["GET"]}}],"collection":[{"href":"https:\/\/www.raschvin.com\/sv\/wp-json\/wp\/v2\/product"}],"about":[{"href":"https:\/\/www.raschvin.com\/sv\/wp-json\/wp\/v2\/types\/product"}],"wp:featuredmedia":[{"embeddable":true,"href":"https:\/\/www.raschvin.com\/sv\/wp-json\/wp\/v2\/media\/104689"}],"wp:attachment":[{"href":"https:\/\/www.raschvin.com\/sv\/wp-json\/wp\/v2\/media?parent=16039"}],"wp:term":[{"taxonomy":"product_brand","embeddable":true,"href":"https:\/\/www.raschvin.com\/sv\/wp-json\/wp\/v2\/product_brand?post=16039"},{"taxonomy":"product_cat","embeddable":true,"href":"https:\/\/www.raschvin.com\/sv\/wp-json\/wp\/v2\/product_cat?post=16039"},{"taxonomy":"product_tag","embeddable":true,"href":"https:\/\/www.raschvin.com\/sv\/wp-json\/wp\/v2\/product_tag?post=16039"}],"curies":[{"name":"wp","href":"https:\/\/api.w.org\/{rel}","templated":true}]}}