{"id":16038,"date":"2022-05-30T09:00:12","date_gmt":"2022-05-30T07:00:12","guid":{"rendered":"https:\/\/www.raschvin.com\/vare\/a-h-riise-non-plus-ultra-very-rare\/"},"modified":"2025-12-16T13:55:55","modified_gmt":"2025-12-16T12:55:55","slug":"a-h-riise-non-plus-ultra-very-rare","status":"publish","type":"product","link":"https:\/\/www.raschvin.com\/sv\/produkt\/a-h-riise-non-plus-ultra-very-rare\/","title":{"rendered":"Old St. Croix Non Plus Ultra &#8211; Very Rare 70 cl. 42%"},"content":{"rendered":"<p data-start=\"1216\" data-end=\"1961\"><em data-start=\"1216\" data-end=\"1232\">Non Plus Ultra<\/em> betyder \u201dinget bortom detta\u201d \u2013 ett latinskt uttryck som enligt legenden var ingraverat vid Herkules stoder som gr\u00e4nsen mellan den k\u00e4nda och den ok\u00e4nda v\u00e4rlden. Det \u00e4r ocks\u00e5 namnet p\u00e5 v\u00e5r mest exklusiva serie av ultra-premium-blends, d\u00e4r gr\u00e4nserna f\u00f6r smak och finess st\u00e4ndigt utmanas och flyttas fram. <strong data-start=\"1535\" data-end=\"1579\">Old St. Croix Non Plus Ultra \u2013 Very Rare<\/strong> produceras endast n\u00e4r v\u00e5r Master Distiller v\u00e4ljer ut fat av helt extraordin\u00e4r kvalitet fr\u00e5n de fr\u00e4msta destillerierna i Karibien och Centralamerika. Blenden har lagrats p\u00e5 ekfat som tidigare inneh\u00e5llit starkvin och dessertvin, vilket bygger lager p\u00e5 lager av komplexitet, s\u00f6tma och aromatisk djup. Resultatet \u00e4r en elegant och harmonisk spiritus med en l\u00e5ng, raffinerad avslutning.<\/p>\n<p data-start=\"1963\" data-end=\"2047\">Smaknoter \u00e4r ingen inneh\u00e5llsf\u00f6rteckning \u2013 det \u00e4r en subjektiv beskrivning av smaken.<\/p>\n<p data-start=\"2049\" data-end=\"2127\"><strong data-start=\"2049\" data-end=\"2057\">Doft<\/strong><br data-start=\"2057\" data-end=\"2060\" \/>Kryddor och mjukt svalkande mynta, muscovadosocker och apelsinskal.<\/p>\n<p data-start=\"2129\" data-end=\"2199\"><strong data-start=\"2129\" data-end=\"2137\">Smak<\/strong><br data-start=\"2137\" data-end=\"2140\" \/>Kr\u00e4mig smak med toner fr\u00e5n doften samt karamell och vanilj.<\/p>\n<p data-start=\"2201\" data-end=\"2249\"><strong data-start=\"2201\" data-end=\"2214\">Eftersmak<\/strong><br data-start=\"2214\" data-end=\"2217\" \/>Kr\u00e4mig vanilj och mjuk karamell.<\/p>\n<p data-start=\"2251\" data-end=\"2363\"><strong data-start=\"2251\" data-end=\"2264\">Kommentar<\/strong><br data-start=\"2264\" data-end=\"2267\" \/>Gillar du en mjuk, s\u00f6t stil med den karakt\u00e4ristiska \u201clatinok\u00e4nslan\u201d kommer du att falla pladask!<\/p>\n","protected":false},"excerpt":{"rendered":"<p>Premium Aged Spirit Drink<\/p>\n","protected":false},"featured_media":110545,"template":"","meta":{"_acf_changed":false,"rs_blank_template":"","rs_page_bg_color":"","slide_template_v7":""},"product_brand":[],"product_cat":[2387,4634,2391],"product_tag":[],"class_list":{"0":"post-16038","1":"product","2":"type-product","3":"status-publish","4":"has-post-thumbnail","6":"product_cat-avec-sv","7":"product_cat-premium-aged-sv","8":"product_cat-rom-sv","9":"pa_land-tyskland-sv","10":"pa_procent-42-sv","11":"pa_producent-old-st-croix-sv","12":"pa_volume-70-sv-2","14":"first","15":"instock","16":"sale","17":"taxable","18":"shipping-taxable","19":"purchasable","20":"product-type-simple"},"bundled_by":[],"bundle_stock_status":"instock","bundle_stock_quantity":null,"bundle_virtual":false,"bundle_layout":"","bundle_add_to_cart_form_location":"","bundle_editable_in_cart":false,"bundle_sold_individually_context":"","bundle_item_grouping":"","bundle_min_size":"","bundle_max_size":"","bundle_price":[],"bundled_items":[],"bundle_sell_ids":[],"acf":[],"_links":{"self":[{"href":"https:\/\/www.raschvin.com\/sv\/wp-json\/wp\/v2\/product\/16038","targetHints":{"allow":["GET"]}}],"collection":[{"href":"https:\/\/www.raschvin.com\/sv\/wp-json\/wp\/v2\/product"}],"about":[{"href":"https:\/\/www.raschvin.com\/sv\/wp-json\/wp\/v2\/types\/product"}],"wp:featuredmedia":[{"embeddable":true,"href":"https:\/\/www.raschvin.com\/sv\/wp-json\/wp\/v2\/media\/110545"}],"wp:attachment":[{"href":"https:\/\/www.raschvin.com\/sv\/wp-json\/wp\/v2\/media?parent=16038"}],"wp:term":[{"taxonomy":"product_brand","embeddable":true,"href":"https:\/\/www.raschvin.com\/sv\/wp-json\/wp\/v2\/product_brand?post=16038"},{"taxonomy":"product_cat","embeddable":true,"href":"https:\/\/www.raschvin.com\/sv\/wp-json\/wp\/v2\/product_cat?post=16038"},{"taxonomy":"product_tag","embeddable":true,"href":"https:\/\/www.raschvin.com\/sv\/wp-json\/wp\/v2\/product_tag?post=16038"}],"curies":[{"name":"wp","href":"https:\/\/api.w.org\/{rel}","templated":true}]}}