{"id":16037,"date":"2022-05-30T09:00:12","date_gmt":"2022-05-30T07:00:12","guid":{"rendered":"https:\/\/www.raschvin.com\/vare\/a-h-riise-non-plus-ultra-black-edition-rum\/"},"modified":"2025-12-16T13:00:08","modified_gmt":"2025-12-16T12:00:08","slug":"a-h-riise-non-plus-ultra-black-edition-rum","status":"publish","type":"product","link":"https:\/\/www.raschvin.com\/sv\/produkt\/a-h-riise-non-plus-ultra-black-edition-rum\/","title":{"rendered":"Old St. Croix Non Plus Ultra &#8211; Black Edition 70 cl. 42%"},"content":{"rendered":"<p data-start=\"1279\" data-end=\"1334\"><strong data-start=\"1279\" data-end=\"1334\">Old St. Croix Non Plus Ultra Black Edition 42% vol.<\/strong><\/p>\n<p data-start=\"1336\" data-end=\"2046\"><em data-start=\"1336\" data-end=\"1352\">Non Plus Ultra<\/em> betyder \u201dinget bortom detta\u201d \u2013 en latinsk inskrift som enligt legenden stod inhuggen i Herkules stoder som markering f\u00f6r v\u00e4rldens yttersta gr\u00e4ns. Det \u00e4r ocks\u00e5 namnet p\u00e5 v\u00e5r ultra-premiumserie av blends, d\u00e4r gr\u00e4nserna f\u00f6r smak och finess pressas till det yttersta. <strong data-start=\"1617\" data-end=\"1665\">Old St. Croix Non Plus Ultra \u2013 Black Edition<\/strong> \u00e4r seriens mest intensiva uttryck. Blendet \u00e4r sammansatt av utvalda fat fr\u00e5n erk\u00e4nda destillerier i Karibien och Centralamerika och har lagrats p\u00e5 h\u00e5rt f\u00f6rkolnade bourbonfat. F\u00f6rkolningsprocessen karamelliserar ekens naturliga sockerarter och frig\u00f6r djupa, koncentrerade aromer. Resultatet \u00e4r ett m\u00f6rkt och sammetslent blend med fyllig kropp, varm gl\u00f6d och anm\u00e4rkningsv\u00e4rd balans.<\/p>\n<p data-start=\"2048\" data-end=\"2129\">Smaknoter \u00e4r ingen inneh\u00e5llsf\u00f6rteckning, utan en subjektiv beskrivning av smaken.<\/p>\n<p data-start=\"2131\" data-end=\"2177\"><strong data-start=\"2131\" data-end=\"2139\">Doft<\/strong><br data-start=\"2139\" data-end=\"2142\" \/>Persika och mj\u00f6lkchoklad, sm\u00f6rkola.<\/p>\n<p data-start=\"2179\" data-end=\"2305\"><strong data-start=\"2179\" data-end=\"2187\">Smak<\/strong><br data-start=\"2187\" data-end=\"2190\" \/>Mj\u00f6lkchoklad med inslag av mandel och apelsin; otroligt fyllig och kr\u00e4mig, och mot slutet en liten touch av tannin.<\/p>\n<p data-start=\"2307\" data-end=\"2350\"><strong data-start=\"2307\" data-end=\"2320\">Eftersmak<\/strong><br data-start=\"2320\" data-end=\"2323\" \/>Brunkaka med apelsinglasyr.<\/p>\n<p data-start=\"2352\" data-end=\"2491\"><strong data-start=\"2352\" data-end=\"2365\">Kommentar<\/strong><br data-start=\"2365\" data-end=\"2368\" \/>Smaken av Non Plus Ultra Black Edition \u00e4r en unik upplevelse. Den \u00e4r otroligt fyllig och rik \u2013 perfekt f\u00f6r alla tillf\u00e4llen!<\/p>\n","protected":false},"excerpt":{"rendered":"<p>Premium Aged Spirit Drink<\/p>\n","protected":false},"featured_media":110518,"template":"","meta":{"_acf_changed":false,"rs_blank_template":"","rs_page_bg_color":"","slide_template_v7":""},"product_brand":[],"product_cat":[2387,4634,2391],"product_tag":[],"class_list":{"0":"post-16037","1":"product","2":"type-product","3":"status-publish","4":"has-post-thumbnail","6":"product_cat-avec-sv","7":"product_cat-premium-aged-sv","8":"product_cat-rom-sv","9":"pa_land-tyskland-sv","10":"pa_procent-42-sv","11":"pa_producent-old-st-croix-sv","12":"pa_volume-70-sv-2","14":"first","15":"instock","16":"sale","17":"taxable","18":"shipping-taxable","19":"purchasable","20":"product-type-simple"},"bundled_by":[],"bundle_stock_status":"instock","bundle_stock_quantity":null,"bundle_virtual":false,"bundle_layout":"","bundle_add_to_cart_form_location":"","bundle_editable_in_cart":false,"bundle_sold_individually_context":"","bundle_item_grouping":"","bundle_min_size":"","bundle_max_size":"","bundle_price":[],"bundled_items":[],"bundle_sell_ids":[],"acf":[],"_links":{"self":[{"href":"https:\/\/www.raschvin.com\/sv\/wp-json\/wp\/v2\/product\/16037","targetHints":{"allow":["GET"]}}],"collection":[{"href":"https:\/\/www.raschvin.com\/sv\/wp-json\/wp\/v2\/product"}],"about":[{"href":"https:\/\/www.raschvin.com\/sv\/wp-json\/wp\/v2\/types\/product"}],"wp:featuredmedia":[{"embeddable":true,"href":"https:\/\/www.raschvin.com\/sv\/wp-json\/wp\/v2\/media\/110518"}],"wp:attachment":[{"href":"https:\/\/www.raschvin.com\/sv\/wp-json\/wp\/v2\/media?parent=16037"}],"wp:term":[{"taxonomy":"product_brand","embeddable":true,"href":"https:\/\/www.raschvin.com\/sv\/wp-json\/wp\/v2\/product_brand?post=16037"},{"taxonomy":"product_cat","embeddable":true,"href":"https:\/\/www.raschvin.com\/sv\/wp-json\/wp\/v2\/product_cat?post=16037"},{"taxonomy":"product_tag","embeddable":true,"href":"https:\/\/www.raschvin.com\/sv\/wp-json\/wp\/v2\/product_tag?post=16037"}],"curies":[{"name":"wp","href":"https:\/\/api.w.org\/{rel}","templated":true}]}}