{"id":16036,"date":"2022-05-30T09:00:12","date_gmt":"2022-05-30T07:00:12","guid":{"rendered":"https:\/\/www.raschvin.com\/vare\/a-h-riise-non-plus-ultra-ambre-dor-excellence\/"},"modified":"2025-12-16T13:59:59","modified_gmt":"2025-12-16T12:59:59","slug":"a-h-riise-non-plus-ultra-ambre-dor-excellence","status":"publish","type":"product","link":"https:\/\/www.raschvin.com\/sv\/produkt\/a-h-riise-non-plus-ultra-ambre-dor-excellence\/","title":{"rendered":"Old St. Croix Non Plus Ultra &#8211; Ambre d&#8217;Or Excellence 70 cl. 42%"},"content":{"rendered":"<p data-start=\"1336\" data-end=\"1924\"><em data-start=\"1336\" data-end=\"1352\">Non Plus Ultra<\/em> betyder \u201dinget bortom detta\u201d \u2013 ett latinskt uttryck som enligt legenden markerade gr\u00e4nsen mellan den k\u00e4nda och den ok\u00e4nda v\u00e4rlden. V\u00e5r ultra-premiumserie \u00e4r skapad f\u00f6r connaisseurs p\u00e5 jakt efter det sublima yttersta gr\u00e4ns. <strong data-start=\"1576\" data-end=\"1632\">Old St. Croix Non Plus Ultra \u2013 Ambre d\u2019Or Excellence<\/strong> \u00e4r seriens mest eleganta uttryck \u2013 uppkallad efter sin b\u00e4rnstensgyllene gl\u00f6d och inspirerad av den franska traditionen av s\u00f6ta dessertviner. Blenden har lagrats p\u00e5 ekfat som tidigare inneh\u00e5llit just dessa viner, vilket tillf\u00f6r en silkeslen s\u00f6tma och lager p\u00e5 lager av raffinerad komplexitet.<\/p>\n<p data-start=\"1926\" data-end=\"2007\">Smaknoter \u00e4r ingen inneh\u00e5llsf\u00f6rteckning, utan en subjektiv beskrivning av smaken.<\/p>\n<p data-start=\"2009\" data-end=\"2164\"><strong data-start=\"2009\" data-end=\"2017\">Doft<\/strong><br data-start=\"2017\" data-end=\"2020\" \/>Syltade gula plommon med apelsinskal, ljunghonung och en l\u00e4tt aromatisk, br\u00e4nd ton fr\u00e5n ekfaten, sm\u00e5kakor samt en mjuk floral, parfymig \u00f6verton.<\/p>\n<p data-start=\"2166\" data-end=\"2234\"><strong data-start=\"2166\" data-end=\"2174\">Smak<\/strong><br data-start=\"2174\" data-end=\"2177\" \/>Smaken av mogna och aromatiska syltade plommon dominerar.<\/p>\n<p data-start=\"2236\" data-end=\"2309\"><strong data-start=\"2236\" data-end=\"2249\">Eftersmak<\/strong><br data-start=\"2249\" data-end=\"2252\" \/>Smaken av mogna och aromatiska syltade plommon dominerar.<\/p>\n<p data-start=\"2311\" data-end=\"2620\"><strong data-start=\"2311\" data-end=\"2324\">Kommentar<\/strong><br data-start=\"2324\" data-end=\"2327\" \/>En f\u00f6rstklassig spirit drink med ett namn som f\u00f6rpliktigar \u2013 <em data-start=\"2388\" data-end=\"2404\">Non Plus Ultra<\/em> \u00e4r latin och betyder \u201cNothing Further Beyond\u201d och syftar p\u00e5 Herkules stoder, som markerade slutet p\u00e5 den k\u00e4nda v\u00e4rlden. Det finns inget b\u00e4ttre d\u00e4r ute \u2026 h\u00e4r har gr\u00e4nserna f\u00f6r Spirit Drink pressats till det yttersta.<\/p>\n","protected":false},"excerpt":{"rendered":"<p>Premium Aged Spirit Drink<\/p>\n","protected":false},"featured_media":110542,"template":"","meta":{"_acf_changed":false,"rs_blank_template":"","rs_page_bg_color":"","slide_template_v7":""},"product_brand":[],"product_cat":[2387,4634,2391],"product_tag":[],"class_list":{"0":"post-16036","1":"product","2":"type-product","3":"status-publish","4":"has-post-thumbnail","6":"product_cat-avec-sv","7":"product_cat-premium-aged-sv","8":"product_cat-rom-sv","9":"pa_land-tyskland-sv","10":"pa_procent-42-sv","11":"pa_producent-old-st-croix-sv","12":"pa_volume-70-sv-2","14":"first","15":"instock","16":"sale","17":"taxable","18":"shipping-taxable","19":"purchasable","20":"product-type-simple"},"bundled_by":[],"bundle_stock_status":"instock","bundle_stock_quantity":null,"bundle_virtual":false,"bundle_layout":"","bundle_add_to_cart_form_location":"","bundle_editable_in_cart":false,"bundle_sold_individually_context":"","bundle_item_grouping":"","bundle_min_size":"","bundle_max_size":"","bundle_price":[],"bundled_items":[],"bundle_sell_ids":[],"acf":[],"_links":{"self":[{"href":"https:\/\/www.raschvin.com\/sv\/wp-json\/wp\/v2\/product\/16036","targetHints":{"allow":["GET"]}}],"collection":[{"href":"https:\/\/www.raschvin.com\/sv\/wp-json\/wp\/v2\/product"}],"about":[{"href":"https:\/\/www.raschvin.com\/sv\/wp-json\/wp\/v2\/types\/product"}],"wp:featuredmedia":[{"embeddable":true,"href":"https:\/\/www.raschvin.com\/sv\/wp-json\/wp\/v2\/media\/110542"}],"wp:attachment":[{"href":"https:\/\/www.raschvin.com\/sv\/wp-json\/wp\/v2\/media?parent=16036"}],"wp:term":[{"taxonomy":"product_brand","embeddable":true,"href":"https:\/\/www.raschvin.com\/sv\/wp-json\/wp\/v2\/product_brand?post=16036"},{"taxonomy":"product_cat","embeddable":true,"href":"https:\/\/www.raschvin.com\/sv\/wp-json\/wp\/v2\/product_cat?post=16036"},{"taxonomy":"product_tag","embeddable":true,"href":"https:\/\/www.raschvin.com\/sv\/wp-json\/wp\/v2\/product_tag?post=16036"}],"curies":[{"name":"wp","href":"https:\/\/api.w.org\/{rel}","templated":true}]}}