{"id":16035,"date":"2022-05-30T09:00:12","date_gmt":"2022-05-30T07:00:12","guid":{"rendered":"https:\/\/www.raschvin.com\/vare\/a-h-riise-family-reserve-solera-1838-rum\/"},"modified":"2025-12-16T14:04:31","modified_gmt":"2025-12-16T13:04:31","slug":"a-h-riise-family-reserve-solera-1838-rum","status":"publish","type":"product","link":"https:\/\/www.raschvin.com\/sv\/produkt\/a-h-riise-family-reserve-solera-1838-rum\/","title":{"rendered":"Old St. Croix Family Reserve 1838 70 cl. 42%"},"content":{"rendered":"<p data-start=\"902\" data-end=\"1331\"><strong data-start=\"902\" data-end=\"934\">Old St. Croix Family Reserve<\/strong> skapades ursprungligen 2015 till en stor Riise-sl\u00e4kttr\u00e4ff \u2013 ett privat evenemang som h\u00e5lls vart femte \u00e5r. Till en b\u00f6rjan var den f\u00f6rbeh\u00e5llen efterkommande till Albert Heinrich Riise, men idag finns den tillg\u00e4nglig f\u00f6r alla som vill smaka p\u00e5 historien \u2013 och bli en del av den. Detta ultra-premium-blend best\u00e5r av noggrant utvalda fat fr\u00e5n respekterade destillerier i V\u00e4stindien och Centralamerika.<\/p>\n<p data-start=\"1333\" data-end=\"1414\">Smaknoter \u00e4r ingen inneh\u00e5llsf\u00f6rteckning, utan en subjektiv beskrivning av smaken.<\/p>\n<p data-start=\"1416\" data-end=\"1505\"><strong data-start=\"1416\" data-end=\"1424\">Doft<\/strong><br data-start=\"1424\" data-end=\"1427\" \/>F\u00f6rst kanderad frukt, f\u00f6ljt av en kraftfull ton av ljust l\u00e4der och kardemumma.<\/p>\n<p data-start=\"1507\" data-end=\"1582\"><strong data-start=\"1507\" data-end=\"1515\">Smak<\/strong><br data-start=\"1515\" data-end=\"1518\" \/>M\u00f6rka kryddor och en touch av r\u00f6k. Syltat apelsinskal och umami.<\/p>\n<p data-start=\"1584\" data-end=\"1641\"><strong data-start=\"1584\" data-end=\"1597\">Eftersmak<\/strong><br data-start=\"1597\" data-end=\"1600\" \/>Citron- och vaniljkr\u00e4m med en nypa kanel.<\/p>\n<p data-start=\"1643\" data-end=\"1741\"><strong data-start=\"1643\" data-end=\"1656\">Kommentar<\/strong><br data-start=\"1656\" data-end=\"1659\" \/>En spirit drink som kan d\u00e4mpa varje familjeoense \u2013 njuts b\u00e4st i gemenskapens anda!<\/p>\n","protected":false},"excerpt":{"rendered":"<p>Premium Aged Spirit Drink<\/p>\n","protected":false},"featured_media":110539,"template":"","meta":{"_acf_changed":false,"rs_blank_template":"","rs_page_bg_color":"","slide_template_v7":""},"product_brand":[],"product_cat":[2387,4634,2391],"product_tag":[],"class_list":{"0":"post-16035","1":"product","2":"type-product","3":"status-publish","4":"has-post-thumbnail","6":"product_cat-avec-sv","7":"product_cat-premium-aged-sv","8":"product_cat-rom-sv","9":"pa_land-tyskland-sv","10":"pa_procent-42-sv","11":"pa_producent-old-st-croix-sv","12":"pa_volume-70-sv-2","14":"first","15":"instock","16":"sale","17":"taxable","18":"shipping-taxable","19":"purchasable","20":"product-type-simple"},"bundled_by":[],"bundle_stock_status":"instock","bundle_stock_quantity":null,"bundle_virtual":false,"bundle_layout":"","bundle_add_to_cart_form_location":"","bundle_editable_in_cart":false,"bundle_sold_individually_context":"","bundle_item_grouping":"","bundle_min_size":"","bundle_max_size":"","bundle_price":[],"bundled_items":[],"bundle_sell_ids":[],"acf":[],"_links":{"self":[{"href":"https:\/\/www.raschvin.com\/sv\/wp-json\/wp\/v2\/product\/16035","targetHints":{"allow":["GET"]}}],"collection":[{"href":"https:\/\/www.raschvin.com\/sv\/wp-json\/wp\/v2\/product"}],"about":[{"href":"https:\/\/www.raschvin.com\/sv\/wp-json\/wp\/v2\/types\/product"}],"wp:featuredmedia":[{"embeddable":true,"href":"https:\/\/www.raschvin.com\/sv\/wp-json\/wp\/v2\/media\/110539"}],"wp:attachment":[{"href":"https:\/\/www.raschvin.com\/sv\/wp-json\/wp\/v2\/media?parent=16035"}],"wp:term":[{"taxonomy":"product_brand","embeddable":true,"href":"https:\/\/www.raschvin.com\/sv\/wp-json\/wp\/v2\/product_brand?post=16035"},{"taxonomy":"product_cat","embeddable":true,"href":"https:\/\/www.raschvin.com\/sv\/wp-json\/wp\/v2\/product_cat?post=16035"},{"taxonomy":"product_tag","embeddable":true,"href":"https:\/\/www.raschvin.com\/sv\/wp-json\/wp\/v2\/product_tag?post=16035"}],"curies":[{"name":"wp","href":"https:\/\/api.w.org\/{rel}","templated":true}]}}