{"id":16032,"date":"2022-05-30T08:58:49","date_gmt":"2022-05-30T06:58:49","guid":{"rendered":"https:\/\/www.raschvin.com\/vare\/a-h-riise-1888-copenhagen-gold-medal-rum\/"},"modified":"2025-12-16T13:10:35","modified_gmt":"2025-12-16T12:10:35","slug":"a-h-riise-1888-copenhagen-gold-medal-rum","status":"publish","type":"product","link":"https:\/\/www.raschvin.com\/sv\/produkt\/a-h-riise-1888-copenhagen-gold-medal-rum\/","title":{"rendered":"Old St. Croix XO Reserve 1888 Copenhagen Medal 70 cl. 40%"},"content":{"rendered":"<p data-start=\"1075\" data-end=\"1581\">Old St. Croix XO Reserve \u2013 1888 Copenhagen Medal \u00e4r en modern hyllning till det blend som bel\u00f6nades med en medalj vid Den stora nordiska utst\u00e4llningen i K\u00f6penhamn 1888 \u2013 ett stolt \u00f6gonblick f\u00f6r familjen bakom apotekaren Albert Heinrich Riise. I hj\u00e4rtat av den h\u00e4r utg\u00e5van finns extra gamla, dubbeldestillerade fat fr\u00e5n erk\u00e4nda destillerier i V\u00e4stindien och Centralamerika. Blenden har lagrats p\u00e5 ekfat som tidigare inneh\u00e5llit s\u00f6ta dessertviner, vilket ger extra djup, komplexitet och en varm, rik karakt\u00e4r.<\/p>\n<p data-start=\"1583\" data-end=\"1664\">Smaknoter \u00e4r ingen inneh\u00e5llsf\u00f6rteckning, utan en subjektiv beskrivning av smaken.<\/p>\n<p data-start=\"1666\" data-end=\"1722\"><strong data-start=\"1666\" data-end=\"1674\">Doft<\/strong><br data-start=\"1674\" data-end=\"1677\" \/>Mild ek, gammalt l\u00e4der och torkade aprikoser.<\/p>\n<p data-start=\"1724\" data-end=\"1820\"><strong data-start=\"1724\" data-end=\"1732\">Smak<\/strong><br data-start=\"1732\" data-end=\"1735\" \/>Varma kryddor, julkaka och apelsinskal, med ett st\u00e4nk av engelskt vingummi p\u00e5 slutet.<\/p>\n<p data-start=\"1822\" data-end=\"1889\"><strong data-start=\"1822\" data-end=\"1835\">Eftersmak<\/strong><br data-start=\"1835\" data-end=\"1838\" \/>Torkad frukt, gammal ek och en liten ton av sherry.<\/p>\n<p data-start=\"1891\" data-end=\"2009\"><strong data-start=\"1891\" data-end=\"1904\">Kommentar<\/strong><br data-start=\"1904\" data-end=\"1907\" \/>N\u00e4r du smakar den f\u00f6r f\u00f6rsta g\u00e5ngen kommer du att f\u00f6rst\u00e5 varf\u00f6r domarna valde just denna Spirit Drink\u2026<\/p>\n","protected":false},"excerpt":{"rendered":"<p>Premium Aged Spirit Drink<\/p>\n","protected":false},"featured_media":110566,"template":"","meta":{"_acf_changed":false,"rs_blank_template":"","rs_page_bg_color":"","slide_template_v7":""},"product_brand":[],"product_cat":[2387,4634,2391],"product_tag":[],"class_list":{"0":"post-16032","1":"product","2":"type-product","3":"status-publish","4":"has-post-thumbnail","6":"product_cat-avec-sv","7":"product_cat-premium-aged-sv","8":"product_cat-rom-sv","9":"pa_land-tyskland-sv","10":"pa_procent-40-sv-2","11":"pa_producent-old-st-croix-sv","12":"pa_volume-70-sv-2","14":"first","15":"instock","16":"sale","17":"taxable","18":"shipping-taxable","19":"purchasable","20":"product-type-simple"},"bundled_by":[],"bundle_stock_status":"instock","bundle_stock_quantity":null,"bundle_virtual":false,"bundle_layout":"","bundle_add_to_cart_form_location":"","bundle_editable_in_cart":false,"bundle_sold_individually_context":"","bundle_item_grouping":"","bundle_min_size":"","bundle_max_size":"","bundle_price":[],"bundled_items":[],"bundle_sell_ids":[],"acf":[],"_links":{"self":[{"href":"https:\/\/www.raschvin.com\/sv\/wp-json\/wp\/v2\/product\/16032","targetHints":{"allow":["GET"]}}],"collection":[{"href":"https:\/\/www.raschvin.com\/sv\/wp-json\/wp\/v2\/product"}],"about":[{"href":"https:\/\/www.raschvin.com\/sv\/wp-json\/wp\/v2\/types\/product"}],"wp:featuredmedia":[{"embeddable":true,"href":"https:\/\/www.raschvin.com\/sv\/wp-json\/wp\/v2\/media\/110566"}],"wp:attachment":[{"href":"https:\/\/www.raschvin.com\/sv\/wp-json\/wp\/v2\/media?parent=16032"}],"wp:term":[{"taxonomy":"product_brand","embeddable":true,"href":"https:\/\/www.raschvin.com\/sv\/wp-json\/wp\/v2\/product_brand?post=16032"},{"taxonomy":"product_cat","embeddable":true,"href":"https:\/\/www.raschvin.com\/sv\/wp-json\/wp\/v2\/product_cat?post=16032"},{"taxonomy":"product_tag","embeddable":true,"href":"https:\/\/www.raschvin.com\/sv\/wp-json\/wp\/v2\/product_tag?post=16032"}],"curies":[{"name":"wp","href":"https:\/\/api.w.org\/{rel}","templated":true}]}}