{"id":16031,"date":"2025-09-20T08:05:49","date_gmt":"2025-09-20T06:05:49","guid":{"rendered":"https:\/\/www.raschvin.com\/vare\/a-h-riise-175th-anniversary-rum-1838-2013\/"},"modified":"2025-09-20T08:16:12","modified_gmt":"2025-09-20T06:16:12","slug":"a-h-riise-175th-anniversary-rum-1838-2013","status":"publish","type":"product","link":"https:\/\/www.raschvin.com\/sv\/produkt\/a-h-riise-175th-anniversary-rum-1838-2013\/","title":{"rendered":"Old St. Croix XO Reserve 175 Years Anniversary Reserve 70 cl. 42%"},"content":{"rendered":"<p>Old St. Croix XO Reserve 175 Years Anniversary 42% vol.<\/p>\n<p>\u00c5r 2013 var det exakt 175 \u00e5r sedan den danske apotekaren Albert Heinrich Riise slog upp d\u00f6rrarna till sitt apotek p\u00e5 Saint Thomas i Dansk-V\u00e4stindien. Hans passion f\u00f6r destillationskonsten och hans k\u00e4rlek till V\u00e4stindiens r\u00e5varor lade grunden till varum\u00e4rket Old St. Croix. F\u00f6r att markera detta historiska jubileum har v\u00e5r Master Distiller skapat en extraordin\u00e4r blandning \u2013 med respekt f\u00f6r tradition och med fokus p\u00e5 kvalitet.<\/p>\n<p>Smaknoter \u00e4r inte en ingrediensf\u00f6rteckning, utan en subjektiv beskrivning av smaken.<br \/>\nDoft<br \/>\nApelsinmarmelad, shortbread, toffee och vanilj. F\u00f6rst m\u00f6ts vi av svalkande mynta p\u00e5 en bas av karamell och l\u00e4der, som avslutas med en hint av citrus.<br \/>\nSmak<br \/>\nEukalyptus, mogna plommon och en ton av vitt te med bergamottolja.<br \/>\nEftersmak<br \/>\nEn symfoni av l\u00e4der och bergamott.<br \/>\nKommentar<br \/>\nEn h\u00e4rlig flaska sprit som firar en historisk h\u00e4ndelse \u2013 ett dram man kommer att tycka om!<\/p>\n","protected":false},"excerpt":{"rendered":"<p>Premium Aged Spirit Drink<\/p>\n","protected":false},"featured_media":97961,"template":"","meta":{"_acf_changed":false,"rs_blank_template":"","rs_page_bg_color":"","slide_template_v7":""},"product_brand":[],"product_cat":[2387,4634,2391],"product_tag":[],"class_list":{"0":"post-16031","1":"product","2":"type-product","3":"status-publish","4":"has-post-thumbnail","6":"product_cat-avec-sv","7":"product_cat-premium-aged-sv","8":"product_cat-rom-sv","9":"pa_land-tyskland-sv","10":"pa_procent-42-sv","11":"pa_producent-old-st-croix-sv","12":"pa_volume-70-sv-2","14":"first","15":"instock","16":"sale","17":"taxable","18":"shipping-taxable","19":"purchasable","20":"product-type-simple"},"bundled_by":[],"bundle_stock_status":"instock","bundle_stock_quantity":null,"bundle_virtual":false,"bundle_layout":"","bundle_add_to_cart_form_location":"","bundle_editable_in_cart":false,"bundle_sold_individually_context":"","bundle_item_grouping":"","bundle_min_size":"","bundle_max_size":"","bundle_price":[],"bundled_items":[],"bundle_sell_ids":[],"acf":[],"_links":{"self":[{"href":"https:\/\/www.raschvin.com\/sv\/wp-json\/wp\/v2\/product\/16031","targetHints":{"allow":["GET"]}}],"collection":[{"href":"https:\/\/www.raschvin.com\/sv\/wp-json\/wp\/v2\/product"}],"about":[{"href":"https:\/\/www.raschvin.com\/sv\/wp-json\/wp\/v2\/types\/product"}],"wp:featuredmedia":[{"embeddable":true,"href":"https:\/\/www.raschvin.com\/sv\/wp-json\/wp\/v2\/media\/97961"}],"wp:attachment":[{"href":"https:\/\/www.raschvin.com\/sv\/wp-json\/wp\/v2\/media?parent=16031"}],"wp:term":[{"taxonomy":"product_brand","embeddable":true,"href":"https:\/\/www.raschvin.com\/sv\/wp-json\/wp\/v2\/product_brand?post=16031"},{"taxonomy":"product_cat","embeddable":true,"href":"https:\/\/www.raschvin.com\/sv\/wp-json\/wp\/v2\/product_cat?post=16031"},{"taxonomy":"product_tag","embeddable":true,"href":"https:\/\/www.raschvin.com\/sv\/wp-json\/wp\/v2\/product_tag?post=16031"}],"curies":[{"name":"wp","href":"https:\/\/api.w.org\/{rel}","templated":true}]}}