{"id":16030,"date":"2025-07-23T10:40:49","date_gmt":"2025-07-23T08:40:49","guid":{"rendered":"https:\/\/www.raschvin.com\/vare\/plantation-x-o-20th-anniv-giftpack\/"},"modified":"2025-07-23T10:41:43","modified_gmt":"2025-07-23T08:41:43","slug":"plantation-x-o-20th-anniv-giftpack","status":"publish","type":"product","link":"https:\/\/www.raschvin.com\/sv\/produkt\/plantation-x-o-20th-anniv-giftpack\/","title":{"rendered":"Planteray Rum \u2013 XO Extra Old 20th Anniversary Gift Pack 70 cl. + 2 Glasses 40%"},"content":{"rendered":"<p>Planteray XO 20th Anniversary \u00e4r en lyxig och elegant rom, framtagen f\u00f6r att fira Alexandre Gabriels 20 \u00e5r vid rodret f\u00f6r Maison Ferrand. Rommen \u00e4r destillerad p\u00e5 Barbados med b\u00e5de kolonn- och pot still, och har lagrats mellan 8 och 15 \u00e5r p\u00e5 bourbonfat under tropiska f\u00f6rh\u00e5llanden.<\/p>\n<p>D\u00e4refter transporteras rommen till Frankrike f\u00f6r en andra mognad i franska ekfat som tidigare inneh\u00e5llit cognac. Denna dubbellagring ger rommen en fantastisk komplexitet och sammetslen struktur.<\/p>\n<p>Doften \u00e4r fyllig och inbjudande, med tydliga inslag av vanilj, rostad kokos, mogen banan, mango och torkad frukt. Underliggande toner av kakao och kryddor som kanel ger djup och karakt\u00e4r.<\/p>\n<p>Smaken \u00e4r mjuk, rik och gener\u00f6st s\u00f6t. H\u00e4r m\u00f6ts toffee, karamell, bananchips, kokos och mj\u00f6lkchoklad i en harmonisk balans med ek och kryddor. Den naturliga s\u00f6tman f\u00f6rst\u00e4rks av en tillsats p\u00e5 cirka 20 g socker per liter, vilket ger en rund och behaglig munk\u00e4nsla.<\/p>\n<p>Eftersmaken \u00e4r l\u00e5ng, varm och kryddig, med toner av apelsinskal, rostad ek, vanilj och choklad som dr\u00f6jer sig kvar l\u00e4nge.<\/p>\n<p>Med en alkoholhalt p\u00e5 40\u202f% \u00e4r detta en rom som \u00e4r perfekt att njuta av l\u00e5ngsamt \u2013 antingen ren eller med en isbit. Den \u00e4r l\u00e4ttillg\u00e4nglig men \u00e4nd\u00e5 komplex och ger en uts\u00f6kt introduktion till vad en rom i premiumklassen kan erbjuda.<\/p>\n","protected":false},"excerpt":{"rendered":"<p>Product of Barbados \u2013 Bottled by Maison Ferrand<\/p>\n","protected":false},"featured_media":93482,"template":"","meta":{"_acf_changed":false,"rs_blank_template":"","rs_page_bg_color":"","slide_template_v7":""},"product_brand":[],"product_cat":[2387,2754,2753,8359,4634,2391],"product_tag":[],"class_list":{"0":"post-16030","1":"product","2":"type-product","3":"status-publish","4":"has-post-thumbnail","6":"product_cat-avec-sv","7":"product_cat-foeretagspresenter","8":"product_cat-gaavor","9":"product_cat-planteray-sv","10":"product_cat-premium-aged-sv","11":"product_cat-rom-sv","12":"pa_land-barbados-sv","13":"pa_procent-40-sv-2","14":"pa_producent-maison-ferrand-sv","15":"pa_volume-70-sv-2","17":"first","18":"instock","19":"sale","20":"taxable","21":"shipping-taxable","22":"purchasable","23":"product-type-simple"},"bundled_by":[],"bundle_stock_status":"instock","bundle_stock_quantity":null,"bundle_virtual":false,"bundle_layout":"","bundle_add_to_cart_form_location":"","bundle_editable_in_cart":false,"bundle_sold_individually_context":"","bundle_item_grouping":"","bundle_min_size":"","bundle_max_size":"","bundle_price":[],"bundled_items":[],"bundle_sell_ids":[],"acf":[],"_links":{"self":[{"href":"https:\/\/www.raschvin.com\/sv\/wp-json\/wp\/v2\/product\/16030","targetHints":{"allow":["GET"]}}],"collection":[{"href":"https:\/\/www.raschvin.com\/sv\/wp-json\/wp\/v2\/product"}],"about":[{"href":"https:\/\/www.raschvin.com\/sv\/wp-json\/wp\/v2\/types\/product"}],"wp:featuredmedia":[{"embeddable":true,"href":"https:\/\/www.raschvin.com\/sv\/wp-json\/wp\/v2\/media\/93482"}],"wp:attachment":[{"href":"https:\/\/www.raschvin.com\/sv\/wp-json\/wp\/v2\/media?parent=16030"}],"wp:term":[{"taxonomy":"product_brand","embeddable":true,"href":"https:\/\/www.raschvin.com\/sv\/wp-json\/wp\/v2\/product_brand?post=16030"},{"taxonomy":"product_cat","embeddable":true,"href":"https:\/\/www.raschvin.com\/sv\/wp-json\/wp\/v2\/product_cat?post=16030"},{"taxonomy":"product_tag","embeddable":true,"href":"https:\/\/www.raschvin.com\/sv\/wp-json\/wp\/v2\/product_tag?post=16030"}],"curies":[{"name":"wp","href":"https:\/\/api.w.org\/{rel}","templated":true}]}}